{"id":11,"date":"2018-05-18T10:45:52","date_gmt":"2018-05-18T03:45:52","guid":{"rendered":"http:\/\/localhost\/wordpress\/daninox\/?page_id=11"},"modified":"2019-12-14T14:43:04","modified_gmt":"2019-12-14T07:43:04","slug":"ho-so-nang-luc","status":"publish","type":"page","link":"https:\/\/dankhonggianinox.com\/vi\/ho-so-nang-luc\/","title":{"rendered":"H\u1ed3 s\u01a1 n\u0103ng l\u1ef1c"},"content":{"rendered":"<p><\/p>\n<h1><span style=\"font-size: 14pt;\">H\u1ed3 s\u01a1 n\u0103ng l\u1ef1c. Thi\u1ebft k\u1ebf thi c\u00f4ng gi\u00e0n kh\u00f4ng gian.<\/span><\/h1>\n<p><span style=\"font-size: 14pt;\">H\u1ed3 s\u01a1 n\u0103ng l\u1ef1c. Thi\u1ebft k\u1ebf thi c\u00f4ng gi\u00e0n kh\u00f4ng gian. Gi\u00e0n kh\u00f4ng gian m\u00e1i k\u00ednh c\u01b0\u1eddng l\u1ef1c. C\u00f4ng Ty C\u1ed5 Ph\u1ea7n TINTA Vi\u1ec7t Nam. V\u1edbi H\u1ed3 s\u01a1 n\u0103ng l\u1ef1c. Thi\u1ebft k\u1ebf thi c\u00f4ng gi\u00e0n kh\u00f4ng gian. S\u1ea3n ph\u1ea9m dan khong gian v\u1edbi ti\u00eau chu\u1ea9n xu\u1ea5t kh\u1ea9u. C\u00e1c lo\u1ea1i gi\u00e0n kh\u00f4ng gian s\u1eaft, d\u00e0n kh\u00f4ng gian inox. C\u00f9ng v\u1edbi nhi\u1ec1u s\u1ea3n ph\u1ea9m c\u01a1 kh\u00ed v\u00e0 s\u1ea3n ph\u1ea9m inox cao c\u1ea5p kh\u00e1c. Nh\u00e0 m\u00e1y s\u1ea3n xu\u1ea5t gia c\u00f4ng t\u1ea1i L\u00f4 3, \u0111\u01b0\u1eddng s\u1ed1 10, khu c\u00f4ng nghi\u1ec7p S\u00f3ng Th\u1ea7n 1, th\u1ecb x\u00e3 D\u0129 An, t\u1ec9nh B\u00ecnh D\u01b0\u01a1ng. Vi\u1ec7t Nam.<\/span><\/p>\n<p><span style=\"font-size: 14pt;\">H\u1ed3 s\u01a1 n\u0103ng l\u1ef1c. Thi\u1ebft k\u1ebf thi c\u00f4ng gi\u00e0n kh\u00f4ng gian. <a href=\"https:\/\/www.dankhonggianinox.com\" target=\"_blank\" rel=\"noopener noreferrer\"><strong>Thi cong gian khong gian<\/strong><\/a> inox 304. Thi\u1ebft k\u1ebf, s\u1ea3n xu\u1ea5t, cung c\u1ea5p l\u1eafp \u0111\u1ea1t v\u00e0 <a href=\"https:\/\/dankhonggianinox.com\/\" target=\"_blank\" rel=\"noopener noreferrer\"><span style=\"color: #ff9900;\">t<strong><span style=\"color: #ff9900;\">hi<\/span> c\u00f4ng gi\u00e0n kh\u00f4ng gian<\/strong><\/span><\/a> c\u00e1c lo\u1ea1i.\u00a0Ph\u1ee5c v\u1ee5 c\u00e1c c\u00f4ng tr\u00ecnh \u0111\u1eb3ng c\u1ea5p cao t\u1ea1i Vi\u1ec7t Nam. TINTA lu\u00f4n l\u00e0 nh\u00e0 s\u1ea3n xu\u1ea5t v\u00e0 cung c\u1ea5p h\u00e0ng \u0111\u1ea7u Vi\u1ec7t Nam v\u1ec1 l\u0129nh v\u1ef1c c\u01a1 kh\u00ed inox, s\u1eaft th\u00e9p. S\u1ea3n ph\u1ea9m <strong><a href=\"http:\/\/giankhonggianinox.com\" target=\"_blank\" rel=\"noopener noreferrer\">gian khong gian inox<\/a><\/strong> l\u00e0 m\u1ed9t trong nh\u1eefng s\u1ea3n ph\u1ea9m ti\u00ean phong c\u1ee7a TINTA.\u00a0<span style=\"color: #ffffff; font-size: 8pt;\">H\u1ed3 s\u01a1 n\u0103ng l\u1ef1c. Thi\u1ebft k\u1ebf thi c\u00f4ng gi\u00e0n kh\u00f4ng gian.<\/span><\/span><\/p>\n<h2><span style=\"font-size: 14pt;\">B\u1ea1n c\u00f3 bi\u1ebft v\u1ec1\u00a0H\u1ed3 s\u01a1 n\u0103ng l\u1ef1c. Thi\u1ebft k\u1ebf thi c\u00f4ng gi\u00e0n kh\u00f4ng gian.<\/span><\/h2>\n<p><span style=\"font-size: 14pt;\">V\u1edbi nh\u1eefng c\u00f4ng tr\u00ecnh t\u1ea7m v\u00f3c qu\u1ed1c gia nh\u01b0 c\u00f4ng tr\u00ecnh d\u1ef1 \u00e1n n\u00e2ng c\u1ea5p m\u1edf r\u1ed9ng qu\u1ed1c l\u1ed9 22 t\u1eeb ng\u00e3 t\u01b0 An S\u01b0\u01a1ng th\u00e0nh ph\u1ed1 H\u1ed3 Ch\u00ed Minh \u0111i c\u1eeda kh\u1ea9u M\u1ed9c B\u00e0i T\u00e2y Ninh v\u00e0 sang n\u01b0\u1edbc b\u1ea1n C\u0103m Pu Chia.\u00a0 ( Cambodia ). D\u1ef1 \u00e1n 30 ng\u00e0n t\u1ef7 do Th\u1ee7 T\u01b0\u1edbng ph\u00ea duy\u1ec7t. Trong g\u00f3i d\u1ef1 \u00e1n n\u00e0y c\u00f3 h\u1ea1ng m\u1ee5c thi c\u00f4ng m\u00e1i \u0111\u00f3n <a href=\"https:\/\/www.dankhonggianinox.com\" target=\"_blank\" rel=\"noopener noreferrer\"><span style=\"color: #ff6600;\">gi\u00e0n kh\u00f4ng gian<\/span><\/a> cho khu ki\u1ec3m so\u00e1t c\u1ee7a kh\u1ea9u M\u1ed9c B\u00e0i T\u00e2y Ninh.\u00a0C\u00f4ng Ty C\u1ed5 Ph\u1ea7n TINTA Vi\u1ec7t Nam. \u0110\u00e3 tham gia thi\u1ebft k\u1ebf v\u00e0 thi c\u00f4ng l\u1eafp \u0111\u1eb7t ho\u00e0n thi\u1ec7n c\u00f4ng tr\u00ecnh n\u00e0y, Hi\u1ec7n h\u1ea1ng m\u1ee5c c\u00f4ng tr\u00ecnh \u0111\u00e3 \u0111\u01b0\u1ee3c \u0111\u01b0a v\u00e0 s\u1eed d\u1ee5ng \u0111\u1ea1t ti\u1ebfn \u0111\u1ed9 v\u00e0 \u0111\u1ea1t y\u00eau c\u1ea7u k\u1ef9 thu\u1eadt.<\/span><\/p>\n<p><span style=\"font-size: 14pt;\">H\u1ed3 s\u01a1 n\u0103ng l\u1ef1c. Thi\u1ebft k\u1ebf thi c\u00f4ng gi\u00e0n kh\u00f4ng gian. C\u00f4ng ty <strong><a href=\"http:\/\/www.tinta.vn\" target=\"_blank\" rel=\"noopener noreferrer\">TINTA<\/a><\/strong>. Chuy\u00ean n\u00f4m trong ng\u00e0nh x\u00e2y d\u1ef1ng. X\u00e2y l\u1eafp c\u00e1c k\u1ebft c\u1ea5u th\u00e9p v\u00e0 k\u1ebft c\u1ea5u gi\u00e0n kh\u00f4ng gian.\u00a0C\u00f4ng Ty C\u1ed5 Ph\u1ea7n TINTA Vi\u1ec7t Nam. V\u1edbi \u0111\u1ed9i ng\u0169 k\u1ef9 s\u01b0 thi\u1ebft k\u1ebf chuy\u00ean m\u00f4n s\u00e2u r\u1ed9ng. \u0110\u00e3 t\u1eebng tr\u1ef1c ti\u1ebfp ch\u1ec9 huy thi c\u00f4ng v\u00e0 gi\u00e1m s\u00e1t thi c\u00f4ng t\u1ea1i nhi\u1ec1u c\u00f4ng tr\u00ecnh l\u1edbn. Gi\u00e0n kh\u00f4ng gian cho c\u00e1c khu li\u00ean h\u1ee3p. D\u00e0n m\u00e1i \u0111\u00f3n kh\u00f4ng gian cho c\u00e1c khu c\u1ea3ng bi\u1ec3n. Trong \u0111\u00f3 c\u00f3 c\u1ea3ng bi\u1ec3n qu\u1ed1c t\u1ebf Yangon \u1edf\u00a0Myanmar ( Myanmar Port of Yangon ).<\/span><\/p>\n<a href=\"http:\/\/giankhonggianinox.com\"><\/a> <span style=\"font-size: 14pt;\">H\u1ed3 s\u01a1 n\u0103ng l\u1ef1c. Thi\u1ebft k\u1ebf thi c\u00f4ng gi\u00e0n kh\u00f4ng gian.<\/span>\n<h3 style=\"text-align: center;\"><span style=\"font-size: 14pt;\">Nh\u1eefng h\u00ecnh \u1ea3nh v\u1ec1 H\u1ed3 s\u01a1 n\u0103ng l\u1ef1c. Thi\u1ebft k\u1ebf thi c\u00f4ng gi\u00e0n kh\u00f4ng gian.<\/span><\/h3>\n<p><span style=\"font-size: 14pt;\">T\u1eeb nh\u1eefng kinh nghi\u1ec7m th\u1ef1c t\u1ebf \u0111\u00f3. Ban gi\u00e1m \u0111\u1ed1c v\u00e0 c\u00e1c k\u1ef9 s\u01b0 c\u1ee7a TINTA lu\u00f4n mong mu\u1ed1n v\u1edbi\u00a0H\u1ed3 s\u01a1 n\u0103ng l\u1ef1c. Thi\u1ebft k\u1ebf thi c\u00f4ng gi\u00e0n kh\u00f4ng gian. TINTA s\u1ebd cung c\u1ea5p cho kh\u00e1ch h\u00e0ng v\u1ec1 m\u1ee5c t\u01b0 v\u1ea5n thi\u1ebft k\u1ebf xu\u1ea5t s\u1eafc nh\u1ea5t. Ti\u1ebft ki\u1ec7m chi ph\u00ed nh\u1ea5t v\u1edbi ph\u01b0\u01a1ng \u00e1n kh\u1ea3 thi nh\u1ea5t. Vi\u1ec7c t\u01b0 v\u1ea5n v\u1edbi\u00a0H\u1ed3 s\u01a1 n\u0103ng l\u1ef1c. Thi\u1ebft k\u1ebf thi c\u00f4ng gi\u00e0n kh\u00f4ng gian. T\u01b0 v\u1ea5n v\u00e0 thi\u1ebft k\u1ebf ho\u00e0n to\u00e0n mi\u1ec5n ph\u00ed.\u00a0<span style=\"color: #ffffff; font-size: 8pt;\">H\u1ed3 s\u01a1 n\u0103ng l\u1ef1c. Thi\u1ebft k\u1ebf thi c\u00f4ng gi\u00e0n kh\u00f4ng gian.<\/span><\/span><\/p>\n<p><span style=\"font-size: 14pt;\">H\u1ed3 s\u01a1 n\u0103ng l\u1ef1c. Thi\u1ebft k\u1ebf thi c\u00f4ng gi\u00e0n kh\u00f4ng gian.\u00a0Nhi\u1ec1u n\u0103m trong ng\u00e0nh x\u00e2y d\u1ef1ng. \u0110\u00e3 t\u1eebng l\u00e0m vi\u1ec7c v\u1edbi nhi\u1ec1u \u0111\u1ed1i t\u00e1c qu\u1ed1c t\u1ebf nh\u01b0 T\u1eadp \u0110o\u00e0n PENTA RINKIA c\u1ee7a Nh\u1eadt B\u1ea3n. Nh\u1eefng c\u00f4ng tr\u00ecnh qu\u1ed1c t\u1ebf t\u1ea1i Vi\u1ec7t Nam nh\u01b0 C\u1ea3ng Qu\u1ed1c T\u1ebf C\u00e1i M\u00e9p. C\u1ea3ng Th\u1ecb V\u1ea3i. Thu\u1ed9c B\u00e0 R\u1ecba V\u0169ng T\u00e0u. Kinh nghi\u1ec7m h\u1ee3p t\u00e1c v\u1edbi nh\u1eefng \u0111\u1ed1i t\u00e1c qu\u1ed1c t\u1ebf l\u1edbn. \u0110\u00f3 nh\u01b0 nh\u1eefng b\u00e0i h\u1ecdc th\u1ef1c t\u1ebf qu\u00fd gi\u00e1 m\u00e0 kh\u00f4ng ph\u1ea3i nh\u00e0 cung c\u1ea5p t\u1ea1i Vi\u1ec7t Nam n\u00e0o c\u0169ng c\u00f3 \u0111\u01b0\u1ee3c.\u00a0<\/span><\/p>\n<h4><span style=\"font-size: 14pt;\">TINTA. Kinh nghi\u1ec7m Qu\u1ed1c T\u1ebf.\u00a0H\u1ed3 s\u01a1 n\u0103ng l\u1ef1c. Thi\u1ebft k\u1ebf thi c\u00f4ng gi\u00e0n kh\u00f4ng gian.<\/span><\/h4>\n<p><span style=\"font-size: 14pt;\">Kinh nghi\u1ec7m Qu\u1ed1c T\u1ebf.\u00a0H\u1ed3 s\u01a1 n\u0103ng l\u1ef1c. Thi\u1ebft k\u1ebf thi c\u00f4ng gi\u00e0n kh\u00f4ng gian. V\u1edbi nh\u1eefng kinh nghi\u1ec7m tr\u1ea3i qua c\u00e1c c\u00f4ng tr\u00ecnh qu\u1ed1c t\u1ebf. C\u00f4ng ty TINTA \u0111\u00e3 v\u00e0 \u0111ang \u0111\u1ea3m nh\u1eadn thi\u1ebft k\u1ebf, t\u01b0 v\u1ea5n v\u00e0 thi c\u00f4ng l\u1eafp d\u1ef1ng nhi\u1ec1u c\u00f4ng tr\u00ecnh l\u1edbn. \u0110\u1ea3m b\u1ea3o \u0111\u1ea7y \u0111\u1ee7 v\u00e0 \u0111\u00fang c\u00e1c ti\u00eau ch\u00ed kh\u1eaft khe v\u1edbi m\u00f4i tr\u01b0\u1eddng v\u00e0 n\u0103ng l\u1ef1c qu\u1ed1c t\u1ebf c\u1ea1nh tranh gay g\u1eaft v\u00e0 \u00e1p l\u1ee9c c\u00f4ng vi\u1ec7c cao c\u0169ng nh\u01b0 \u0111\u00f2i h\u1ecfi \u0111\u1ed9 ch\u00ednh x\u00e1c g\u1ea7n nh\u01b0 tuy\u1ec7t \u0111\u1ed1i c\u1ee7a c\u00e1c chi ti\u1ebft k\u1ebft c\u1ea5u.<\/span><\/p>\n<p><span style=\"font-size: 14pt;\">Nh\u1eefng k\u1ef9 s\u01b0 v\u1edbi th\u1ef1c t\u1ebf c\u00f4ng tr\u00ecnh v\u1edbi c\u00e1c \u0111\u1ed1i t\u00e1c trong v\u00e0 ngo\u00e0i n\u01b0\u1edbc. \u0110\u00e3 t\u1ea1o n\u00ean m\u1ed9t th\u01b0\u01a1ng hi\u1ec7u TINTA v\u1edbi \u0111\u1eb3ng c\u1ea5p qu\u1ed1c t\u1ebf. N\u0103ng l\u1ef1c v\u00e0 kinh nghi\u1ec7m thi c\u00f4ng t\u1ed1t. \u0110\u1ea3m b\u1ea3o b\u1ed9\u00a0<span style=\"font-size: 14pt;\"><a href=\"https:\/\/www.dankhonggianinox.com\" target=\"_blank\" rel=\"noopener noreferrer\">H\u1ed3 s\u01a1 n\u0103ng l\u1ef1c<\/a>. Thi\u1ebft k\u1ebf thi c\u00f4ng gi\u00e0n kh\u00f4ng gian. \u0110\u00e1p \u1ee9ng c\u00e1c ti\u00eau ch\u00ed c\u1ee7a c\u00e1c \u0111\u1ed1i t\u00e1c qu\u1ed1c t\u1ebf.\u00a0<\/span>Gi\u00e1 th\u00e0nh s\u1ea3n xu\u1ea5t t\u1ea1i Vi\u1ec7t Nam v\u1eabn \u0111ang c\u00f3 nhi\u1ec1u l\u1ee3i th\u1ebf b\u1edfi nh\u00e2n c\u00f4ng r\u1ebb. <span style=\"font-size: 14pt;\">H\u1ed3 s\u01a1 n\u0103ng l\u1ef1c. Thi\u1ebft k\u1ebf thi c\u00f4ng gi\u00e0n kh\u00f4ng gian.<\/span>\u00a0<\/span><\/p>\n<p><span style=\"font-size: 14pt;\">\u0110\u1ed1i v\u1edbi c\u00e1c c\u00f4ng ty Vi\u1ec7t Nam trong \u0111\u00f3 c\u00f3 TINTA l\u00e0 \u0111\u01a1n v\u1ecb ti\u00ean phong, \u0111\u00e3 v\u00e0 \u0111ang c\u1ea1nh tranh m\u1ea1nh m\u1ebd v\u1edbi c\u00e1c c\u00f4ng ty n\u01b0\u1edbc ngo\u00e0i. Khi cung c\u1ea5p \u0111\u1ebfn \u0111\u1ed1i t\u00e1c qu\u1ed1c t\u1ebf v\u1edbi\u00a0H\u1ed3 s\u01a1 n\u0103ng l\u1ef1c. Thi\u1ebft k\u1ebf thi c\u00f4ng gi\u00e0n kh\u00f4ng gian. C\u00f9ng nh\u1eefng kinh nghi\u1ec7m v\u1edbi c\u00e1c c\u00f4ng tr\u00ecnh l\u1edbn \u0111\u00e3 thi c\u00f4ng. C\u00f4ng ty TINTA lu\u00f4n l\u00e0 \u0111\u1ed1i t\u00e1c \u0111\u01b0\u1ee3c ch\u00e0o \u0111\u00f3n.\u00a0<span style=\"font-size: 8pt; color: #ffffff;\">H\u1ed3 s\u01a1 n\u0103ng l\u1ef1c. Thi\u1ebft k\u1ebf thi c\u00f4ng gi\u00e0n kh\u00f4ng gian.<\/span><\/span><\/p>\n<h5><span style=\"font-size: 14pt;\">C\u00f4ng ty Inox TINTA.\u00a0<\/span><span style=\"font-size: 14pt;\">H\u1ed3 s\u01a1 n\u0103ng l\u1ef1c. Thi\u1ebft k\u1ebf thi c\u00f4ng gi\u00e0n kh\u00f4ng gian.<\/span><\/h5>\n<p><span style=\"font-size: 14pt;\">Kh\u00f4ng nh\u1eefng v\u1edbi\u00a0H\u1ed3 s\u01a1 n\u0103ng l\u1ef1c. Thi\u1ebft k\u1ebf thi c\u00f4ng gi\u00e0n kh\u00f4ng gian. C\u00f4ng ty Inox TINTA c\u00f2n s\u1ea3n xu\u1ea5t gia c\u00f4ng nhi\u1ec1u s\u1ea3n ph\u1ea9m inox cao c\u1ea5p kh\u00e1c xu\u1ea5t kh\u1ea9u. Kh\u00e1ch h\u00e0ng th\u01b0\u1eddng xuy\u00ean c\u1ee7a TINTA nh\u1eefng n\u0103m g\u1ea7n \u0111\u00e2y l\u00e0 c\u00e1c \u0111\u1ed1i \u0111\u1ebfn t\u1eeb Nh\u1eadt B\u1ea3n. S\u1ea3n ph\u1ea9m v\u00e0 ch\u1ea5t l\u01b0\u1ee3ng c\u0169ng nh\u01b0 ti\u1ebfn \u0111\u1ed9 \u0111\u1ed1i v\u1edbi c\u00e1c \u0111\u01a1n h\u00e0ng m\u00e0 \u0111\u1ed1i t\u00e1c l\u00e0 ng\u01b0\u1eddi Nh\u1eadt B\u1ea3n th\u00ec g\u1ea7n nh\u01b0 kh\u00f4ng cho ph\u00e9p sai s\u1ed1 hay b\u1ea5t k\u1ef3 s\u1ef1 tr\u00ec ho\u00e3n n\u00e0o v\u1ec1 th\u1eddi gian.\u00a0<span style=\"font-size: 8pt; color: #ffffff;\">H\u1ed3 s\u01a1 n\u0103ng l\u1ef1c. Thi\u1ebft k\u1ebf thi c\u00f4ng gi\u00e0n kh\u00f4ng gian.<\/span><\/span><\/p>\n<p><span style=\"font-size: 14pt;\">H\u1ed3 s\u01a1 n\u0103ng l\u1ef1c. Thi\u1ebft k\u1ebf thi c\u00f4ng gi\u00e0n kh\u00f4ng gian. Gian khong gian inox tinta:<span style=\"color: #ffffff;\">.<\/span> Hotlines: 028 66736186;<span style=\"color: #ffffff;\">.<\/span> 0987636779;<span style=\"color: #ffffff;\">.<\/span>\u00a0 Email: tinta@tinta.vn;. inoxtinta@gmail.com.<\/span><\/p>\n<p><span style=\"color: #ff00ff; font-size: 14pt;\"><strong>H\u1ed3 s\u01a1 n\u0103ng l\u1ef1c. Thi\u1ebft k\u1ebf thi c\u00f4ng gi\u00e0n kh\u00f4ng gian. <span style=\"font-size: 18pt;\"><a href=\"https:\/\/drive.google.com\/file\/d\/19pQZ6t8_kTLCQ4_fvcdcyMKqm7d49Nzj\/view?usp=sharing\" target=\"_blank\" rel=\"noopener noreferrer\"><span style=\"color: #0000ff;\">Xem chi ti\u1ebft T\u1ea0I \u0110\u00c2Y &gt;&gt;&gt;<\/span><\/a>.<\/span><\/strong><\/span><\/p>\n<p><span style=\"color: #008000;\"><span style=\"font-size: 14pt;\"><strong>H\u1ed3 s\u01a1 n\u0103ng l\u1ef1c. Thi\u1ebft k\u1ebf thi c\u00f4ng gi\u00e0n kh\u00f4ng gian.\u00a0<\/strong><\/span><a href=\"https:\/\/drive.google.com\/file\/d\/1bwzbGbTVVgaqE-FmNJmSVgZk7v6vtZfc\/view?usp=sharing\" target=\"_blank\" rel=\"noopener noreferrer\"><span style=\"color: #ff6600; font-size: 24pt;\"><strong>T\u1ea3i v\u1ec1 T\u1ea0I \u0110\u00c2Y &gt;&gt;&gt;.<\/strong><\/span><\/a><\/span><\/p>\n<p><span style=\"font-size: 14pt;\"><span style=\"font-size: 8pt; color: #ffffff;\">H\u1ed3 s\u01a1 n\u0103ng l\u1ef1c. Thi\u1ebft k\u1ebf thi c\u00f4ng gi\u00e0n kh\u00f4ng gian.<\/span><\/span><\/p>","protected":false},"excerpt":{"rendered":"<p>H\u1ed3 s\u01a1 n\u0103ng l\u1ef1c. Thi\u1ebft k\u1ebf thi c\u00f4ng gi\u00e0n kh\u00f4ng gian. H\u1ed3 s\u01a1 n\u0103ng l\u1ef1c. Thi\u1ebft k\u1ebf thi c\u00f4ng gi\u00e0n kh\u00f4ng gian. Gi\u00e0n kh\u00f4ng gian m\u00e1i k\u00ednh c\u01b0\u1eddng l\u1ef1c. C\u00f4ng&#8230;<\/p>\n","protected":false},"author":1,"featured_media":19,"parent":0,"menu_order":0,"comment_status":"closed","ping_status":"closed","template":"","meta":{"footnotes":""},"class_list":["post-11","page","type-page","status-publish","has-post-thumbnail","hentry"],"yoast_head":"<!-- This site is optimized with the Yoast SEO plugin v24.9 - https:\/\/yoast.com\/wordpress\/plugins\/seo\/ -->\n<title>H\u1ed3 s\u01a1 n\u0103ng l\u1ef1c. Thi\u1ebft k\u1ebf thi c\u00f4ng gi\u00e0n kh\u00f4ng gian. Inox 304.<\/title>\n<meta name=\"description\" content=\"H\u1ed3 s\u01a1 n\u0103ng l\u1ef1c. Thi\u1ebft k\u1ebf thi c\u00f4ng gi\u00e0n kh\u00f4ng gian. Gi\u00e0n kh\u00f4ng gian m\u00e1i k\u00ednh c\u01b0\u1eddng l\u1ef1c. C\u00f4ng Ty C\u1ed5 Ph\u1ea7n TINTA Vi\u1ec7t Nam. S\u1ea3n ph\u1ea9m dan khong gian v\u1edbi ti\u00eau chu\u1ea9n xu\u1ea5t kh\u1ea9u. Gi\u00e0n kh\u00f4ng gian s\u1eaft, d\u00e0n kh\u00f4ng gian inox. Nh\u00e0 m\u00e1y t\u1ea1i L\u00f4 3, \u0111\u01b0\u1eddng s\u1ed1 10, khu c\u00f4ng nghi\u1ec7p S\u00f3ng Th\u1ea7n 1, th\u1ecb x\u00e3 D\u0129 An, t\u1ec9nh B\u00ecnh D\u01b0\u01a1ng. Vi\u1ec7t Nam.\" \/>\n<meta name=\"robots\" content=\"index, follow, max-snippet:-1, max-image-preview:large, max-video-preview:-1\" \/>\n<link rel=\"canonical\" href=\"https:\/\/dankhonggianinox.com\/profile\/\" \/>\n<meta property=\"og:locale\" content=\"vi_VN\" \/>\n<meta property=\"og:type\" content=\"article\" \/>\n<meta property=\"og:title\" content=\"H\u1ed3 s\u01a1 n\u0103ng l\u1ef1c. Thi\u1ebft k\u1ebf thi c\u00f4ng gi\u00e0n kh\u00f4ng gian. Inox 304.\" \/>\n<meta property=\"og:description\" content=\"H\u1ed3 s\u01a1 n\u0103ng l\u1ef1c. Thi\u1ebft k\u1ebf thi c\u00f4ng gi\u00e0n kh\u00f4ng gian. Gi\u00e0n kh\u00f4ng gian m\u00e1i k\u00ednh c\u01b0\u1eddng l\u1ef1c. C\u00f4ng Ty C\u1ed5 Ph\u1ea7n TINTA Vi\u1ec7t Nam. S\u1ea3n ph\u1ea9m dan khong gian v\u1edbi ti\u00eau chu\u1ea9n xu\u1ea5t kh\u1ea9u. Gi\u00e0n kh\u00f4ng gian s\u1eaft, d\u00e0n kh\u00f4ng gian inox. Nh\u00e0 m\u00e1y t\u1ea1i L\u00f4 3, \u0111\u01b0\u1eddng s\u1ed1 10, khu c\u00f4ng nghi\u1ec7p S\u00f3ng Th\u1ea7n 1, th\u1ecb x\u00e3 D\u0129 An, t\u1ec9nh B\u00ecnh D\u01b0\u01a1ng. Vi\u1ec7t Nam.\" \/>\n<meta property=\"og:url\" content=\"https:\/\/dankhonggianinox.com\/profile\/\" \/>\n<meta property=\"og:site_name\" content=\"Gi\u00e0n kh\u00f4ng gian C\u00d4NG TY C\u1ed4 PH\u1ea8N TINTA VI\u1ec6T NAM. Thi c\u00f4ng gi\u00e0n kh\u00f4ng gian inox s\u1eaft th\u00e9p. M\u00e1i k\u00ednh c\u01b0\u1eddng l\u1ef1c.\" \/>\n<meta property=\"article:publisher\" content=\"https:\/\/www.facebook.com\/GianKhongGianInoxTinTa\/\" \/>\n<meta property=\"article:modified_time\" content=\"2019-12-14T07:43:04+00:00\" \/>\n<meta property=\"og:image\" content=\"https:\/\/dankhonggianinox.com\/wp-content\/uploads\/2017\/11\/icon7.png\" \/>\n\t<meta property=\"og:image:width\" content=\"67\" \/>\n\t<meta property=\"og:image:height\" content=\"67\" \/>\n\t<meta property=\"og:image:type\" content=\"image\/png\" \/>\n<meta name=\"twitter:card\" content=\"summary_large_image\" \/>\n<meta name=\"twitter:label1\" content=\"\u01af\u1edbc t\u00ednh th\u1eddi gian \u0111\u1ecdc\" \/>\n\t<meta name=\"twitter:data1\" content=\"9 ph\u00fat\" \/>\n<script type=\"application\/ld+json\" class=\"yoast-schema-graph\">{\"@context\":\"https:\/\/schema.org\",\"@graph\":[{\"@type\":\"WebPage\",\"@id\":\"https:\/\/dankhonggianinox.com\/profile\/\",\"url\":\"https:\/\/dankhonggianinox.com\/profile\/\",\"name\":\"H\u1ed3 s\u01a1 n\u0103ng l\u1ef1c. Thi\u1ebft k\u1ebf thi c\u00f4ng gi\u00e0n kh\u00f4ng gian. Inox 304.\",\"isPartOf\":{\"@id\":\"https:\/\/dankhonggianinox.com\/vi\/#website\"},\"primaryImageOfPage\":{\"@id\":\"https:\/\/dankhonggianinox.com\/profile\/#primaryimage\"},\"image\":{\"@id\":\"https:\/\/dankhonggianinox.com\/profile\/#primaryimage\"},\"thumbnailUrl\":\"https:\/\/dankhonggianinox.com\/wp-content\/uploads\/2017\/11\/icon7.png\",\"datePublished\":\"2018-05-18T03:45:52+00:00\",\"dateModified\":\"2019-12-14T07:43:04+00:00\",\"description\":\"H\u1ed3 s\u01a1 n\u0103ng l\u1ef1c. Thi\u1ebft k\u1ebf thi c\u00f4ng gi\u00e0n kh\u00f4ng gian. Gi\u00e0n kh\u00f4ng gian m\u00e1i k\u00ednh c\u01b0\u1eddng l\u1ef1c. C\u00f4ng Ty C\u1ed5 Ph\u1ea7n TINTA Vi\u1ec7t Nam. S\u1ea3n ph\u1ea9m dan khong gian v\u1edbi ti\u00eau chu\u1ea9n xu\u1ea5t kh\u1ea9u. Gi\u00e0n kh\u00f4ng gian s\u1eaft, d\u00e0n kh\u00f4ng gian inox. Nh\u00e0 m\u00e1y t\u1ea1i L\u00f4 3, \u0111\u01b0\u1eddng s\u1ed1 10, khu c\u00f4ng nghi\u1ec7p S\u00f3ng Th\u1ea7n 1, th\u1ecb x\u00e3 D\u0129 An, t\u1ec9nh B\u00ecnh D\u01b0\u01a1ng. Vi\u1ec7t Nam.\",\"breadcrumb\":{\"@id\":\"https:\/\/dankhonggianinox.com\/profile\/#breadcrumb\"},\"inLanguage\":\"vi\",\"potentialAction\":[{\"@type\":\"ReadAction\",\"target\":[\"https:\/\/dankhonggianinox.com\/profile\/\"]}]},{\"@type\":\"ImageObject\",\"inLanguage\":\"vi\",\"@id\":\"https:\/\/dankhonggianinox.com\/profile\/#primaryimage\",\"url\":\"https:\/\/dankhonggianinox.com\/wp-content\/uploads\/2017\/11\/icon7.png\",\"contentUrl\":\"https:\/\/dankhonggianinox.com\/wp-content\/uploads\/2017\/11\/icon7.png\",\"width\":67,\"height\":67},{\"@type\":\"BreadcrumbList\",\"@id\":\"https:\/\/dankhonggianinox.com\/profile\/#breadcrumb\",\"itemListElement\":[{\"@type\":\"ListItem\",\"position\":1,\"name\":\"Home\",\"item\":\"https:\/\/dankhonggianinox.com\/vi\/\"},{\"@type\":\"ListItem\",\"position\":2,\"name\":\"Profile\"}]},{\"@type\":\"WebSite\",\"@id\":\"https:\/\/dankhonggianinox.com\/vi\/#website\",\"url\":\"https:\/\/dankhonggianinox.com\/vi\/\",\"name\":\"Gi\u00e0n kh\u00f4ng gian inox 304. C\u00f4ng Ty C\u1ed5 Ph\u1ea7n TinTa Vi\u1ec7t Nam. Thi c\u00f4ng d\u00e0n khong dan s\u1eaft th\u00e9p\",\"description\":\"Gi\u00e0n kh\u00f4ng gian inox 304. D\u00e0n m\u00e1i \u0111\u00f3n k\u00ednh c\u01b0\u1eddng l\u1ef1c. C\u00f4ng Ty C\u1ed5 Ph\u1ea7n TINTA Vi\u1ec7t Nam. Thi\u1ebft k\u1ebf b\u1ea3n v\u1ebd file cad s\u1ea3n xu\u1ea5t l\u1eafp \u0111\u1eb7t. Thi c\u00f4ng d\u00e0n kh\u00f4ng gian th\u00e9p c\u00e1c lo\u1ea1i. Ph\u1ee5c v\u1ee5 c\u00e1c c\u00f4ng tr\u00ecnh \u0111\u1eb3ng c\u1ea5p cao t\u1ea1i Vi\u1ec7t Nam\",\"potentialAction\":[{\"@type\":\"SearchAction\",\"target\":{\"@type\":\"EntryPoint\",\"urlTemplate\":\"https:\/\/dankhonggianinox.com\/vi\/?s={search_term_string}\"},\"query-input\":{\"@type\":\"PropertyValueSpecification\",\"valueRequired\":true,\"valueName\":\"search_term_string\"}}],\"inLanguage\":\"vi\"}]}<\/script>\n<!-- \/ Yoast SEO plugin. -->","yoast_head_json":{"title":"H\u1ed3 s\u01a1 n\u0103ng l\u1ef1c. Thi\u1ebft k\u1ebf thi c\u00f4ng gi\u00e0n kh\u00f4ng gian. Inox 304.","description":"H\u1ed3 s\u01a1 n\u0103ng l\u1ef1c. Thi\u1ebft k\u1ebf thi c\u00f4ng gi\u00e0n kh\u00f4ng gian. Gi\u00e0n kh\u00f4ng gian m\u00e1i k\u00ednh c\u01b0\u1eddng l\u1ef1c. C\u00f4ng Ty C\u1ed5 Ph\u1ea7n TINTA Vi\u1ec7t Nam. S\u1ea3n ph\u1ea9m dan khong gian v\u1edbi ti\u00eau chu\u1ea9n xu\u1ea5t kh\u1ea9u. Gi\u00e0n kh\u00f4ng gian s\u1eaft, d\u00e0n kh\u00f4ng gian inox. Nh\u00e0 m\u00e1y t\u1ea1i L\u00f4 3, \u0111\u01b0\u1eddng s\u1ed1 10, khu c\u00f4ng nghi\u1ec7p S\u00f3ng Th\u1ea7n 1, th\u1ecb x\u00e3 D\u0129 An, t\u1ec9nh B\u00ecnh D\u01b0\u01a1ng. Vi\u1ec7t Nam.","robots":{"index":"index","follow":"follow","max-snippet":"max-snippet:-1","max-image-preview":"max-image-preview:large","max-video-preview":"max-video-preview:-1"},"canonical":"https:\/\/dankhonggianinox.com\/profile\/","og_locale":"vi_VN","og_type":"article","og_title":"H\u1ed3 s\u01a1 n\u0103ng l\u1ef1c. Thi\u1ebft k\u1ebf thi c\u00f4ng gi\u00e0n kh\u00f4ng gian. Inox 304.","og_description":"H\u1ed3 s\u01a1 n\u0103ng l\u1ef1c. Thi\u1ebft k\u1ebf thi c\u00f4ng gi\u00e0n kh\u00f4ng gian. Gi\u00e0n kh\u00f4ng gian m\u00e1i k\u00ednh c\u01b0\u1eddng l\u1ef1c. C\u00f4ng Ty C\u1ed5 Ph\u1ea7n TINTA Vi\u1ec7t Nam. S\u1ea3n ph\u1ea9m dan khong gian v\u1edbi ti\u00eau chu\u1ea9n xu\u1ea5t kh\u1ea9u. Gi\u00e0n kh\u00f4ng gian s\u1eaft, d\u00e0n kh\u00f4ng gian inox. Nh\u00e0 m\u00e1y t\u1ea1i L\u00f4 3, \u0111\u01b0\u1eddng s\u1ed1 10, khu c\u00f4ng nghi\u1ec7p S\u00f3ng Th\u1ea7n 1, th\u1ecb x\u00e3 D\u0129 An, t\u1ec9nh B\u00ecnh D\u01b0\u01a1ng. Vi\u1ec7t Nam.","og_url":"https:\/\/dankhonggianinox.com\/profile\/","og_site_name":"Gi\u00e0n kh\u00f4ng gian C\u00d4NG TY C\u1ed4 PH\u1ea8N TINTA VI\u1ec6T NAM. Thi c\u00f4ng gi\u00e0n kh\u00f4ng gian inox s\u1eaft th\u00e9p. M\u00e1i k\u00ednh c\u01b0\u1eddng l\u1ef1c.","article_publisher":"https:\/\/www.facebook.com\/GianKhongGianInoxTinTa\/","article_modified_time":"2019-12-14T07:43:04+00:00","og_image":[{"width":67,"height":67,"url":"https:\/\/dankhonggianinox.com\/wp-content\/uploads\/2017\/11\/icon7.png","type":"image\/png"}],"twitter_card":"summary_large_image","twitter_misc":{"\u01af\u1edbc t\u00ednh th\u1eddi gian \u0111\u1ecdc":"9 ph\u00fat"},"schema":{"@context":"https:\/\/schema.org","@graph":[{"@type":"WebPage","@id":"https:\/\/dankhonggianinox.com\/profile\/","url":"https:\/\/dankhonggianinox.com\/profile\/","name":"H\u1ed3 s\u01a1 n\u0103ng l\u1ef1c. Thi\u1ebft k\u1ebf thi c\u00f4ng gi\u00e0n kh\u00f4ng gian. Inox 304.","isPartOf":{"@id":"https:\/\/dankhonggianinox.com\/vi\/#website"},"primaryImageOfPage":{"@id":"https:\/\/dankhonggianinox.com\/profile\/#primaryimage"},"image":{"@id":"https:\/\/dankhonggianinox.com\/profile\/#primaryimage"},"thumbnailUrl":"https:\/\/dankhonggianinox.com\/wp-content\/uploads\/2017\/11\/icon7.png","datePublished":"2018-05-18T03:45:52+00:00","dateModified":"2019-12-14T07:43:04+00:00","description":"H\u1ed3 s\u01a1 n\u0103ng l\u1ef1c. Thi\u1ebft k\u1ebf thi c\u00f4ng gi\u00e0n kh\u00f4ng gian. Gi\u00e0n kh\u00f4ng gian m\u00e1i k\u00ednh c\u01b0\u1eddng l\u1ef1c. C\u00f4ng Ty C\u1ed5 Ph\u1ea7n TINTA Vi\u1ec7t Nam. S\u1ea3n ph\u1ea9m dan khong gian v\u1edbi ti\u00eau chu\u1ea9n xu\u1ea5t kh\u1ea9u. Gi\u00e0n kh\u00f4ng gian s\u1eaft, d\u00e0n kh\u00f4ng gian inox. Nh\u00e0 m\u00e1y t\u1ea1i L\u00f4 3, \u0111\u01b0\u1eddng s\u1ed1 10, khu c\u00f4ng nghi\u1ec7p S\u00f3ng Th\u1ea7n 1, th\u1ecb x\u00e3 D\u0129 An, t\u1ec9nh B\u00ecnh D\u01b0\u01a1ng. Vi\u1ec7t Nam.","breadcrumb":{"@id":"https:\/\/dankhonggianinox.com\/profile\/#breadcrumb"},"inLanguage":"vi","potentialAction":[{"@type":"ReadAction","target":["https:\/\/dankhonggianinox.com\/profile\/"]}]},{"@type":"ImageObject","inLanguage":"vi","@id":"https:\/\/dankhonggianinox.com\/profile\/#primaryimage","url":"https:\/\/dankhonggianinox.com\/wp-content\/uploads\/2017\/11\/icon7.png","contentUrl":"https:\/\/dankhonggianinox.com\/wp-content\/uploads\/2017\/11\/icon7.png","width":67,"height":67},{"@type":"BreadcrumbList","@id":"https:\/\/dankhonggianinox.com\/profile\/#breadcrumb","itemListElement":[{"@type":"ListItem","position":1,"name":"Home","item":"https:\/\/dankhonggianinox.com\/vi\/"},{"@type":"ListItem","position":2,"name":"Profile"}]},{"@type":"WebSite","@id":"https:\/\/dankhonggianinox.com\/vi\/#website","url":"https:\/\/dankhonggianinox.com\/vi\/","name":"Gi\u00e0n kh\u00f4ng gian inox 304. C\u00f4ng Ty C\u1ed5 Ph\u1ea7n TinTa Vi\u1ec7t Nam. Thi c\u00f4ng d\u00e0n khong dan s\u1eaft th\u00e9p","description":"Gi\u00e0n kh\u00f4ng gian inox 304. D\u00e0n m\u00e1i \u0111\u00f3n k\u00ednh c\u01b0\u1eddng l\u1ef1c. C\u00f4ng Ty C\u1ed5 Ph\u1ea7n TINTA Vi\u1ec7t Nam. Thi\u1ebft k\u1ebf b\u1ea3n v\u1ebd file cad s\u1ea3n xu\u1ea5t l\u1eafp \u0111\u1eb7t. Thi c\u00f4ng d\u00e0n kh\u00f4ng gian th\u00e9p c\u00e1c lo\u1ea1i. Ph\u1ee5c v\u1ee5 c\u00e1c c\u00f4ng tr\u00ecnh \u0111\u1eb3ng c\u1ea5p cao t\u1ea1i Vi\u1ec7t Nam","potentialAction":[{"@type":"SearchAction","target":{"@type":"EntryPoint","urlTemplate":"https:\/\/dankhonggianinox.com\/vi\/?s={search_term_string}"},"query-input":{"@type":"PropertyValueSpecification","valueRequired":true,"valueName":"search_term_string"}}],"inLanguage":"vi"}]}},"_links":{"self":[{"href":"https:\/\/dankhonggianinox.com\/vi\/wp-json\/wp\/v2\/pages\/11","targetHints":{"allow":["GET"]}}],"collection":[{"href":"https:\/\/dankhonggianinox.com\/vi\/wp-json\/wp\/v2\/pages"}],"about":[{"href":"https:\/\/dankhonggianinox.com\/vi\/wp-json\/wp\/v2\/types\/page"}],"author":[{"embeddable":true,"href":"https:\/\/dankhonggianinox.com\/vi\/wp-json\/wp\/v2\/users\/1"}],"replies":[{"embeddable":true,"href":"https:\/\/dankhonggianinox.com\/vi\/wp-json\/wp\/v2\/comments?post=11"}],"version-history":[{"count":23,"href":"https:\/\/dankhonggianinox.com\/vi\/wp-json\/wp\/v2\/pages\/11\/revisions"}],"predecessor-version":[{"id":2574,"href":"https:\/\/dankhonggianinox.com\/vi\/wp-json\/wp\/v2\/pages\/11\/revisions\/2574"}],"wp:featuredmedia":[{"embeddable":true,"href":"https:\/\/dankhonggianinox.com\/vi\/wp-json\/wp\/v2\/media\/19"}],"wp:attachment":[{"href":"https:\/\/dankhonggianinox.com\/vi\/wp-json\/wp\/v2\/media?parent=11"}],"curies":[{"name":"wp","href":"https:\/\/api.w.org\/{rel}","templated":true}]}}