{"id":515,"date":"2018-05-18T15:22:42","date_gmt":"2018-05-18T08:22:42","guid":{"rendered":"http:\/\/qcweb.vn\/daninox\/?page_id=515"},"modified":"2019-12-14T14:44:37","modified_gmt":"2019-12-14T07:44:37","slug":"tuyen-dung","status":"publish","type":"page","link":"https:\/\/dankhonggianinox.com\/vi\/tuyen-dung\/","title":{"rendered":"Tuy\u1ec3n d\u1ee5ng"},"content":{"rendered":"<p><div style=\"width: 599px\" class=\"wp-caption alignright\"><img loading=\"lazy\" decoding=\"async\" src=\"http:\/\/dankhonggianinox.com\/public\/media\/images\/tin-tuc\/tuyen-dung-mien-trung.jpg\" alt=\"Tuy\u1ec3n d\u1ee5ng. Vi\u1ec7c l\u00e0m t\u1ea1i D\u0129 An B\u00ecnh D\u01b0\u01a1ng. Qu\u1ea3n Tr\u1ecb Web.\" width=\"589\" height=\"364\" \/><p class=\"wp-caption-text\"><span style=\"font-family: tahoma, arial, helvetica, sans-serif;\">Tuy\u1ec3n d\u1ee5ng. Vi\u1ec7c l\u00e0m t\u1ea1i D\u0129 An B\u00ecnh D\u01b0\u01a1ng. Qu\u1ea3n Tr\u1ecb Web.<\/span><\/p><\/div><\/p>\n<h1><span style=\"font-size: 14pt;\">Tuy\u1ec3n d\u1ee5ng. Vi\u1ec7c l\u00e0m t\u1ea1i D\u0129 An B\u00ecnh D\u01b0\u01a1ng. Qu\u1ea3n Tr\u1ecb Web.<\/span><\/h1>\n<p style=\"text-align: justify;\"><span style=\"font-size: 14pt;\"><strong>C\u00f4ng ty c\u1ed5 ph\u1ea7n inox Tinta Vi\u1ec7t Nam. Tuy\u1ec3n d\u1ee5ng.<\/strong><\/span><\/p>\n<p>C\u00f4ng ty C\u1ed5 Ph\u1ea7n <a href=\"https:\/\/www.inoxtinta.com\/\" target=\"_blank\" rel=\"noopener noreferrer\">Inox TINTA<\/a> Vi\u1ec7t Nam. Nh\u00e0 m\u00e1y l\u00f4 3 \u0111\u01b0\u1eddng s\u1ed1 10, khu c\u00f4ng nghi\u1ec7p S\u00f3ng Th\u1ea7n 1, th\u1ecb x\u00e3 D\u0129 An, t\u1ec9nh B\u00ecnh D\u01b0\u01a1ng. Doanh nghi\u1ec7p h\u00e0ng \u0111\u1ea7u t\u1ea1i Tp HCM v\u00e0 t\u1ea1i Vi\u1ec7t Nam ti\u00ean phong trong l\u0129nh v\u1ef1c thi\u1ebft k\u1ebf s\u1ea3n xu\u1ea5t, thi c\u00f4ng l\u1eafp d\u1ef1ng <a href=\"https:\/\/www.dankhonggianinox.com\" target=\"_blank\" rel=\"noopener noreferrer\">d\u00e0n kh\u00f4ng gian<\/a>. C\u00e1c s\u1ea3n ph\u1ea9m <a href=\"https:\/\/www.inoxtinta.com\/\" target=\"_blank\" rel=\"noopener noreferrer\">inox<\/a> xu\u1ea5t kh\u1ea9u. C\u00e1c lo\u1ea1i <a href=\"https:\/\/www.dankhonggianinox.com\" target=\"_blank\" rel=\"noopener noreferrer\">gi\u00e0n khong gian th\u00e9p<\/a>, <a href=\"http:\/\/giankhonggianinox.com\" target=\"_blank\" rel=\"noopener noreferrer\">D\u00e0n m\u00e1i \u0111\u00f3n inox 304<\/a>. M\u00e1i k\u00ednh c\u01b0\u1eddng l\u1ef1c.<\/p>\n<h2 style=\"text-align: justify;\"><span style=\"font-size: 14pt; font-family: tahoma, arial, helvetica, sans-serif;\"><strong>Tuy\u1ec3n d\u1ee5ng Nh\u00e2n Vi\u00ean Qu\u1ea3n Tr\u1ecb V\u00e0 Ph\u00e1t Tri\u1ec3n Website<\/strong><\/span><\/h2>\n<p style=\"text-align: justify;\"><span style=\"font-size: 14pt; font-family: tahoma, arial, helvetica, sans-serif;\">N\u01a1i l\u00e0m vi\u1ec7c:\u00a0TP. HCM, B\u00ecnh D\u01b0\u01a1ng.<\/span><\/p>\n<p style=\"text-align: justify;\"><span style=\"font-size: 14pt; font-family: tahoma, arial, helvetica, sans-serif;\">Lo\u1ea1i h\u00ecnh c\u00f4ng vi\u1ec7c tuy\u1ec3n d\u1ee5ng:<span style=\"color: #ffffff;\">.<\/span> To\u00e0n th\u1eddi gian c\u1ed1 \u0111\u1ecbnh.<\/span><\/p>\n<p style=\"text-align: justify;\"><span style=\"font-size: 14pt; font-family: tahoma, arial, helvetica, sans-serif;\"><strong>M\u1ee9c l\u01b0\u01a1ng<\/strong>:<span style=\"color: #ffffff;\">.<\/span> 7,000,000\u00a0&#8211;\u00a010,000,000 VND<\/span><\/p>\n<ul style=\"text-align: justify;\">\n<li><span style=\"font-size: 14pt; font-family: tahoma, arial, helvetica, sans-serif;\">Kinh nghi\u1ec7m:\u00a0D\u01b0\u1edbi 1 n\u0103m.<\/span><\/li>\n<li><span style=\"font-size: 14pt; font-family: tahoma, arial, helvetica, sans-serif;\">C\u1ea5p b\u1eadc:\u00a0Nh\u00e2n vi\u00ean.<\/span><\/li>\n<li><span style=\"font-size: 14pt; font-family: tahoma, arial, helvetica, sans-serif;\">S\u1ed1 l\u01b0\u1ee3ng: 03 nh\u00e2n vi\u00ean.<\/span><\/li>\n<li><span style=\"font-size: 14pt; font-family: tahoma, arial, helvetica, sans-serif;\">Tr\u00ecnh \u0111\u1ed9 h\u1ecdc v\u1ea5n:\u00a0Kh\u00f4ng y\u00eau c\u1ea7u.<\/span><\/li>\n<\/ul>\n<p style=\"text-align: justify;\"><span style=\"font-size: 14pt; font-family: tahoma, arial, helvetica, sans-serif;\">Ng\u00e0nh ngh\u1ec1 tuy\u1ec3n d\u1ee5ng:<span style=\"color: #ffffff;\">.<\/span> Nh\u00e2n vi\u00ean qu\u1ea3n tr\u1ecb web. Ho\u00e0n thi\u1ec7n v\u00e0 ch\u0103m s\u00f3c website. Qu\u1ea3ng c\u00e1o online. IT ph\u1ea7n m\u1ec1m.<\/span><\/p>\n<h3 style=\"text-align: justify;\"><span style=\"font-size: 14pt; font-family: tahoma, arial, helvetica, sans-serif;\"><strong>M\u00f4 t\u1ea3 c\u00f4ng vi\u1ec7c tuy\u1ec3n d\u1ee5ng.<\/strong><\/span><\/h3>\n<p style=\"text-align: justify;\"><span style=\"font-size: 14pt; font-family: tahoma, arial, helvetica, sans-serif;\">\u2022 Qu\u1ea3n tr\u1ecb v\u00e0 ph\u00e1t tri\u1ec3n web. Qu\u1ea3ng c\u00e1o online, SEO.\u00a0marketing\u00a0online.<\/span><br \/>\n<span style=\"font-size: 14pt; font-family: tahoma, arial, helvetica, sans-serif;\"> \u2022 Qu\u1ea3ng c\u00e1o online, offline \u0111\u1ec3 x\u00e2y d\u1ef1ng th\u01b0\u01a1ng hi\u1ec7u tr\u00ean c\u1ed9ng \u0111\u1ed3ng m\u1ea1ng.<\/span><br \/>\n<span style=\"font-size: 14pt; font-family: tahoma, arial, helvetica, sans-serif;\"> \u2022 X\u00e2y d\u1ef1ng v\u00e0 ph\u00e1t tri\u1ec3n h\u1ec7 th\u1ed1ng kh\u00e1ch h\u00e0ng tr\u00ean trang\u00a0th\u01b0\u01a1ng m\u1ea1i \u0111i\u1ec7n t\u1eed.\u00a0\u0110em th\u00f4ng tin \u0111\u1ebfn kh\u00e1ch h\u00e0ng ti\u1ec1m n\u0103ng.<\/span><\/p>\n<h4 style=\"text-align: justify;\"><span style=\"font-size: 14pt; font-family: tahoma, arial, helvetica, sans-serif;\"><strong>Quy\u1ec1n l\u1ee3i khi tham gia tuy\u1ec3n d\u1ee5ng v\u1edbi TINTA:<span style=\"color: #ffffff;\">.<\/span><\/strong><\/span><\/h4>\n<p style=\"text-align: justify;\"><span style=\"font-size: 14pt; font-family: tahoma, arial, helvetica, sans-serif;\">\u2022 C\u00f3 kinh nghi\u1ec7m l\u00e0m vi\u1ec7c trong l\u0129nh v\u1ef1c, qu\u1ea3n tr\u1ecb web v\u00e0 Marketing Online.<\/span><br \/>\n<span style=\"font-size: 14pt; font-family: tahoma, arial, helvetica, sans-serif;\"> \u2022 Am hi\u1ec3u v\u1ec1 th\u00f3i quen mua b\u00e1n tr\u00ean c\u00e1c trang th\u01b0\u01a1ng m\u1ea1i \u0111i\u1ec7n t\u1eed.<\/span><br \/>\n<span style=\"font-size: 14pt; font-family: tahoma, arial, helvetica, sans-serif;\"> \u2022 C\u00f3 kh\u1ea3 n\u0103ng k\u1ebft n\u1ed1i c\u1ed9ng \u0111\u1ed3ng m\u1ea1ng nh\u1eb1m qu\u1ea3ng b\u00e1 th\u01b0\u01a1ng hi\u1ec7u tr\u00ean c\u00e1c k\u00eanh tr\u1ef1c tuy\u1ebfn.<\/span><br \/>\n<span style=\"font-size: 14pt; font-family: tahoma, arial, helvetica, sans-serif;\"> \u2022 C\u00f3 nhi\u1ec1u \u00fd t\u01b0\u1edfng s\u00e1ng t\u1ea1o, t\u01b0 duy t\u1ed5ng h\u1ee3p v\u00e0 ph\u00e2n t\u00edch t\u1ed1t v\u1ec1 l\u0129nh v\u1ef1c web.<\/span><br \/>\n<span style=\"font-size: 14pt; font-family: tahoma, arial, helvetica, sans-serif;\"> \u2022 K\u1ef9 n\u0103ng giao ti\u1ebfp v\u00e0 \u0111\u00e0m ph\u00e1n t\u1ed1t.\u00a0<\/span><br \/>\n<span style=\"font-size: 14pt; font-family: tahoma, arial, helvetica, sans-serif;\"> \u2022 C\u00f3 kh\u1ea3 n\u0103ng ch\u1ecbu \u0111\u01b0\u1ee3c \u00e1p l\u1ef1c.<\/span><br \/>\n<span style=\"font-size: 14pt; font-family: tahoma, arial, helvetica, sans-serif;\"> \u2022 \u01afu ti\u00ean c\u00f3 kinh nghi\u1ec7m trong c\u00e1c ho\u1ea1t \u0111\u1ed9ng qu\u1ea3ng c\u00e1o, kinh doanh v\u00e0\u00a0thi\u1ebft k\u1ebf\u00a0web.<\/span><br \/>\n<span style=\"font-size: 14pt; font-family: tahoma, arial, helvetica, sans-serif;\"> \u2022 S\u1eed d\u1ee5ng th\u00e0nh th\u1ea1o m\u00e1y t\u00ednh, email, google search.<\/span><\/p>\n<h5 style=\"text-align: justify;\"><span style=\"font-size: 14pt; font-family: tahoma, arial, helvetica, sans-serif;\"><strong>Y\u00eau c\u1ea7u c\u00f4ng vi\u1ec7c tuy\u1ec3n d\u1ee5ng:<span style=\"color: #ffffff;\">.<\/span><\/strong><\/span><\/h5>\n<p style=\"text-align: justify;\"><span style=\"font-size: 14pt; font-family: tahoma, arial, helvetica, sans-serif;\">B\u1ea1n vui l\u00f2ng t\u1ea3i file PHI\u1ebeU D\u1ef0 TUY\u1ec2N T\u1ea0I www.tinta.vn t\u1ea1i ph\u1ea7n\u00a0tuy\u1ec3n d\u1ee5ng. Sau \u0111\u00f3 \u0111i\u1ec1n \u0111\u00e2y \u0111\u1ee7 th\u00f4ng tin v\u00e0 g\u1eedi file tr\u1edf l\u1ea1i c\u00f9ng h\u1ed3 s\u01a1 Scan c\u1ee7a b\u1ea1n v\u1ec1 C\u00f4ng ty c\u1ed5 ph\u1ea7n inox titan Vi\u1ec7t Nam\u00a0b\u1ea1n nh\u00e9.<\/span><\/p>\n<h6 style=\"text-align: justify;\"><span style=\"font-size: 14pt; font-family: tahoma, arial, helvetica, sans-serif;\"><strong>H\u1ed3 s\u01a1 tuy\u1ec3n d\u1ee5ng bao g\u1ed3m:<span style=\"color: #ffffff;\">.<\/span><\/strong><\/span><\/h6>\n<p style=\"text-align: justify;\"><span style=\"font-size: 14pt; font-family: tahoma, arial, helvetica, sans-serif;\">T\u1ea3i PHI\u1ebeU D\u1ef0 TUY\u1ec2N T\u1ea0I www.tinta.vn <span style=\"color: #ffffff;\">.<\/span><\/span><br \/>\n<span style=\"font-size: 14pt; font-family: tahoma, arial, helvetica, sans-serif;\"> H\u1ed3 s\u01a1 h\u1ee3p l\u1ec7:<\/span><br \/>\n<span style=\"font-size: 14pt; font-family: tahoma, arial, helvetica, sans-serif;\"> + Form c\u1ee7a Cty CP TIN TA; g\u1eedi l\u1ea1i d\u1ea1ng file word .<\/span><br \/>\n<span style=\"font-size: 14pt; font-family: tahoma, arial, helvetica, sans-serif;\"> + CV + scan b\u1eb1ng c\u1ea5p<span style=\"color: #ffffff;\">.<\/span><\/span><br \/>\n<span style=\"font-size: 14pt; font-family: tahoma, arial, helvetica, sans-serif;\">+ Ti\u00eau \u0111\u1ec1 email &amp; file h\u1ed3 s\u01a1 ghi r\u00f5: H\u1ecd t\u00ean; N\u0103m sinh; V\u1ecb tr\u00ed d\u1ef1 tuy\u1ec3n (KCN S\u00f3ng Th\u1ea7n)<span style=\"color: #ffffff;\">.<\/span><\/span><br \/>\n<span style=\"font-size: 14pt; font-family: tahoma, arial, helvetica, sans-serif;\"> Vui l\u00f2ng ch\u1ec9 li\u00ean h\u1ec7 email: tuyendung@tinta.vn .<\/span><br \/>\n<span style=\"font-size: 14pt; font-family: tahoma, arial, helvetica, sans-serif;\"> Ch\u00fac b\u1ea1n th\u00e0nh c\u00f4ng<span style=\"color: #ffffff;\">.<\/span><\/span><\/p>\n<p><span style=\"color: #ffffff;\">Tuy\u1ec3n d\u1ee5ng.<\/span><\/p>","protected":false},"excerpt":{"rendered":"<p>Tuy\u1ec3n d\u1ee5ng. Vi\u1ec7c l\u00e0m t\u1ea1i D\u0129 An B\u00ecnh D\u01b0\u01a1ng. Qu\u1ea3n Tr\u1ecb Web. C\u00f4ng ty c\u1ed5 ph\u1ea7n inox Tinta Vi\u1ec7t Nam. Tuy\u1ec3n d\u1ee5ng. C\u00f4ng ty C\u1ed5 Ph\u1ea7n Inox TINTA Vi\u1ec7t Nam&#8230;.<\/p>\n","protected":false},"author":1,"featured_media":0,"parent":0,"menu_order":0,"comment_status":"closed","ping_status":"closed","template":"","meta":{"footnotes":""},"class_list":["post-515","page","type-page","status-publish","hentry"],"yoast_head":"<!-- This site is optimized with the Yoast SEO plugin v24.9 - https:\/\/yoast.com\/wordpress\/plugins\/seo\/ -->\n<title>Tuy\u1ec3n d\u1ee5ng. Vi\u1ec7c l\u00e0m t\u1ea1i D\u0129 An B\u00ecnh D\u01b0\u01a1ng. Qu\u1ea3n Tr\u1ecb Web.<\/title>\n<meta name=\"description\" content=\"Tuy\u1ec3n d\u1ee5ng. Vi\u1ec7c l\u00e0m t\u1ea1i D\u0129 An B\u00ecnh D\u01b0\u01a1ng. Qu\u1ea3n Tr\u1ecb Web. Tuy\u1ec3n d\u1ee5ng Nh\u00e2n Vi\u00ean Qu\u1ea3n Tr\u1ecb V\u00e0 Ph\u00e1t Tri\u1ec3n Website. N\u1eef. L\u01b0\u01a1ng t\u1eeb 7 \u0111\u1ebfn 10 tri\u1ec7u v\u00e0 doanh s\u1ed1.\" \/>\n<meta name=\"robots\" content=\"index, follow, max-snippet:-1, max-image-preview:large, max-video-preview:-1\" \/>\n<link rel=\"canonical\" href=\"https:\/\/dankhonggianinox.com\/recruitment\/\" \/>\n<meta property=\"og:locale\" content=\"vi_VN\" \/>\n<meta property=\"og:type\" content=\"article\" \/>\n<meta property=\"og:title\" content=\"Tuy\u1ec3n d\u1ee5ng. Vi\u1ec7c l\u00e0m t\u1ea1i D\u0129 An B\u00ecnh D\u01b0\u01a1ng. Qu\u1ea3n Tr\u1ecb Web.\" \/>\n<meta property=\"og:description\" content=\"Tuy\u1ec3n d\u1ee5ng. Vi\u1ec7c l\u00e0m t\u1ea1i D\u0129 An B\u00ecnh D\u01b0\u01a1ng. Qu\u1ea3n Tr\u1ecb Web. Tuy\u1ec3n d\u1ee5ng Nh\u00e2n Vi\u00ean Qu\u1ea3n Tr\u1ecb V\u00e0 Ph\u00e1t Tri\u1ec3n Website. N\u1eef. L\u01b0\u01a1ng t\u1eeb 7 \u0111\u1ebfn 10 tri\u1ec7u v\u00e0 doanh s\u1ed1.\" \/>\n<meta property=\"og:url\" content=\"https:\/\/dankhonggianinox.com\/recruitment\/\" \/>\n<meta property=\"og:site_name\" content=\"Gi\u00e0n kh\u00f4ng gian C\u00d4NG TY C\u1ed4 PH\u1ea8N TINTA VI\u1ec6T NAM. Thi c\u00f4ng gi\u00e0n kh\u00f4ng gian inox s\u1eaft th\u00e9p. M\u00e1i k\u00ednh c\u01b0\u1eddng l\u1ef1c.\" \/>\n<meta property=\"article:publisher\" content=\"https:\/\/www.facebook.com\/GianKhongGianInoxTinTa\/\" \/>\n<meta property=\"article:modified_time\" content=\"2019-12-14T07:44:37+00:00\" \/>\n<meta property=\"og:image\" content=\"http:\/\/dankhonggianinox.com\/public\/media\/images\/tin-tuc\/tuyen-dung-mien-trung.jpg\" \/>\n<meta name=\"twitter:card\" content=\"summary_large_image\" \/>\n<meta name=\"twitter:label1\" content=\"\u01af\u1edbc t\u00ednh th\u1eddi gian \u0111\u1ecdc\" \/>\n\t<meta name=\"twitter:data1\" content=\"5 ph\u00fat\" \/>\n<script type=\"application\/ld+json\" class=\"yoast-schema-graph\">{\"@context\":\"https:\/\/schema.org\",\"@graph\":[{\"@type\":\"WebPage\",\"@id\":\"https:\/\/dankhonggianinox.com\/recruitment\/\",\"url\":\"https:\/\/dankhonggianinox.com\/recruitment\/\",\"name\":\"Tuy\u1ec3n d\u1ee5ng. Vi\u1ec7c l\u00e0m t\u1ea1i D\u0129 An B\u00ecnh D\u01b0\u01a1ng. Qu\u1ea3n Tr\u1ecb Web.\",\"isPartOf\":{\"@id\":\"https:\/\/dankhonggianinox.com\/vi\/#website\"},\"primaryImageOfPage\":{\"@id\":\"https:\/\/dankhonggianinox.com\/recruitment\/#primaryimage\"},\"image\":{\"@id\":\"https:\/\/dankhonggianinox.com\/recruitment\/#primaryimage\"},\"thumbnailUrl\":\"http:\/\/dankhonggianinox.com\/public\/media\/images\/tin-tuc\/tuyen-dung-mien-trung.jpg\",\"datePublished\":\"2018-05-18T08:22:42+00:00\",\"dateModified\":\"2019-12-14T07:44:37+00:00\",\"description\":\"Tuy\u1ec3n d\u1ee5ng. Vi\u1ec7c l\u00e0m t\u1ea1i D\u0129 An B\u00ecnh D\u01b0\u01a1ng. Qu\u1ea3n Tr\u1ecb Web. Tuy\u1ec3n d\u1ee5ng Nh\u00e2n Vi\u00ean Qu\u1ea3n Tr\u1ecb V\u00e0 Ph\u00e1t Tri\u1ec3n Website. N\u1eef. L\u01b0\u01a1ng t\u1eeb 7 \u0111\u1ebfn 10 tri\u1ec7u v\u00e0 doanh s\u1ed1.\",\"breadcrumb\":{\"@id\":\"https:\/\/dankhonggianinox.com\/recruitment\/#breadcrumb\"},\"inLanguage\":\"vi\",\"potentialAction\":[{\"@type\":\"ReadAction\",\"target\":[\"https:\/\/dankhonggianinox.com\/recruitment\/\"]}]},{\"@type\":\"ImageObject\",\"inLanguage\":\"vi\",\"@id\":\"https:\/\/dankhonggianinox.com\/recruitment\/#primaryimage\",\"url\":\"http:\/\/dankhonggianinox.com\/public\/media\/images\/tin-tuc\/tuyen-dung-mien-trung.jpg\",\"contentUrl\":\"http:\/\/dankhonggianinox.com\/public\/media\/images\/tin-tuc\/tuyen-dung-mien-trung.jpg\"},{\"@type\":\"BreadcrumbList\",\"@id\":\"https:\/\/dankhonggianinox.com\/recruitment\/#breadcrumb\",\"itemListElement\":[{\"@type\":\"ListItem\",\"position\":1,\"name\":\"Home\",\"item\":\"https:\/\/dankhonggianinox.com\/vi\/\"},{\"@type\":\"ListItem\",\"position\":2,\"name\":\"Recruitment\"}]},{\"@type\":\"WebSite\",\"@id\":\"https:\/\/dankhonggianinox.com\/vi\/#website\",\"url\":\"https:\/\/dankhonggianinox.com\/vi\/\",\"name\":\"Gi\u00e0n kh\u00f4ng gian inox 304. C\u00f4ng Ty C\u1ed5 Ph\u1ea7n TinTa Vi\u1ec7t Nam. Thi c\u00f4ng d\u00e0n khong dan s\u1eaft th\u00e9p\",\"description\":\"Gi\u00e0n kh\u00f4ng gian inox 304. D\u00e0n m\u00e1i \u0111\u00f3n k\u00ednh c\u01b0\u1eddng l\u1ef1c. C\u00f4ng Ty C\u1ed5 Ph\u1ea7n TINTA Vi\u1ec7t Nam. Thi\u1ebft k\u1ebf b\u1ea3n v\u1ebd file cad s\u1ea3n xu\u1ea5t l\u1eafp \u0111\u1eb7t. Thi c\u00f4ng d\u00e0n kh\u00f4ng gian th\u00e9p c\u00e1c lo\u1ea1i. Ph\u1ee5c v\u1ee5 c\u00e1c c\u00f4ng tr\u00ecnh \u0111\u1eb3ng c\u1ea5p cao t\u1ea1i Vi\u1ec7t Nam\",\"potentialAction\":[{\"@type\":\"SearchAction\",\"target\":{\"@type\":\"EntryPoint\",\"urlTemplate\":\"https:\/\/dankhonggianinox.com\/vi\/?s={search_term_string}\"},\"query-input\":{\"@type\":\"PropertyValueSpecification\",\"valueRequired\":true,\"valueName\":\"search_term_string\"}}],\"inLanguage\":\"vi\"}]}<\/script>\n<!-- \/ Yoast SEO plugin. -->","yoast_head_json":{"title":"Tuy\u1ec3n d\u1ee5ng. Vi\u1ec7c l\u00e0m t\u1ea1i D\u0129 An B\u00ecnh D\u01b0\u01a1ng. Qu\u1ea3n Tr\u1ecb Web.","description":"Tuy\u1ec3n d\u1ee5ng. Vi\u1ec7c l\u00e0m t\u1ea1i D\u0129 An B\u00ecnh D\u01b0\u01a1ng. Qu\u1ea3n Tr\u1ecb Web. Tuy\u1ec3n d\u1ee5ng Nh\u00e2n Vi\u00ean Qu\u1ea3n Tr\u1ecb V\u00e0 Ph\u00e1t Tri\u1ec3n Website. N\u1eef. L\u01b0\u01a1ng t\u1eeb 7 \u0111\u1ebfn 10 tri\u1ec7u v\u00e0 doanh s\u1ed1.","robots":{"index":"index","follow":"follow","max-snippet":"max-snippet:-1","max-image-preview":"max-image-preview:large","max-video-preview":"max-video-preview:-1"},"canonical":"https:\/\/dankhonggianinox.com\/recruitment\/","og_locale":"vi_VN","og_type":"article","og_title":"Tuy\u1ec3n d\u1ee5ng. Vi\u1ec7c l\u00e0m t\u1ea1i D\u0129 An B\u00ecnh D\u01b0\u01a1ng. Qu\u1ea3n Tr\u1ecb Web.","og_description":"Tuy\u1ec3n d\u1ee5ng. Vi\u1ec7c l\u00e0m t\u1ea1i D\u0129 An B\u00ecnh D\u01b0\u01a1ng. Qu\u1ea3n Tr\u1ecb Web. Tuy\u1ec3n d\u1ee5ng Nh\u00e2n Vi\u00ean Qu\u1ea3n Tr\u1ecb V\u00e0 Ph\u00e1t Tri\u1ec3n Website. N\u1eef. L\u01b0\u01a1ng t\u1eeb 7 \u0111\u1ebfn 10 tri\u1ec7u v\u00e0 doanh s\u1ed1.","og_url":"https:\/\/dankhonggianinox.com\/recruitment\/","og_site_name":"Gi\u00e0n kh\u00f4ng gian C\u00d4NG TY C\u1ed4 PH\u1ea8N TINTA VI\u1ec6T NAM. Thi c\u00f4ng gi\u00e0n kh\u00f4ng gian inox s\u1eaft th\u00e9p. M\u00e1i k\u00ednh c\u01b0\u1eddng l\u1ef1c.","article_publisher":"https:\/\/www.facebook.com\/GianKhongGianInoxTinTa\/","article_modified_time":"2019-12-14T07:44:37+00:00","og_image":[{"url":"http:\/\/dankhonggianinox.com\/public\/media\/images\/tin-tuc\/tuyen-dung-mien-trung.jpg","type":"","width":"","height":""}],"twitter_card":"summary_large_image","twitter_misc":{"\u01af\u1edbc t\u00ednh th\u1eddi gian \u0111\u1ecdc":"5 ph\u00fat"},"schema":{"@context":"https:\/\/schema.org","@graph":[{"@type":"WebPage","@id":"https:\/\/dankhonggianinox.com\/recruitment\/","url":"https:\/\/dankhonggianinox.com\/recruitment\/","name":"Tuy\u1ec3n d\u1ee5ng. Vi\u1ec7c l\u00e0m t\u1ea1i D\u0129 An B\u00ecnh D\u01b0\u01a1ng. Qu\u1ea3n Tr\u1ecb Web.","isPartOf":{"@id":"https:\/\/dankhonggianinox.com\/vi\/#website"},"primaryImageOfPage":{"@id":"https:\/\/dankhonggianinox.com\/recruitment\/#primaryimage"},"image":{"@id":"https:\/\/dankhonggianinox.com\/recruitment\/#primaryimage"},"thumbnailUrl":"http:\/\/dankhonggianinox.com\/public\/media\/images\/tin-tuc\/tuyen-dung-mien-trung.jpg","datePublished":"2018-05-18T08:22:42+00:00","dateModified":"2019-12-14T07:44:37+00:00","description":"Tuy\u1ec3n d\u1ee5ng. Vi\u1ec7c l\u00e0m t\u1ea1i D\u0129 An B\u00ecnh D\u01b0\u01a1ng. Qu\u1ea3n Tr\u1ecb Web. Tuy\u1ec3n d\u1ee5ng Nh\u00e2n Vi\u00ean Qu\u1ea3n Tr\u1ecb V\u00e0 Ph\u00e1t Tri\u1ec3n Website. N\u1eef. L\u01b0\u01a1ng t\u1eeb 7 \u0111\u1ebfn 10 tri\u1ec7u v\u00e0 doanh s\u1ed1.","breadcrumb":{"@id":"https:\/\/dankhonggianinox.com\/recruitment\/#breadcrumb"},"inLanguage":"vi","potentialAction":[{"@type":"ReadAction","target":["https:\/\/dankhonggianinox.com\/recruitment\/"]}]},{"@type":"ImageObject","inLanguage":"vi","@id":"https:\/\/dankhonggianinox.com\/recruitment\/#primaryimage","url":"http:\/\/dankhonggianinox.com\/public\/media\/images\/tin-tuc\/tuyen-dung-mien-trung.jpg","contentUrl":"http:\/\/dankhonggianinox.com\/public\/media\/images\/tin-tuc\/tuyen-dung-mien-trung.jpg"},{"@type":"BreadcrumbList","@id":"https:\/\/dankhonggianinox.com\/recruitment\/#breadcrumb","itemListElement":[{"@type":"ListItem","position":1,"name":"Home","item":"https:\/\/dankhonggianinox.com\/vi\/"},{"@type":"ListItem","position":2,"name":"Recruitment"}]},{"@type":"WebSite","@id":"https:\/\/dankhonggianinox.com\/vi\/#website","url":"https:\/\/dankhonggianinox.com\/vi\/","name":"Gi\u00e0n kh\u00f4ng gian inox 304. C\u00f4ng Ty C\u1ed5 Ph\u1ea7n TinTa Vi\u1ec7t Nam. Thi c\u00f4ng d\u00e0n khong dan s\u1eaft th\u00e9p","description":"Gi\u00e0n kh\u00f4ng gian inox 304. D\u00e0n m\u00e1i \u0111\u00f3n k\u00ednh c\u01b0\u1eddng l\u1ef1c. C\u00f4ng Ty C\u1ed5 Ph\u1ea7n TINTA Vi\u1ec7t Nam. Thi\u1ebft k\u1ebf b\u1ea3n v\u1ebd file cad s\u1ea3n xu\u1ea5t l\u1eafp \u0111\u1eb7t. Thi c\u00f4ng d\u00e0n kh\u00f4ng gian th\u00e9p c\u00e1c lo\u1ea1i. Ph\u1ee5c v\u1ee5 c\u00e1c c\u00f4ng tr\u00ecnh \u0111\u1eb3ng c\u1ea5p cao t\u1ea1i Vi\u1ec7t Nam","potentialAction":[{"@type":"SearchAction","target":{"@type":"EntryPoint","urlTemplate":"https:\/\/dankhonggianinox.com\/vi\/?s={search_term_string}"},"query-input":{"@type":"PropertyValueSpecification","valueRequired":true,"valueName":"search_term_string"}}],"inLanguage":"vi"}]}},"_links":{"self":[{"href":"https:\/\/dankhonggianinox.com\/vi\/wp-json\/wp\/v2\/pages\/515","targetHints":{"allow":["GET"]}}],"collection":[{"href":"https:\/\/dankhonggianinox.com\/vi\/wp-json\/wp\/v2\/pages"}],"about":[{"href":"https:\/\/dankhonggianinox.com\/vi\/wp-json\/wp\/v2\/types\/page"}],"author":[{"embeddable":true,"href":"https:\/\/dankhonggianinox.com\/vi\/wp-json\/wp\/v2\/users\/1"}],"replies":[{"embeddable":true,"href":"https:\/\/dankhonggianinox.com\/vi\/wp-json\/wp\/v2\/comments?post=515"}],"version-history":[{"count":25,"href":"https:\/\/dankhonggianinox.com\/vi\/wp-json\/wp\/v2\/pages\/515\/revisions"}],"predecessor-version":[{"id":2581,"href":"https:\/\/dankhonggianinox.com\/vi\/wp-json\/wp\/v2\/pages\/515\/revisions\/2581"}],"wp:attachment":[{"href":"https:\/\/dankhonggianinox.com\/vi\/wp-json\/wp\/v2\/media?parent=515"}],"curies":[{"name":"wp","href":"https:\/\/api.w.org\/{rel}","templated":true}]}}