{"id":537,"date":"2018-05-18T21:40:34","date_gmt":"2018-05-18T14:40:34","guid":{"rendered":"http:\/\/qcweb.vn\/daninox\/?page_id=537"},"modified":"2019-12-14T14:13:54","modified_gmt":"2019-12-14T07:13:54","slug":"huong-dan-dat-hang-dan-khong-gian","status":"publish","type":"page","link":"https:\/\/dankhonggianinox.com\/vi\/huong-dan-mua-hang\/","title":{"rendered":"H\u01b0\u1edbng d\u1eabn \u0111\u1eb7t h\u00e0ng d\u00e0n kh\u00f4ng gian"},"content":{"rendered":"<p><\/p>\n<h1><span style=\"font-size: 14pt; font-family: 'comic sans ms', sans-serif;\">H\u01b0\u1edbng d\u1eabn \u0111\u1eb7t h\u00e0ng d\u00e0n kh\u00f4ng gian.<\/span><\/h1>\n<p style=\"text-align: justify;\"><span style=\"font-size: 14pt; font-family: 'comic sans ms', sans-serif;\">H\u01b0\u1edbng d\u1eabn \u0111\u1eb7t h\u00e0ng d\u00e0n kh\u00f4ng gian. \u0110\u1ec3 c\u00f3 \u0111\u01b0\u1ee3c s\u1ea3n ph\u1ea9m inox ho\u1eb7c s\u1ea3n ph\u1ea9m d\u00e0n kh\u00f4ng gian.\u00a0 \u0110\u1ea1t v\u1edbi m\u1ee5c \u0111\u00edch s\u1eed d\u1ee5ng m\u00e0 ti\u1ebft ki\u1ec7m \u0111\u01b0\u1ee3c chi ph\u00ed. Qu\u00fd kh\u00e1ch h\u00e0ng n\u00ean li\u00ean h\u1ec7 v\u1edbi C\u00f4ng Ty C\u1ed5 Ph\u1ea7n Inox TINTA Vi\u1ec7t Nam. C\u00e1c k\u1ef9 s\u01b0 c\u1ee7a TINTA s\u1ebd H\u01b0\u1edbng d\u1eabn \u0111\u1eb7t h\u00e0ng d\u00e0n kh\u00f4ng gian. T\u01b0 v\u1ea5n t\u1ed1t nh\u1ea5t v\u1ec1 b\u1ea3n v\u1ebd cad gi\u00e0n kh\u00f4ng gian c\u0169ng nh\u01b0 c\u00e1c ph\u01b0\u01a1ng \u00e1n thi c\u00f4ng s\u1ea3n xu\u1ea5t <span style=\"font-size: 18pt;\"><a href=\"https:\/\/www.dankhonggianinox.com\" target=\"_blank\" rel=\"noopener noreferrer\">dan khong gian<\/a><\/span>. Ho\u1eb7c v\u1edbi nh\u1eefng s\u1ea3n ph\u1ea9m inox kh\u00e1c \u0111\u1ec3 gi\u1ea3m \u0111\u01b0\u1ee3c gi\u00e1 th\u00e0nh v\u00e0 s\u1ea3n ph\u1ea9m \u0111\u01b0\u1ee3c s\u1eed d\u1ee5ng t\u1ed1i \u01b0u nh\u1ea5t. H\u01b0\u1edbng\u00a0d\u1eabn \u0111\u1eb7t h\u00e0ng <a href=\"http:\/\/giankhonggianinox.com\" target=\"_blank\" rel=\"noopener noreferrer\">d\u00e0n kh\u00f4ng gian<\/a>. T\u1ed1i \u01b0u ch\u1ea5t l\u01b0\u1ee3ng v\u00e0 gi\u00e1 th\u00e0nh.<\/span><\/p>\n<h2><span style=\"font-size: 14pt; font-family: 'comic sans ms', sans-serif;\">B\u1ea1n c\u1ea7n nh\u00e2n vi\u00ean t\u01b0 v\u1ea5n\u00a0H\u01b0\u1edbng d\u1eabn \u0111\u1eb7t h\u00e0ng d\u00e0n kh\u00f4ng gian.<\/span><\/h2>\n<p style=\"text-align: justify;\"><span style=\"font-size: 14pt; font-family: 'comic sans ms', sans-serif;\">V\u1edbi \u0111\u1ed9i ng\u0169 chuy\u00ean vi\u00ean t\u01b0 v\u1ea5n am hi\u1ec3u t\u00ednh n\u0103ng. H\u01b0\u1edbng d\u1eabn \u0111\u1eb7t h\u00e0ng d\u00e0n kh\u00f4ng gian. T\u01b0 v\u1ea5n c\u1ee5 th\u1ec3 ch\u1ea5t l\u01b0\u1ee3ng s\u1ea3n ph\u1ea9m.\u00a0 C\u00e1c k\u1ef9 s\u01b0 t\u01b0 v\u1ea5n v\u00e0 thi\u1ebft k\u1ebf c\u00f3 ki\u1ebfn th\u1ee9c chuy\u00ean m\u00f4n v\u1ec1 dan khong gian. T\u00e2n t\u00e2m\u00a0H\u01b0\u1edbng d\u1eabn \u0111\u1eb7t h\u00e0ng <a href=\"http:\/\/giankhonggianinox.com\" target=\"_blank\" rel=\"noopener noreferrer\">d\u00e0n kh\u00f4ng gian<\/a>.<\/span><\/p>\n<a href=\"https:\/\/www.dankhonggianinox.com\"><\/a> H\u01b0\u1edbng d\u1eabn \u0111\u1eb7t h\u00e0ng d\u00e0n kh\u00f4ng gian.\n<p style=\"text-align: justify;\"><span style=\"font-size: 14pt; font-family: 'comic sans ms', sans-serif;\">\u0110\u1eb7c bi\u1ec7t c\u00f3 kinh nghi\u1ec7m trong x\u1eed l\u00fd s\u1ef1 c\u1ed1 c\u00f4ng tr\u00ecnh\u00a0tr\u1ecdng \u0111i\u1ec3m qu\u1ed1c gia thu\u1ed9c nhi\u1ec1u l\u0129nh v\u1ef1c x\u00e2y d\u1ef1ng c\u00f4ng nghi\u1ec7p, ch\u00fang t\u00f4i t\u1ef1 h\u00e0o c\u00f3 kh\u1ea3 n\u0103ng t\u00ecm hi\u1ec3u v\u00e0 t\u01b0 v\u1ea5n k\u1ef9 nhu c\u1ea7u kh\u00e1ch h\u00e0ng<\/span><\/p>\n<p style=\"text-align: justify;\"><span style=\"font-size: 14pt; font-family: 'comic sans ms', sans-serif;\"><strong>QUY TR\u00ccNH MUA H\u00c0NG: T\u01b0 v\u1ea5n &#8211; B\u00e1o gi\u00e1 &#8211; K\u00fd h\u1ee3p \u0111\u1ed3ng &#8211; Giao h\u00e0ng &#8211; Thanh l\u00fd H\u0110.<\/strong><\/span><\/p>\n<h3><span style=\"font-size: 14pt; font-family: 'comic sans ms', sans-serif;\">H\u01b0\u1edbng d\u1eabn \u0111\u1eb7t h\u00e0ng d\u00e0n kh\u00f4ng gian.\u00a0<\/span><\/h3>\n<p><span style=\"font-family: 'comic sans ms', sans-serif; font-size: 14pt;\">Vi\u1ec7c \u0111\u1eb7t h\u00e0ng v\u1edbi s\u1ea3n ph\u1ea9m <a href=\"http:\/\/dankhonggian.com\" target=\"_blank\" rel=\"noopener noreferrer\">gi\u00e0n kh\u00f4ng gian inox<\/a> hay dan khong gian tinta.\u00a0 Qu\u00fd kh\u00e1ch h\u00e0ng n\u1ebfu \u0111\u00e3 c\u00f3 b\u1ea3n v\u1ebd gi\u00e0n kh\u00f4ng gian file cad. H\u00e3y g\u1eedi file b\u1ea3n v\u1ebd cad \u0111\u1ebfn email c\u1ee7a TINTA. Email tinta@tinta.vn . Trong v\u00f2ng 1 ng\u00e0y l\u00e0m vi\u1ec7c. K\u1ef9 thu\u1eadt ho\u1eb7c ph\u00f2ng kinh doanh c\u1ee7a TINTA s\u1ebd li\u00ean h\u1ec7 v\u1edbi qu\u00fd kh\u00e1ch.\u00a0<\/span><\/p>\n<p><span style=\"font-family: 'comic sans ms', sans-serif; font-size: 14pt;\">Qu\u00fd kh\u00e1ch c\u0169ng l\u01b0u \u00fd vi\u1ec7c g\u1eedi <a href=\"https:\/\/www.dankhonggianinox.com\" target=\"_blank\" rel=\"noopener noreferrer\">b\u1ea3n v\u1ebd cad gi\u00e0n kh\u00f4ng gian<\/a> bao g\u1ed3m t\u00ean c\u00f4ng ty. \u0110\u1ecba ch\u1ec9 c\u00f4ng tr\u00ecnh n\u01a1i l\u1eafp \u0111\u1eb7t, Th\u1eddi gian thi c\u00f4ng l\u1eafp \u0111\u1eb7t. V\u00e0 s\u1ed1 \u0111i\u1ec7n tho\u1ea1i c\u1ee7a qu\u00fd kh\u00e1ch \u0111\u1ec3 k\u1ef9 thu\u1eadt TINTA ti\u1ec7n li\u00ean h\u1ec7. V\u00e0 t\u01b0 v\u1ea5n c\u0169ng nh\u01b0\u00a0H\u01b0\u1edbng d\u1eabn \u0111\u1eb7t h\u00e0ng d\u00e0n kh\u00f4ng gian .<\/span><\/p>\n<p>V\u1edbi nh\u1eefng c\u00f4ng tr\u00ecnh \u0111ang d\u1ef1 to\u00e1n ho\u1eb7c d\u1ef1 tr\u00f9 thi\u1ebft k\u1ebf gi\u00e0n kh\u00f4ng gian. Qu\u00fd kh\u00e1ch ki\u1ec3m tra k\u00edch th\u01b0\u1edbc chi\u1ec1u r\u1ed9ng. Chi\u1ec1u d\u00e0i v\u00e0 cao \u0111\u1ed9 c\u1ea7n thi\u1ebft c\u1ee7a m\u00e1i \u0111\u00f3n kh\u00f4ng gian. Sau \u0111\u00f3 cung c\u1ea5p s\u1ed1 li\u1ec7u tr\u00ean cho k\u1ef9 thu\u1eadt c\u1ee7a TINTA. T\u1ea1m th\u1eddi s\u01a1 th\u1ea3o. K\u1ef9 thu\u1eadt c\u1ee7a TINTA s\u1ebd \u0111\u01b0a ra nh\u1eefng \u0111\u1ecbnh h\u01b0\u1edbng ban \u0111\u1ea7u ph\u00f9 h\u1ee3p nh\u1ea5t, \u0110\u1eb7c bi\u1ec7t l\u00e0 t\u00ednh to\u00e1n ph\u00f9 h\u1ee3p nh\u1ea5t cho vi\u1ec7c s\u1ea3n xu\u1ea5t gia c\u00f4ng. C\u0169ng nh\u01b0 thi c\u00f4ng l\u1eafp \u0111\u1eb7t sau n\u00e0y.<\/p>\n<p><span style=\"font-size: 14pt; font-family: 'comic sans ms', sans-serif;\">H\u01b0\u1edbng d\u1eabn \u0111\u1eb7t h\u00e0ng d\u00e0n kh\u00f4ng gian inox 304 v\u00e0 c\u00e1c s\u1ea3n ph\u1ea9m inox t\u1ea1i www.giankhonggian.vn\u00a0 |\u00a0 www.dankhonggian.com .<\/span><\/p>\n<p style=\"text-align: justify;\"><span style=\"font-size: 14pt; font-family: 'comic sans ms', sans-serif;\">\u00a0<\/span><\/p>\n<p><\/p>","protected":false},"excerpt":{"rendered":"<p>H\u01b0\u1edbng d\u1eabn \u0111\u1eb7t h\u00e0ng d\u00e0n kh\u00f4ng gian. H\u01b0\u1edbng d\u1eabn \u0111\u1eb7t h\u00e0ng d\u00e0n kh\u00f4ng gian. \u0110\u1ec3 c\u00f3 \u0111\u01b0\u1ee3c s\u1ea3n ph\u1ea9m inox ho\u1eb7c s\u1ea3n ph\u1ea9m d\u00e0n kh\u00f4ng gian.\u00a0 \u0110\u1ea1t v\u1edbi m\u1ee5c \u0111\u00edch&#8230;<\/p>\n","protected":false},"author":1,"featured_media":0,"parent":0,"menu_order":0,"comment_status":"closed","ping_status":"closed","template":"","meta":{"footnotes":""},"class_list":["post-537","page","type-page","status-publish","hentry"],"yoast_head":"<!-- This site is optimized with the Yoast SEO plugin v24.9 - https:\/\/yoast.com\/wordpress\/plugins\/seo\/ -->\n<title>H\u01b0\u1edbng d\u1eabn \u0111\u1eb7t h\u00e0ng d\u00e0n kh\u00f4ng gian. Gi\u00e0n khong gian inox 304.<\/title>\n<meta name=\"description\" content=\"H\u01b0\u1edbng d\u1eabn \u0111\u1eb7t h\u00e0ng d\u00e0n kh\u00f4ng gian. \u0110\u1ec3 c\u00f3 \u0111\u01b0\u1ee3c s\u1ea3n ph\u1ea9m inox ho\u1eb7c s\u1ea3n ph\u1ea9m d\u00e0n kh\u00f4ng gian.\u00a0 \u0110\u1ea1t v\u1edbi m\u1ee5c \u0111\u00edch s\u1eed d\u1ee5ng m\u00e0 ti\u1ebft ki\u1ec7m \u0111\u01b0\u1ee3c chi ph\u00ed. Qu\u00fd kh\u00e1ch h\u00e0ng n\u00ean li\u00ean h\u1ec7 v\u1edbi C\u00f4ng Ty C\u1ed5 Ph\u1ea7n Inox TINTA Vi\u1ec7t Nam. C\u00e1c k\u1ef9 s\u01b0 c\u1ee7a TINTA s\u1ebd H\u01b0\u1edbng d\u1eabn \u0111\u1eb7t h\u00e0ng d\u00e0n kh\u00f4ng gian. T\u01b0 v\u1ea5n t\u1ed1t nh\u1ea5t v\u1ec1 b\u1ea3n v\u1ebd cad gi\u00e0n kh\u00f4ng gian.\" \/>\n<meta name=\"robots\" content=\"index, follow, max-snippet:-1, max-image-preview:large, max-video-preview:-1\" \/>\n<link rel=\"canonical\" href=\"https:\/\/dankhonggianinox.com\/shopping-guide\/\" \/>\n<meta property=\"og:locale\" content=\"vi_VN\" \/>\n<meta property=\"og:type\" content=\"article\" \/>\n<meta property=\"og:title\" content=\"H\u01b0\u1edbng d\u1eabn \u0111\u1eb7t h\u00e0ng d\u00e0n kh\u00f4ng gian. Gi\u00e0n khong gian inox 304.\" \/>\n<meta property=\"og:description\" content=\"H\u01b0\u1edbng d\u1eabn \u0111\u1eb7t h\u00e0ng d\u00e0n kh\u00f4ng gian. \u0110\u1ec3 c\u00f3 \u0111\u01b0\u1ee3c s\u1ea3n ph\u1ea9m inox ho\u1eb7c s\u1ea3n ph\u1ea9m d\u00e0n kh\u00f4ng gian.\u00a0 \u0110\u1ea1t v\u1edbi m\u1ee5c \u0111\u00edch s\u1eed d\u1ee5ng m\u00e0 ti\u1ebft ki\u1ec7m \u0111\u01b0\u1ee3c chi ph\u00ed. Qu\u00fd kh\u00e1ch h\u00e0ng n\u00ean li\u00ean h\u1ec7 v\u1edbi C\u00f4ng Ty C\u1ed5 Ph\u1ea7n Inox TINTA Vi\u1ec7t Nam. C\u00e1c k\u1ef9 s\u01b0 c\u1ee7a TINTA s\u1ebd H\u01b0\u1edbng d\u1eabn \u0111\u1eb7t h\u00e0ng d\u00e0n kh\u00f4ng gian. T\u01b0 v\u1ea5n t\u1ed1t nh\u1ea5t v\u1ec1 b\u1ea3n v\u1ebd cad gi\u00e0n kh\u00f4ng gian.\" \/>\n<meta property=\"og:url\" content=\"https:\/\/dankhonggianinox.com\/shopping-guide\/\" \/>\n<meta property=\"og:site_name\" content=\"Gi\u00e0n kh\u00f4ng gian C\u00d4NG TY C\u1ed4 PH\u1ea8N TINTA VI\u1ec6T NAM. Thi c\u00f4ng gi\u00e0n kh\u00f4ng gian inox s\u1eaft th\u00e9p. M\u00e1i k\u00ednh c\u01b0\u1eddng l\u1ef1c.\" \/>\n<meta property=\"article:publisher\" content=\"https:\/\/www.facebook.com\/GianKhongGianInoxTinTa\/\" \/>\n<meta property=\"article:modified_time\" content=\"2019-12-14T07:13:54+00:00\" \/>\n<meta name=\"twitter:card\" content=\"summary_large_image\" \/>\n<meta name=\"twitter:label1\" content=\"\u01af\u1edbc t\u00ednh th\u1eddi gian \u0111\u1ecdc\" \/>\n\t<meta name=\"twitter:data1\" content=\"4 ph\u00fat\" \/>\n<script type=\"application\/ld+json\" class=\"yoast-schema-graph\">{\"@context\":\"https:\/\/schema.org\",\"@graph\":[{\"@type\":\"WebPage\",\"@id\":\"https:\/\/dankhonggianinox.com\/shopping-guide\/\",\"url\":\"https:\/\/dankhonggianinox.com\/shopping-guide\/\",\"name\":\"H\u01b0\u1edbng d\u1eabn \u0111\u1eb7t h\u00e0ng d\u00e0n kh\u00f4ng gian. Gi\u00e0n khong gian inox 304.\",\"isPartOf\":{\"@id\":\"https:\/\/dankhonggianinox.com\/vi\/#website\"},\"datePublished\":\"2018-05-18T14:40:34+00:00\",\"dateModified\":\"2019-12-14T07:13:54+00:00\",\"description\":\"H\u01b0\u1edbng d\u1eabn \u0111\u1eb7t h\u00e0ng d\u00e0n kh\u00f4ng gian. \u0110\u1ec3 c\u00f3 \u0111\u01b0\u1ee3c s\u1ea3n ph\u1ea9m inox ho\u1eb7c s\u1ea3n ph\u1ea9m d\u00e0n kh\u00f4ng gian.\u00a0 \u0110\u1ea1t v\u1edbi m\u1ee5c \u0111\u00edch s\u1eed d\u1ee5ng m\u00e0 ti\u1ebft ki\u1ec7m \u0111\u01b0\u1ee3c chi ph\u00ed. Qu\u00fd kh\u00e1ch h\u00e0ng n\u00ean li\u00ean h\u1ec7 v\u1edbi C\u00f4ng Ty C\u1ed5 Ph\u1ea7n Inox TINTA Vi\u1ec7t Nam. C\u00e1c k\u1ef9 s\u01b0 c\u1ee7a TINTA s\u1ebd H\u01b0\u1edbng d\u1eabn \u0111\u1eb7t h\u00e0ng d\u00e0n kh\u00f4ng gian. T\u01b0 v\u1ea5n t\u1ed1t nh\u1ea5t v\u1ec1 b\u1ea3n v\u1ebd cad gi\u00e0n kh\u00f4ng gian.\",\"breadcrumb\":{\"@id\":\"https:\/\/dankhonggianinox.com\/shopping-guide\/#breadcrumb\"},\"inLanguage\":\"vi\",\"potentialAction\":[{\"@type\":\"ReadAction\",\"target\":[\"https:\/\/dankhonggianinox.com\/shopping-guide\/\"]}]},{\"@type\":\"BreadcrumbList\",\"@id\":\"https:\/\/dankhonggianinox.com\/shopping-guide\/#breadcrumb\",\"itemListElement\":[{\"@type\":\"ListItem\",\"position\":1,\"name\":\"Home\",\"item\":\"https:\/\/dankhonggianinox.com\/vi\/\"},{\"@type\":\"ListItem\",\"position\":2,\"name\":\"Shopping guide\"}]},{\"@type\":\"WebSite\",\"@id\":\"https:\/\/dankhonggianinox.com\/vi\/#website\",\"url\":\"https:\/\/dankhonggianinox.com\/vi\/\",\"name\":\"Gi\u00e0n kh\u00f4ng gian inox 304. C\u00f4ng Ty C\u1ed5 Ph\u1ea7n TinTa Vi\u1ec7t Nam. Thi c\u00f4ng d\u00e0n khong dan s\u1eaft th\u00e9p\",\"description\":\"Gi\u00e0n kh\u00f4ng gian inox 304. D\u00e0n m\u00e1i \u0111\u00f3n k\u00ednh c\u01b0\u1eddng l\u1ef1c. C\u00f4ng Ty C\u1ed5 Ph\u1ea7n TINTA Vi\u1ec7t Nam. Thi\u1ebft k\u1ebf b\u1ea3n v\u1ebd file cad s\u1ea3n xu\u1ea5t l\u1eafp \u0111\u1eb7t. Thi c\u00f4ng d\u00e0n kh\u00f4ng gian th\u00e9p c\u00e1c lo\u1ea1i. Ph\u1ee5c v\u1ee5 c\u00e1c c\u00f4ng tr\u00ecnh \u0111\u1eb3ng c\u1ea5p cao t\u1ea1i Vi\u1ec7t Nam\",\"potentialAction\":[{\"@type\":\"SearchAction\",\"target\":{\"@type\":\"EntryPoint\",\"urlTemplate\":\"https:\/\/dankhonggianinox.com\/vi\/?s={search_term_string}\"},\"query-input\":{\"@type\":\"PropertyValueSpecification\",\"valueRequired\":true,\"valueName\":\"search_term_string\"}}],\"inLanguage\":\"vi\"}]}<\/script>\n<!-- \/ Yoast SEO plugin. -->","yoast_head_json":{"title":"H\u01b0\u1edbng d\u1eabn \u0111\u1eb7t h\u00e0ng d\u00e0n kh\u00f4ng gian. Gi\u00e0n khong gian inox 304.","description":"H\u01b0\u1edbng d\u1eabn \u0111\u1eb7t h\u00e0ng d\u00e0n kh\u00f4ng gian. \u0110\u1ec3 c\u00f3 \u0111\u01b0\u1ee3c s\u1ea3n ph\u1ea9m inox ho\u1eb7c s\u1ea3n ph\u1ea9m d\u00e0n kh\u00f4ng gian.\u00a0 \u0110\u1ea1t v\u1edbi m\u1ee5c \u0111\u00edch s\u1eed d\u1ee5ng m\u00e0 ti\u1ebft ki\u1ec7m \u0111\u01b0\u1ee3c chi ph\u00ed. Qu\u00fd kh\u00e1ch h\u00e0ng n\u00ean li\u00ean h\u1ec7 v\u1edbi C\u00f4ng Ty C\u1ed5 Ph\u1ea7n Inox TINTA Vi\u1ec7t Nam. C\u00e1c k\u1ef9 s\u01b0 c\u1ee7a TINTA s\u1ebd H\u01b0\u1edbng d\u1eabn \u0111\u1eb7t h\u00e0ng d\u00e0n kh\u00f4ng gian. T\u01b0 v\u1ea5n t\u1ed1t nh\u1ea5t v\u1ec1 b\u1ea3n v\u1ebd cad gi\u00e0n kh\u00f4ng gian.","robots":{"index":"index","follow":"follow","max-snippet":"max-snippet:-1","max-image-preview":"max-image-preview:large","max-video-preview":"max-video-preview:-1"},"canonical":"https:\/\/dankhonggianinox.com\/shopping-guide\/","og_locale":"vi_VN","og_type":"article","og_title":"H\u01b0\u1edbng d\u1eabn \u0111\u1eb7t h\u00e0ng d\u00e0n kh\u00f4ng gian. Gi\u00e0n khong gian inox 304.","og_description":"H\u01b0\u1edbng d\u1eabn \u0111\u1eb7t h\u00e0ng d\u00e0n kh\u00f4ng gian. \u0110\u1ec3 c\u00f3 \u0111\u01b0\u1ee3c s\u1ea3n ph\u1ea9m inox ho\u1eb7c s\u1ea3n ph\u1ea9m d\u00e0n kh\u00f4ng gian.\u00a0 \u0110\u1ea1t v\u1edbi m\u1ee5c \u0111\u00edch s\u1eed d\u1ee5ng m\u00e0 ti\u1ebft ki\u1ec7m \u0111\u01b0\u1ee3c chi ph\u00ed. Qu\u00fd kh\u00e1ch h\u00e0ng n\u00ean li\u00ean h\u1ec7 v\u1edbi C\u00f4ng Ty C\u1ed5 Ph\u1ea7n Inox TINTA Vi\u1ec7t Nam. C\u00e1c k\u1ef9 s\u01b0 c\u1ee7a TINTA s\u1ebd H\u01b0\u1edbng d\u1eabn \u0111\u1eb7t h\u00e0ng d\u00e0n kh\u00f4ng gian. T\u01b0 v\u1ea5n t\u1ed1t nh\u1ea5t v\u1ec1 b\u1ea3n v\u1ebd cad gi\u00e0n kh\u00f4ng gian.","og_url":"https:\/\/dankhonggianinox.com\/shopping-guide\/","og_site_name":"Gi\u00e0n kh\u00f4ng gian C\u00d4NG TY C\u1ed4 PH\u1ea8N TINTA VI\u1ec6T NAM. Thi c\u00f4ng gi\u00e0n kh\u00f4ng gian inox s\u1eaft th\u00e9p. M\u00e1i k\u00ednh c\u01b0\u1eddng l\u1ef1c.","article_publisher":"https:\/\/www.facebook.com\/GianKhongGianInoxTinTa\/","article_modified_time":"2019-12-14T07:13:54+00:00","twitter_card":"summary_large_image","twitter_misc":{"\u01af\u1edbc t\u00ednh th\u1eddi gian \u0111\u1ecdc":"4 ph\u00fat"},"schema":{"@context":"https:\/\/schema.org","@graph":[{"@type":"WebPage","@id":"https:\/\/dankhonggianinox.com\/shopping-guide\/","url":"https:\/\/dankhonggianinox.com\/shopping-guide\/","name":"H\u01b0\u1edbng d\u1eabn \u0111\u1eb7t h\u00e0ng d\u00e0n kh\u00f4ng gian. Gi\u00e0n khong gian inox 304.","isPartOf":{"@id":"https:\/\/dankhonggianinox.com\/vi\/#website"},"datePublished":"2018-05-18T14:40:34+00:00","dateModified":"2019-12-14T07:13:54+00:00","description":"H\u01b0\u1edbng d\u1eabn \u0111\u1eb7t h\u00e0ng d\u00e0n kh\u00f4ng gian. \u0110\u1ec3 c\u00f3 \u0111\u01b0\u1ee3c s\u1ea3n ph\u1ea9m inox ho\u1eb7c s\u1ea3n ph\u1ea9m d\u00e0n kh\u00f4ng gian.\u00a0 \u0110\u1ea1t v\u1edbi m\u1ee5c \u0111\u00edch s\u1eed d\u1ee5ng m\u00e0 ti\u1ebft ki\u1ec7m \u0111\u01b0\u1ee3c chi ph\u00ed. Qu\u00fd kh\u00e1ch h\u00e0ng n\u00ean li\u00ean h\u1ec7 v\u1edbi C\u00f4ng Ty C\u1ed5 Ph\u1ea7n Inox TINTA Vi\u1ec7t Nam. C\u00e1c k\u1ef9 s\u01b0 c\u1ee7a TINTA s\u1ebd H\u01b0\u1edbng d\u1eabn \u0111\u1eb7t h\u00e0ng d\u00e0n kh\u00f4ng gian. T\u01b0 v\u1ea5n t\u1ed1t nh\u1ea5t v\u1ec1 b\u1ea3n v\u1ebd cad gi\u00e0n kh\u00f4ng gian.","breadcrumb":{"@id":"https:\/\/dankhonggianinox.com\/shopping-guide\/#breadcrumb"},"inLanguage":"vi","potentialAction":[{"@type":"ReadAction","target":["https:\/\/dankhonggianinox.com\/shopping-guide\/"]}]},{"@type":"BreadcrumbList","@id":"https:\/\/dankhonggianinox.com\/shopping-guide\/#breadcrumb","itemListElement":[{"@type":"ListItem","position":1,"name":"Home","item":"https:\/\/dankhonggianinox.com\/vi\/"},{"@type":"ListItem","position":2,"name":"Shopping guide"}]},{"@type":"WebSite","@id":"https:\/\/dankhonggianinox.com\/vi\/#website","url":"https:\/\/dankhonggianinox.com\/vi\/","name":"Gi\u00e0n kh\u00f4ng gian inox 304. C\u00f4ng Ty C\u1ed5 Ph\u1ea7n TinTa Vi\u1ec7t Nam. Thi c\u00f4ng d\u00e0n khong dan s\u1eaft th\u00e9p","description":"Gi\u00e0n kh\u00f4ng gian inox 304. D\u00e0n m\u00e1i \u0111\u00f3n k\u00ednh c\u01b0\u1eddng l\u1ef1c. C\u00f4ng Ty C\u1ed5 Ph\u1ea7n TINTA Vi\u1ec7t Nam. Thi\u1ebft k\u1ebf b\u1ea3n v\u1ebd file cad s\u1ea3n xu\u1ea5t l\u1eafp \u0111\u1eb7t. Thi c\u00f4ng d\u00e0n kh\u00f4ng gian th\u00e9p c\u00e1c lo\u1ea1i. Ph\u1ee5c v\u1ee5 c\u00e1c c\u00f4ng tr\u00ecnh \u0111\u1eb3ng c\u1ea5p cao t\u1ea1i Vi\u1ec7t Nam","potentialAction":[{"@type":"SearchAction","target":{"@type":"EntryPoint","urlTemplate":"https:\/\/dankhonggianinox.com\/vi\/?s={search_term_string}"},"query-input":{"@type":"PropertyValueSpecification","valueRequired":true,"valueName":"search_term_string"}}],"inLanguage":"vi"}]}},"_links":{"self":[{"href":"https:\/\/dankhonggianinox.com\/vi\/wp-json\/wp\/v2\/pages\/537","targetHints":{"allow":["GET"]}}],"collection":[{"href":"https:\/\/dankhonggianinox.com\/vi\/wp-json\/wp\/v2\/pages"}],"about":[{"href":"https:\/\/dankhonggianinox.com\/vi\/wp-json\/wp\/v2\/types\/page"}],"author":[{"embeddable":true,"href":"https:\/\/dankhonggianinox.com\/vi\/wp-json\/wp\/v2\/users\/1"}],"replies":[{"embeddable":true,"href":"https:\/\/dankhonggianinox.com\/vi\/wp-json\/wp\/v2\/comments?post=537"}],"version-history":[{"count":9,"href":"https:\/\/dankhonggianinox.com\/vi\/wp-json\/wp\/v2\/pages\/537\/revisions"}],"predecessor-version":[{"id":2563,"href":"https:\/\/dankhonggianinox.com\/vi\/wp-json\/wp\/v2\/pages\/537\/revisions\/2563"}],"wp:attachment":[{"href":"https:\/\/dankhonggianinox.com\/vi\/wp-json\/wp\/v2\/media?parent=537"}],"curies":[{"name":"wp","href":"https:\/\/api.w.org\/{rel}","templated":true}]}}