{"id":539,"date":"2017-12-09T00:55:21","date_gmt":"2017-12-09T00:55:21","guid":{"rendered":"http:\/\/qcweb.vn\/daninox\/?page_id=539"},"modified":"2019-12-14T14:44:39","modified_gmt":"2019-12-14T07:44:39","slug":"huong-dan-thanh-toan","status":"publish","type":"page","link":"https:\/\/dankhonggianinox.com\/vi\/huong-dan-thanh-toan\/","title":{"rendered":"H\u01b0\u1edbng d\u1eabn thanh to\u00e1n"},"content":{"rendered":"<p><\/p>\n<h1><span style=\"font-size: 14pt; font-family: 'comic sans ms', sans-serif;\">H\u01b0\u1edbng d\u1eabn thanh to\u00e1n.<\/span><\/h1>\n<p style=\"text-align: justify;\"><span style=\"font-size: 14pt; font-family: 'comic sans ms', sans-serif;\">V\u1edbi \u0111\u1ed9i ng\u0169 chuy\u00ean vi\u00ean t\u01b0 v\u1ea5n am hi\u1ec3u t\u00ednh n\u0103ng. Hi\u1ec3u bi\u1ebft v\u1ec1 ch\u1ea5t l\u01b0\u1ee3ng s\u1ea3n ph\u1ea9m. C\u00e1c k\u1ef9 s\u01b0 c\u00f3 ki\u1ebfn th\u1ee9c chuy\u00ean m\u00f4n s\u00e2u. \u0110\u1eb7c bi\u1ec7t c\u00f3 kinh nghi\u1ec7m trong x\u1eed l\u00fd c\u00e1c c\u00f4ng tr\u00ecnh\u00a0tr\u1ecdng \u0111i\u1ec3m qu\u1ed1c gia. K\u1ebft h\u1ee3p gi\u1eefa k\u1ef9 thu\u1eadt v\u00e0 kh\u1ed1i v\u0103n ph\u00f2ng. Trong \u0111\u00f3 c\u00f3 <a href=\"https:\/\/www.dankhonggianinox.com\" target=\"_blank\" rel=\"noopener noreferrer\">k\u1ebf to\u00e1n<\/a>. S\u1ebd\u00a0H\u01b0\u1edbng d\u1eabn thanh to\u00e1n cho kh\u00e1ch h\u00e0ng thu\u1eadn ti\u1ec7n nh\u1ea5t.\u00a0<\/span><\/p>\n<p style=\"text-align: justify;\"><span style=\"font-size: 14pt; font-family: 'comic sans ms', sans-serif;\">Inox TINTA \u0111\u00e3 th\u1ef1c hi\u1ec7n nhi\u1ec1u <a href=\"https:\/\/www.dankhonggianinox.com\" target=\"_blank\" rel=\"noopener noreferrer\">c\u00f4ng tr\u00ecnh qu\u1ed1c gia<\/a>, thu\u1ed9c nhi\u1ec1u l\u0129nh v\u1ef1c <a href=\"http:\/\/giankhonggianinox.com\" target=\"_blank\" rel=\"noopener noreferrer\">x\u00e2y d\u1ef1ng c\u00f4ng nghi\u1ec7p<\/a>. Ch\u00fang t\u00f4i t\u1ef1 h\u00e0o c\u00f3 kh\u1ea3 n\u0103ng t\u00ecm hi\u1ec3u v\u00e0 t\u01b0 v\u1ea5n k\u1ef9 nhu c\u1ea7u kh\u00e1ch h\u00e0ng. C\u0169ng nh\u01b0\u00a0H\u01b0\u1edbng d\u1eabn thanh to\u00e1n.<\/span><\/p>\n<p><span style=\"font-size: 14pt; font-family: 'comic sans ms', sans-serif;\"><a href=\"https:\/\/www.dankhonggianinox.com\"><\/a><\/span><\/p>\n<p><span style=\"font-size: 14pt; font-family: 'comic sans ms', sans-serif; color: #0000ff;\">THANH TO\u00c1N TR\u1ef0C TI\u1ebeP, TI\u1ec0N M\u1eb6T: \u0110\u1ed1i v\u1edbi nh\u1eefng kh\u00e1ch h\u00e0ng \u1edf khu v\u1ef1c TP HCM. Qu\u00fd kh\u00e1ch c\u00f3 th\u1ec3 \u0111\u1ebfn tr\u1ef1c ti\u1ebfp tr\u1ee5 s\u1edf 68 Nguy\u1ec5n Hu\u1ec7. Ph\u01b0\u1eddng B\u1ebfn Ngh\u00e9. Qu\u1eadn 1. TPHCM. <a href=\"https:\/\/cotcoinox.net\" target=\"_blank\" rel=\"noopener noreferrer\">T\u1ea1i TP HCM<\/a><span style=\"color: #ffffff;\">.<\/span> \u0111\u1ec3 th\u1ef1c hi\u1ec7n thanh to\u00e1n, nh\u00e2n vi\u00ean c\u1ee7a ch\u00fang t\u00f4i s\u1ebd h\u01b0\u1edbng d\u1eabn qu\u00fd kh\u00e1ch. Qu\u00fd kh\u00e1ch ch\u00fa \u00fd khi thanh to\u00e1n ph\u1ea3i c\u00f3 phi\u1ebfu thu c\u1ee7a C\u00f4ng ty.<\/span><br \/>\n<span style=\"font-size: 14pt; font-family: 'comic sans ms', sans-serif; color: #0000ff;\"> \u1ede B\u00ecnh D\u01b0\u01a1ng qu\u00fd kh\u00e1ch \u0111\u1ebfn. Nh\u00e0 m\u00e1y s\u1ea3n xu\u1ea5t: L\u00f4 3. \u0110\u01b0\u1eddng s\u1ed1 10. <\/span><br \/>\n<span style=\"font-size: 14pt; font-family: 'comic sans ms', sans-serif; color: #0000ff;\"> Khu c\u00f4ng nghi\u1ec7p S\u00f3ng Th\u1ea7n 1. Th\u1ecb x\u00e3 D\u0129 An. T\u1ec9nh B\u00ecnh D\u01b0\u01a1ng.<\/span><br \/>\n<span style=\"font-size: 14pt; font-family: 'comic sans ms', sans-serif; color: #0000ff;\"> H\u01b0\u1edbng d\u1eabn thanh to\u00e1n \u0111\u01a1n h\u00e0ng qua c\u00e1c h\u00ecnh th\u1ee9c: tr\u1ef1c ti\u1ebfp, chuy\u1ec3n kho\u1ea3n t\u1ea1i ng\u00e2n h\u00e0ng, internet banking, thanh to\u00e1n qua ATM, VISA. B\u1ea3o kim. Ng\u00e2n l\u01b0\u1ee3ng. \u0110\u1ec3 c\u00f3\u00a0H\u01b0\u1edbng d\u1eabn thanh to\u00e1n t\u1ed1t nh\u1ea5t. H\u00e3y li\u00ean h\u1ec7 v\u1edbi TINTA.<\/span><\/p>\n<h2 style=\"text-align: justify;\"><span style=\"font-size: 14pt; font-family: 'comic sans ms', sans-serif;\"><strong>QUY TR\u00ccNH THANH TO\u00c1N:<span style=\"color: #ffffff;\">.<\/span>\u00a0H\u01b0\u1edbng d\u1eabn thanh to\u00e1n.\u00a0<\/strong><\/span><\/h2>\n<p style=\"text-align: justify;\"><span style=\"font-size: 14pt; font-family: 'comic sans ms', sans-serif;\"><strong>&#8211; Thanh to\u00e1n tr\u1ef1c ti\u1ebfp:\u00a0<\/strong><a href=\"https:\/\/www.dankhonggianinox.com\" target=\"_blank\" rel=\"noopener noreferrer\">Giao h\u00e0ng<\/a> &#8211; Thanh l\u00fd h\u1ee3p \u0111\u1ed3ng\u00a0tr\u1ef1c ti\u1ebfp.<\/span><\/p>\n<p style=\"text-align: justify;\"><span style=\"font-size: 14pt; font-family: 'comic sans ms', sans-serif;\"><strong>&#8211; Thanh to\u00e1n qua th\u1ebb:<span style=\"color: #ffffff;\">.\u00a0<\/span><\/strong>Thanh to\u00e1n 50% &#8211; Giao h\u00e0ng &#8211; Thanh to\u00e1n 50%.<\/span><\/p>\n<p><span style=\"font-size: 14pt; font-family: 'comic sans ms', sans-serif;\">T\u00f9y nh\u1eefng \u0111\u01a1n h\u00e0ng c\u1ee5 th\u1ec3 m\u00e0 <a href=\"https:\/\/www.inoxtinta.com\/\" target=\"_blank\" rel=\"noopener noreferrer\">INOX TINTA<\/a> s\u1ebd\u00a0H\u01b0\u1edbng d\u1eabn thanh to\u00e1n v\u00e0 \u0111\u01b0a ra c\u00e1c \u0111\u1ec1 ngh\u1ecb h\u1ee3p l\u00fd.<\/span><\/p>\n<p style=\"text-align: justify;\"><span style=\"font-size: 14pt; font-family: 'comic sans ms', sans-serif;\"><em><strong>\u0110\u1ec3 bi\u1ebft th\u00eam chi ti\u1ebft,<span style=\"color: #ffffff;\">.<\/span> Vui l\u00f2ng li\u00ean h\u1ec7:<span style=\"color: #ffffff;\">.\u00a0H\u01b0\u1edbng d\u1eabn thanh to\u00e1n.<\/span><\/strong><\/em><\/span><\/p>\n<p style=\"text-align: justify;\"><span style=\"font-size: 14pt; font-family: 'comic sans ms', sans-serif;\"><strong>C\u00d4NG TY C\u1ed4 PH\u1ea6N INOX TINTA VI\u1ec6T NAM.<\/strong><\/span><\/p>\n<p style=\"text-align: justify;\"><span style=\"font-size: 14pt; font-family: 'comic sans ms', sans-serif;\"><strong>Tr\u1ee5 s\u1edf<\/strong>: <span style=\"color: #0000ff;\">68 Nguy\u1ec5n Hu\u1ec7. Ph\u01b0\u1eddng B\u1ebfn Ngh\u00e9. Qu\u1eadn 1. TPHCM. T\u1ea1i TP HCM.<\/span><\/span><\/p>\n<p><span style=\"font-size: 14pt; font-family: 'comic sans ms', sans-serif;\"><span style=\"color: #0000ff;\"><span style=\"color: #000000;\">Nh\u00e0 m\u00e1y s\u1ea3n xu\u1ea5t:<\/span> <span style=\"color: #ff00ff;\">L\u00f4 3. \u0110\u01b0\u1eddng s\u1ed1 10. <\/span><\/span><span style=\"color: #ff00ff;\">Khu c\u00f4ng nghi\u1ec7p S\u00f3ng Th\u1ea7n 1. Th\u1ecb x\u00e3 D\u0129 An. T\u1ec9nh B\u00ecnh D\u01b0\u01a1ng.<\/span><\/span><\/p>\n<p style=\"text-align: justify;\"><span style=\"font-size: 14pt; font-family: 'comic sans ms', sans-serif;\"><strong>\u0110i\u1ec7n tho\u1ea1i\u00a01<\/strong>:<span style=\"color: #ffffff;\">.<\/span> 028.66736186<span style=\"color: #ffffff;\">.<\/span> &#8211; 0987636779<span style=\"color: #ffffff;\">.<\/span><\/span><\/p>\n<p style=\"text-align: justify;\"><span style=\"font-size: 14pt; font-family: 'comic sans ms', sans-serif;\"><strong>\u0110i\u1ec7n tho\u1ea1i\u00a02<\/strong>:<span style=\"color: #ffffff;\">.<\/span> 028.66736187<span style=\"color: #ffffff;\">.<\/span> &#8211; 0983884649<span style=\"color: #ffffff;\">.<\/span><\/span><\/p>\n<p style=\"text-align: justify;\"><span style=\"font-size: 14pt; font-family: 'comic sans ms', sans-serif;\"><strong>Email<\/strong>: tinta@tinta.vn .<\/span><\/p>\n<p style=\"text-align: justify;\"><span style=\"font-size: 14pt; font-family: 'comic sans ms', sans-serif;\"><strong>Website<\/strong>: dankhonggianinox.com .<\/span><\/p>\n<h3><span style=\"font-size: 14pt; font-family: 'comic sans ms', sans-serif;\">H\u01b0\u1edbng d\u1eabn thanh to\u00e1n kh\u00e1c.<\/span><\/h3>\n<p><span style=\"font-size: 14pt; font-family: 'comic sans ms', sans-serif;\">L\u01b0u \u00fd: v\u1ec1 vi\u1ec7c\u00a0H\u01b0\u1edbng d\u1eabn thanh to\u00e1n kh\u00e1c.<\/span><\/p>\n<p><span style=\"font-size: 14pt; font-family: 'comic sans ms', sans-serif;\">&#8211; Vui l\u00f2ng ghi r\u00f5 n\u1ed9i dung thanh to\u00e1n t\u1ea1i phi\u1ebfu g\u1eedi ti\u1ec1n \u1edf ng\u00e2n h\u00e0ng cho s\u1ed1 h\u1ee3p \u0111\u1ed3ng bao nhi\u00eau \u0111\u1ec3 ch\u00fang t\u00f4i c\u00f3 th\u1ec3 t\u1ef1 \u0111\u1ed9ng x\u00e1c nh\u1eadn thanh to\u00e1n. v\u00e0 \u0111\u1ea3m b\u1ea3o ch\u1eafc ch\u1eafn l\u00e0 b\u1ea1n th\u1ef1c hi\u1ec7n \u0111\u00fang c\u00e1c b\u01b0\u1edbc v\u1ec1\u00a0H\u01b0\u1edbng d\u1eabn thanh to\u00e1n.<\/span><\/p>\n<p><span style=\"font-size: 14pt; font-family: 'comic sans ms', sans-serif;\">&#8211; Ch\u00fang t\u00f4i s\u1ebd kh\u00f4ng ch\u1ecbu tr\u00e1ch nhi\u1ec7m khi b\u1ea1n chuy\u1ec3n ti\u1ec1n nh\u1ea7m ho\u1eb7c kh\u00f4ng ph\u1ea3i danh s\u00e1ch ng\u00e2n h\u00e0ng thanh to\u00e1n qua h\u00ecnh th\u1ee9c chuy\u1ec3n kho\u1ea3n do TINTA cung c\u1ea5p. <\/span><br \/>\n<span style=\"font-size: 14pt; font-family: 'comic sans ms', sans-serif;\">V\u1edbi\u00a0H\u01b0\u1edbng d\u1eabn thanh to\u00e1n v\u00e0 h\u00ecnh th\u1ee9c thanh to\u00e1n n\u00e0y. Sau khi b\u1ea1n chuy\u1ec3n ti\u1ec1n cho ch\u00fang t\u00f4i v\u00e0o 1 trong nh\u1eefng t\u00e0i kho\u1ea3n c\u1ee7a TINTA. Sau \u0111\u00f3 b\u1ea1n scan gi\u1ea5y x\u00e1c nh\u1eadn chuy\u1ec3n ti\u1ec1n ( \u1ee6y nhi\u1ec7m chi ) v\u00e0 g\u1eedi k\u00e8m theo y\u00eau c\u1ea7u h\u1ed7 tr\u1ee3 ho\u1eb7c chat tr\u1ef1c ti\u1ebfp v\u1edbi c\u00e1c siis zalo c\u1ee7a ph\u00f2ng kinh doanh tr\u00ean website \u0111\u1ec3 x\u00e1c nh\u1eadn thanh to\u00e1n.<\/span><\/p>\n<p><span style=\"font-size: 14pt; font-family: 'comic sans ms', sans-serif;\">Ngo\u00e0i nh\u1eefng\u00a0H\u01b0\u1edbng d\u1eabn thanh to\u00e1n tr\u00ean. B\u1ea1n c\u0169ng c\u00f3 th\u1ec3 chuy\u1ec3n kho\u1ea3n b\u1eb1ng h\u00ecnh th\u1ee9c g\u1eedi ti\u1ec1n qua h\u1ec7 th\u1ed1ng ATM. Sau khi chuy\u1ec3n ti\u1ec1n b\u1ea1n li\u00ean h\u1ec7 v\u1edbi ch\u00fang t\u00f4i. G\u1ecdi \u0111i\u1ec7n tr\u1ef1c ti\u1ebfp \u0111\u1ebfn c\u00f4ng ty ch\u00fang t\u00f4i th\u00f4ng b\u00e1o.<\/span><\/p>\n<h4><span style=\"font-size: 14pt; font-family: 'comic sans ms', sans-serif;\">THANH TO\u00c1N TR\u1ef0C TUY\u1ebeN.\u00a0H\u01b0\u1edbng d\u1eabn thanh to\u00e1n.<\/span><\/h4>\n<p><span style=\"font-size: 14pt; font-family: 'comic sans ms', sans-serif;\">1. H\u01b0\u1edbng d\u1eabn thanh to\u00e1nn qua B\u1ea3o Kim:<\/span><br \/>\n<span style=\"font-size: 14pt; font-family: 'comic sans ms', sans-serif;\">C\u00e1ch th\u1ee9c x\u00e1c nh\u1eadn giao d\u1ecbch: Vui l\u00f2ng cung c\u1ea5p m\u00e3 s\u1ed1 h\u1ee3p \u0111\u1ed3ng trong ph\u1ea7n N\u1ed9i dung thanh to\u00e1n.<\/span><br \/>\n<span style=\"font-size: 14pt; font-family: 'comic sans ms', sans-serif;\">Kh\u00e1ch h\u00e0ng vui l\u00f2ng chuy\u1ec3n kho\u1ea3n v\u00e0o t\u00e0i kho\u1ea3n s\u1ed1 ti\u1ec1n trong h\u1ee3p \u0111\u1ed3ng, bao g\u1ed3m c\u1ea3 m\u1ee9c ph\u00ed c\u1ee7a giao d\u1ecbch.<\/span><br \/>\n<span style=\"font-size: 14pt; font-family: 'comic sans ms', sans-serif;\">Lo\u1ea1i h\u00ecnh: Giao d\u1ecbch chuy\u1ec3n ti\u1ec1n ngay.<\/span><br \/>\n<span style=\"font-size: 14pt; font-family: 'comic sans ms', sans-serif;\">Th\u1eddi gian x\u00e1c nh\u1eadn thanh to\u00e1n: kh\u00f4ng qu\u00e1 1h \u0111\u1ed1i v\u1edbi gi\u1edd h\u00e0nh ch\u00ednh v\u00e0 6h \u0111\u1ed1i v\u1edbi ngo\u00e0i gi\u1edd h\u00e0nh ch\u00ednh.<\/span><\/p>\n<h5><span style=\"font-size: 14pt; font-family: 'comic sans ms', sans-serif;\">2. H\u01b0\u1edbng d\u1eabn thanh to\u00e1n qua Paypal:<\/span><\/h5>\n<p><span style=\"font-size: 14pt; font-family: 'comic sans ms', sans-serif;\">\u0110\u1ed1i v\u1edbi vi\u1ec7c H\u01b0\u1edbng d\u1eabn thanh to\u00e1n qua Paypal. Th\u1eddi h\u1ea1n x\u00e1c nh\u1eadn trong v\u00f2ng 24h k\u1ec3 t\u1eeb khi b\u1ea1n ho\u00e0n t\u1ea5t thanh to\u00e1n.<\/span><\/p>\n<p><span style=\"font-size: 14pt; font-family: 'comic sans ms', sans-serif;\">\u0110\u1ed1i v\u1edbi t\u1ea5t c\u1ea3 c\u00e1c giao d\u1ecbch Paypal. Ch\u00fang t\u00f4i ch\u1ec9 ch\u1ea5p nh\u1eadn khi s\u1eed d\u1ee5ng h\u1ec7 th\u1ed1ng c\u1ee7a. T\u1ea5t c\u1ea3 c\u00e1c giao d\u1ecbch tr\u1ef1c ti\u1ebfp ch\u00fang t\u00f4i s\u1ebd kh\u00f4ng ch\u1ecbu tr\u00e1ch nhi\u1ec7m.<\/span><\/p>\n<h6><span style=\"font-size: 14pt; font-family: 'comic sans ms', sans-serif;\">3. H\u01b0\u1edbng d\u1eabn thanh to\u00e1n tr\u1ef1c tuy\u1ebfn qua t\u00e0i kho\u1ea3n ng\u00e2n h\u00e0ng:<\/span><\/h6>\n<p><span style=\"font-size: 14pt; font-family: 'comic sans ms', sans-serif;\">\u0110\u1ed1i v\u1edbi c\u00e1c kh\u00e1ch h\u00e0ng \u0111ang c\u00f3 d\u1ecbch v\u1ee5 k\u00edch ho\u1ea1t mu\u1ed1n gia h\u1ea1n qua c\u1ed5ng thanh to\u00e1n ONEPAY. Vui l\u00f2ng xem r\u00f5 H\u01b0\u1edbng d\u1eabn thanh to\u00e1n. Sau \u0111\u00f3 truy c\u1eadp v\u00e0o h\u00f3a \u0111\u01a1n tr\u00ean h\u1ec7 th\u1ed1ng v\u00e0 l\u1ef1a ch\u1ecdn h\u00ecnh th\u1ee9c thanh to\u00e1n n\u1eb1m ph\u00eda tr\u00ean b\u00ean ph\u1ea3i.<\/span><\/p>\n<p><span style=\"font-size: 14pt; font-family: 'comic sans ms', sans-serif;\">Nh\u1eb1m r\u00fat ng\u1eafn th\u1eddi gian h\u1ed7 tr\u1ee3 kh\u00e1ch h\u00e0ng v\u00e0 H\u01b0\u1edbng d\u1eabn thanh to\u00e1n d\u1ecbch v\u1ee5 \u0111\u01b0\u1ee3c nhanh ch\u00f3ng. TINTA \u0111\u00e3 m\u1edf th\u00eam c\u1ed5ng thanh to\u00e1n ONEPAY \u0111\u1ec3 t\u00edch h\u1ee3p thanh to\u00e1n tr\u1ef1c tuy\u1ebfn qua th\u1ebb ATM n\u1ed9i \u0111\u1ecba c\u1ee7a c\u00e1c ng\u00e2n h\u00e0ng.<\/span><\/p>\n<p><span style=\"font-size: 14pt; font-family: 'comic sans ms', sans-serif;\">\u0110\u1ec3 s\u1eed d\u1ee5ng t\u00ednh n\u0103ng thanh to\u00e1n n\u00e0y trong khi \u0111\u1eb7t h\u00e0ng. T\u1ea1i b\u01b0\u1edbc H\u01b0\u1edbng d\u1eabn thanh to\u00e1n, qu\u00fd kh\u00e1ch h\u00e0ng vui l\u00f2ng l\u1ef1a ch\u1ecdn h\u00ecnh th\u1ee9c thanh to\u00e1n l\u00e0 \u201cThanh to\u00e1n qua th\u1ebb ATM \u2013 ONEPAY\u201d.<\/span><\/p>\n<p><span style=\"font-size: 14pt; font-family: 'comic sans ms', sans-serif;\">&gt;&gt;&gt; PH\u01af\u01a0NG TH\u1ee8C GIAO H\u00c0NG &#8211; TR\u1ea2 TI\u1ec0N M\u1eb6T:<\/span><br \/>\n<span style=\"font-size: 14pt; font-family: 'comic sans ms', sans-serif;\">Ph\u01b0\u01a1ng th\u1ee9c Giao h\u00e0ng &#8211; Tr\u1ea3 ti\u1ec1n m\u1eb7t ch\u1ec9 \u00e1p d\u1ee5ng \u0111\u1ed1i v\u1edbi nh\u1eefng khu v\u1ef1c ch\u00fang t\u00f4i h\u1ed7 tr\u1ee3 giao nh\u1eadn mi\u1ec5n ph\u00ed (tham kh\u1ea3o th\u00eam ch\u00ednh s\u00e1ch giao nh\u1eadn) ho\u1eb7c tr\u1ea3 ti\u1ec1n mua h\u00e0ng tr\u1ef1c ti\u1ebfp t\u1ea1i\u00a0H\u01b0\u1edbng d\u1eabn thanh to\u00e1n.<\/span><\/p>\n<p><span style=\"font-size: 14pt; font-family: 'comic sans ms', sans-serif;\">&gt;&gt;&gt; PH\u01af\u01a0NG TH\u1ee8C THANH TO\u00c1N TR\u01af\u1edaC:<span style=\"color: #ffffff;\">.<\/span>\u00a0H\u01b0\u1edbng d\u1eabn thanh to\u00e1n<strong>.<\/strong><\/span><br \/>\n<span style=\"font-size: 14pt; font-family: 'comic sans ms', sans-serif;\">Chuy\u1ec3n ti\u1ec1n, chuy\u1ec3n kho\u1ea3n, thanh to\u00e1n tr\u1ef1c ti\u1ebfp b\u1eb1ng ti\u1ec1n m\u1eb7t ho\u1eb7c qua th\u1ebb t\u1ea1i v\u0103n ph\u00f2ng c\u1ee7a ch\u00fang t\u00f4i.<\/span><\/p>\n<p><span style=\"font-size: 14pt; font-family: 'comic sans ms', sans-serif;\">a. Chuy\u1ec3n ti\u1ec1n\/chuy\u1ec3n kho\u1ea3n:<span style=\"color: #ffffff;\">.<\/span><\/span><\/p>\n<p><span style=\"font-size: 14pt; font-family: 'comic sans ms', sans-serif;\">H\u01b0\u1edbng d\u1eabn thanh to\u00e1n.\u00a0\u00c1p d\u1ee5ng cho kh\u00e1ch h\u00e0ng ngo\u00e0i khu v\u1ef1c h\u1ed7 tr\u1ee3 giao nh\u1eadn mi\u1ec5n ph\u00ed v\u00e0 kh\u00e1ch h\u00e0ng c\u00f3 nhu c\u1ea7u s\u1eed d\u1ee5ng ph\u01b0\u01a1ng th\u1ee9c thanh to\u00e1n n\u00e0y.<\/span><\/p>","protected":false},"excerpt":{"rendered":"<p>H\u01b0\u1edbng d\u1eabn thanh to\u00e1n. V\u1edbi \u0111\u1ed9i ng\u0169 chuy\u00ean vi\u00ean t\u01b0 v\u1ea5n am hi\u1ec3u t\u00ednh n\u0103ng. Hi\u1ec3u bi\u1ebft v\u1ec1 ch\u1ea5t l\u01b0\u1ee3ng s\u1ea3n ph\u1ea9m. C\u00e1c k\u1ef9 s\u01b0 c\u00f3 ki\u1ebfn th\u1ee9c chuy\u00ean m\u00f4n&#8230;<\/p>\n","protected":false},"author":1,"featured_media":0,"parent":0,"menu_order":0,"comment_status":"closed","ping_status":"closed","template":"","meta":{"footnotes":""},"class_list":["post-539","page","type-page","status-publish","hentry"],"yoast_head":"<!-- This site is optimized with the Yoast SEO plugin v24.9 - https:\/\/yoast.com\/wordpress\/plugins\/seo\/ -->\n<title>H\u01b0\u1edbng d\u1eabn thanh to\u00e1n. \u0110\u01a1n \u0111\u1eb7t h\u00e0ng. Mua inox 304<\/title>\n<meta name=\"description\" content=\"H\u01b0\u1edbng d\u1eabn thanh to\u00e1n. \u0110\u01a1n \u0111\u1eb7t h\u00e0ng. Mua inox 304. Inox TINTA \u0111\u00e3 th\u1ef1c hi\u1ec7n nhi\u1ec1u c\u00f4ng tr\u00ecnh qu\u1ed1c gia, thu\u1ed9c nhi\u1ec1u l\u0129nh v\u1ef1c x\u00e2y d\u1ef1ng c\u00f4ng nghi\u1ec7p. Ch\u00fang t\u00f4i t\u1ef1 h\u00e0o c\u00f3 kh\u1ea3 n\u0103ng t\u00ecm hi\u1ec3u v\u00e0 t\u01b0 v\u1ea5n k\u1ef9 nhu c\u1ea7u kh\u00e1ch h\u00e0ng. C\u0169ng nh\u01b0\u00a0H\u01b0\u1edbng d\u1eabn thanh to\u00e1n.\" \/>\n<meta name=\"robots\" content=\"index, follow, max-snippet:-1, max-image-preview:large, max-video-preview:-1\" \/>\n<link rel=\"canonical\" href=\"https:\/\/dankhonggianinox.com\/payment-guide\/\" \/>\n<meta property=\"og:locale\" content=\"vi_VN\" \/>\n<meta property=\"og:type\" content=\"article\" \/>\n<meta property=\"og:title\" content=\"H\u01b0\u1edbng d\u1eabn thanh to\u00e1n. \u0110\u01a1n \u0111\u1eb7t h\u00e0ng. Mua inox 304\" \/>\n<meta property=\"og:description\" content=\"H\u01b0\u1edbng d\u1eabn thanh to\u00e1n. \u0110\u01a1n \u0111\u1eb7t h\u00e0ng. Mua inox 304. Inox TINTA \u0111\u00e3 th\u1ef1c hi\u1ec7n nhi\u1ec1u c\u00f4ng tr\u00ecnh qu\u1ed1c gia, thu\u1ed9c nhi\u1ec1u l\u0129nh v\u1ef1c x\u00e2y d\u1ef1ng c\u00f4ng nghi\u1ec7p. Ch\u00fang t\u00f4i t\u1ef1 h\u00e0o c\u00f3 kh\u1ea3 n\u0103ng t\u00ecm hi\u1ec3u v\u00e0 t\u01b0 v\u1ea5n k\u1ef9 nhu c\u1ea7u kh\u00e1ch h\u00e0ng. C\u0169ng nh\u01b0\u00a0H\u01b0\u1edbng d\u1eabn thanh to\u00e1n.\" \/>\n<meta property=\"og:url\" content=\"https:\/\/dankhonggianinox.com\/payment-guide\/\" \/>\n<meta property=\"og:site_name\" content=\"Gi\u00e0n kh\u00f4ng gian C\u00d4NG TY C\u1ed4 PH\u1ea8N TINTA VI\u1ec6T NAM. Thi c\u00f4ng gi\u00e0n kh\u00f4ng gian inox s\u1eaft th\u00e9p. M\u00e1i k\u00ednh c\u01b0\u1eddng l\u1ef1c.\" \/>\n<meta property=\"article:publisher\" content=\"https:\/\/www.facebook.com\/GianKhongGianInoxTinTa\/\" \/>\n<meta property=\"article:modified_time\" content=\"2019-12-14T07:44:39+00:00\" \/>\n<meta name=\"twitter:card\" content=\"summary_large_image\" \/>\n<meta name=\"twitter:label1\" content=\"\u01af\u1edbc t\u00ednh th\u1eddi gian \u0111\u1ecdc\" \/>\n\t<meta name=\"twitter:data1\" content=\"8 ph\u00fat\" \/>\n<script type=\"application\/ld+json\" class=\"yoast-schema-graph\">{\"@context\":\"https:\/\/schema.org\",\"@graph\":[{\"@type\":\"WebPage\",\"@id\":\"https:\/\/dankhonggianinox.com\/payment-guide\/\",\"url\":\"https:\/\/dankhonggianinox.com\/payment-guide\/\",\"name\":\"H\u01b0\u1edbng d\u1eabn thanh to\u00e1n. \u0110\u01a1n \u0111\u1eb7t h\u00e0ng. Mua inox 304\",\"isPartOf\":{\"@id\":\"https:\/\/dankhonggianinox.com\/vi\/#website\"},\"datePublished\":\"2017-12-09T00:55:21+00:00\",\"dateModified\":\"2019-12-14T07:44:39+00:00\",\"description\":\"H\u01b0\u1edbng d\u1eabn thanh to\u00e1n. \u0110\u01a1n \u0111\u1eb7t h\u00e0ng. Mua inox 304. Inox TINTA \u0111\u00e3 th\u1ef1c hi\u1ec7n nhi\u1ec1u c\u00f4ng tr\u00ecnh qu\u1ed1c gia, thu\u1ed9c nhi\u1ec1u l\u0129nh v\u1ef1c x\u00e2y d\u1ef1ng c\u00f4ng nghi\u1ec7p. Ch\u00fang t\u00f4i t\u1ef1 h\u00e0o c\u00f3 kh\u1ea3 n\u0103ng t\u00ecm hi\u1ec3u v\u00e0 t\u01b0 v\u1ea5n k\u1ef9 nhu c\u1ea7u kh\u00e1ch h\u00e0ng. C\u0169ng nh\u01b0\u00a0H\u01b0\u1edbng d\u1eabn thanh to\u00e1n.\",\"breadcrumb\":{\"@id\":\"https:\/\/dankhonggianinox.com\/payment-guide\/#breadcrumb\"},\"inLanguage\":\"vi\",\"potentialAction\":[{\"@type\":\"ReadAction\",\"target\":[\"https:\/\/dankhonggianinox.com\/payment-guide\/\"]}]},{\"@type\":\"BreadcrumbList\",\"@id\":\"https:\/\/dankhonggianinox.com\/payment-guide\/#breadcrumb\",\"itemListElement\":[{\"@type\":\"ListItem\",\"position\":1,\"name\":\"Home\",\"item\":\"https:\/\/dankhonggianinox.com\/vi\/\"},{\"@type\":\"ListItem\",\"position\":2,\"name\":\"Payment Guide\"}]},{\"@type\":\"WebSite\",\"@id\":\"https:\/\/dankhonggianinox.com\/vi\/#website\",\"url\":\"https:\/\/dankhonggianinox.com\/vi\/\",\"name\":\"Gi\u00e0n kh\u00f4ng gian inox 304. C\u00f4ng Ty C\u1ed5 Ph\u1ea7n TinTa Vi\u1ec7t Nam. Thi c\u00f4ng d\u00e0n khong dan s\u1eaft th\u00e9p\",\"description\":\"Gi\u00e0n kh\u00f4ng gian inox 304. D\u00e0n m\u00e1i \u0111\u00f3n k\u00ednh c\u01b0\u1eddng l\u1ef1c. C\u00f4ng Ty C\u1ed5 Ph\u1ea7n TINTA Vi\u1ec7t Nam. Thi\u1ebft k\u1ebf b\u1ea3n v\u1ebd file cad s\u1ea3n xu\u1ea5t l\u1eafp \u0111\u1eb7t. Thi c\u00f4ng d\u00e0n kh\u00f4ng gian th\u00e9p c\u00e1c lo\u1ea1i. Ph\u1ee5c v\u1ee5 c\u00e1c c\u00f4ng tr\u00ecnh \u0111\u1eb3ng c\u1ea5p cao t\u1ea1i Vi\u1ec7t Nam\",\"potentialAction\":[{\"@type\":\"SearchAction\",\"target\":{\"@type\":\"EntryPoint\",\"urlTemplate\":\"https:\/\/dankhonggianinox.com\/vi\/?s={search_term_string}\"},\"query-input\":{\"@type\":\"PropertyValueSpecification\",\"valueRequired\":true,\"valueName\":\"search_term_string\"}}],\"inLanguage\":\"vi\"}]}<\/script>\n<!-- \/ Yoast SEO plugin. -->","yoast_head_json":{"title":"H\u01b0\u1edbng d\u1eabn thanh to\u00e1n. \u0110\u01a1n \u0111\u1eb7t h\u00e0ng. Mua inox 304","description":"H\u01b0\u1edbng d\u1eabn thanh to\u00e1n. \u0110\u01a1n \u0111\u1eb7t h\u00e0ng. Mua inox 304. Inox TINTA \u0111\u00e3 th\u1ef1c hi\u1ec7n nhi\u1ec1u c\u00f4ng tr\u00ecnh qu\u1ed1c gia, thu\u1ed9c nhi\u1ec1u l\u0129nh v\u1ef1c x\u00e2y d\u1ef1ng c\u00f4ng nghi\u1ec7p. Ch\u00fang t\u00f4i t\u1ef1 h\u00e0o c\u00f3 kh\u1ea3 n\u0103ng t\u00ecm hi\u1ec3u v\u00e0 t\u01b0 v\u1ea5n k\u1ef9 nhu c\u1ea7u kh\u00e1ch h\u00e0ng. C\u0169ng nh\u01b0\u00a0H\u01b0\u1edbng d\u1eabn thanh to\u00e1n.","robots":{"index":"index","follow":"follow","max-snippet":"max-snippet:-1","max-image-preview":"max-image-preview:large","max-video-preview":"max-video-preview:-1"},"canonical":"https:\/\/dankhonggianinox.com\/payment-guide\/","og_locale":"vi_VN","og_type":"article","og_title":"H\u01b0\u1edbng d\u1eabn thanh to\u00e1n. \u0110\u01a1n \u0111\u1eb7t h\u00e0ng. Mua inox 304","og_description":"H\u01b0\u1edbng d\u1eabn thanh to\u00e1n. \u0110\u01a1n \u0111\u1eb7t h\u00e0ng. Mua inox 304. Inox TINTA \u0111\u00e3 th\u1ef1c hi\u1ec7n nhi\u1ec1u c\u00f4ng tr\u00ecnh qu\u1ed1c gia, thu\u1ed9c nhi\u1ec1u l\u0129nh v\u1ef1c x\u00e2y d\u1ef1ng c\u00f4ng nghi\u1ec7p. Ch\u00fang t\u00f4i t\u1ef1 h\u00e0o c\u00f3 kh\u1ea3 n\u0103ng t\u00ecm hi\u1ec3u v\u00e0 t\u01b0 v\u1ea5n k\u1ef9 nhu c\u1ea7u kh\u00e1ch h\u00e0ng. C\u0169ng nh\u01b0\u00a0H\u01b0\u1edbng d\u1eabn thanh to\u00e1n.","og_url":"https:\/\/dankhonggianinox.com\/payment-guide\/","og_site_name":"Gi\u00e0n kh\u00f4ng gian C\u00d4NG TY C\u1ed4 PH\u1ea8N TINTA VI\u1ec6T NAM. Thi c\u00f4ng gi\u00e0n kh\u00f4ng gian inox s\u1eaft th\u00e9p. M\u00e1i k\u00ednh c\u01b0\u1eddng l\u1ef1c.","article_publisher":"https:\/\/www.facebook.com\/GianKhongGianInoxTinTa\/","article_modified_time":"2019-12-14T07:44:39+00:00","twitter_card":"summary_large_image","twitter_misc":{"\u01af\u1edbc t\u00ednh th\u1eddi gian \u0111\u1ecdc":"8 ph\u00fat"},"schema":{"@context":"https:\/\/schema.org","@graph":[{"@type":"WebPage","@id":"https:\/\/dankhonggianinox.com\/payment-guide\/","url":"https:\/\/dankhonggianinox.com\/payment-guide\/","name":"H\u01b0\u1edbng d\u1eabn thanh to\u00e1n. \u0110\u01a1n \u0111\u1eb7t h\u00e0ng. Mua inox 304","isPartOf":{"@id":"https:\/\/dankhonggianinox.com\/vi\/#website"},"datePublished":"2017-12-09T00:55:21+00:00","dateModified":"2019-12-14T07:44:39+00:00","description":"H\u01b0\u1edbng d\u1eabn thanh to\u00e1n. \u0110\u01a1n \u0111\u1eb7t h\u00e0ng. Mua inox 304. Inox TINTA \u0111\u00e3 th\u1ef1c hi\u1ec7n nhi\u1ec1u c\u00f4ng tr\u00ecnh qu\u1ed1c gia, thu\u1ed9c nhi\u1ec1u l\u0129nh v\u1ef1c x\u00e2y d\u1ef1ng c\u00f4ng nghi\u1ec7p. Ch\u00fang t\u00f4i t\u1ef1 h\u00e0o c\u00f3 kh\u1ea3 n\u0103ng t\u00ecm hi\u1ec3u v\u00e0 t\u01b0 v\u1ea5n k\u1ef9 nhu c\u1ea7u kh\u00e1ch h\u00e0ng. C\u0169ng nh\u01b0\u00a0H\u01b0\u1edbng d\u1eabn thanh to\u00e1n.","breadcrumb":{"@id":"https:\/\/dankhonggianinox.com\/payment-guide\/#breadcrumb"},"inLanguage":"vi","potentialAction":[{"@type":"ReadAction","target":["https:\/\/dankhonggianinox.com\/payment-guide\/"]}]},{"@type":"BreadcrumbList","@id":"https:\/\/dankhonggianinox.com\/payment-guide\/#breadcrumb","itemListElement":[{"@type":"ListItem","position":1,"name":"Home","item":"https:\/\/dankhonggianinox.com\/vi\/"},{"@type":"ListItem","position":2,"name":"Payment Guide"}]},{"@type":"WebSite","@id":"https:\/\/dankhonggianinox.com\/vi\/#website","url":"https:\/\/dankhonggianinox.com\/vi\/","name":"Gi\u00e0n kh\u00f4ng gian inox 304. C\u00f4ng Ty C\u1ed5 Ph\u1ea7n TinTa Vi\u1ec7t Nam. Thi c\u00f4ng d\u00e0n khong dan s\u1eaft th\u00e9p","description":"Gi\u00e0n kh\u00f4ng gian inox 304. D\u00e0n m\u00e1i \u0111\u00f3n k\u00ednh c\u01b0\u1eddng l\u1ef1c. C\u00f4ng Ty C\u1ed5 Ph\u1ea7n TINTA Vi\u1ec7t Nam. Thi\u1ebft k\u1ebf b\u1ea3n v\u1ebd file cad s\u1ea3n xu\u1ea5t l\u1eafp \u0111\u1eb7t. Thi c\u00f4ng d\u00e0n kh\u00f4ng gian th\u00e9p c\u00e1c lo\u1ea1i. Ph\u1ee5c v\u1ee5 c\u00e1c c\u00f4ng tr\u00ecnh \u0111\u1eb3ng c\u1ea5p cao t\u1ea1i Vi\u1ec7t Nam","potentialAction":[{"@type":"SearchAction","target":{"@type":"EntryPoint","urlTemplate":"https:\/\/dankhonggianinox.com\/vi\/?s={search_term_string}"},"query-input":{"@type":"PropertyValueSpecification","valueRequired":true,"valueName":"search_term_string"}}],"inLanguage":"vi"}]}},"_links":{"self":[{"href":"https:\/\/dankhonggianinox.com\/vi\/wp-json\/wp\/v2\/pages\/539","targetHints":{"allow":["GET"]}}],"collection":[{"href":"https:\/\/dankhonggianinox.com\/vi\/wp-json\/wp\/v2\/pages"}],"about":[{"href":"https:\/\/dankhonggianinox.com\/vi\/wp-json\/wp\/v2\/types\/page"}],"author":[{"embeddable":true,"href":"https:\/\/dankhonggianinox.com\/vi\/wp-json\/wp\/v2\/users\/1"}],"replies":[{"embeddable":true,"href":"https:\/\/dankhonggianinox.com\/vi\/wp-json\/wp\/v2\/comments?post=539"}],"version-history":[{"count":12,"href":"https:\/\/dankhonggianinox.com\/vi\/wp-json\/wp\/v2\/pages\/539\/revisions"}],"predecessor-version":[{"id":2582,"href":"https:\/\/dankhonggianinox.com\/vi\/wp-json\/wp\/v2\/pages\/539\/revisions\/2582"}],"wp:attachment":[{"href":"https:\/\/dankhonggianinox.com\/vi\/wp-json\/wp\/v2\/media?parent=539"}],"curies":[{"name":"wp","href":"https:\/\/api.w.org\/{rel}","templated":true}]}}