{"id":595,"date":"2018-03-19T02:22:24","date_gmt":"2018-03-19T02:22:24","guid":{"rendered":"http:\/\/dankhonggianinox.com\/?page_id=595"},"modified":"2019-12-14T14:44:39","modified_gmt":"2019-12-14T07:44:39","slug":"stainless-steel-products-stool-furnitures-stainless-steel-furnitures","status":"publish","type":"page","link":"https:\/\/dankhonggianinox.com\/vi\/stainless-steel-products-stool-furnitures\/","title":{"rendered":"Stainless Steel Products, Stool, Furnitures, Stainless Steel Furnitures"},"content":{"rendered":"<p><\/p>\n<h1><span style=\"font-size: 14pt; font-family: georgia, palatino, serif;\">Stainless Steel Products, Stool, Furnitures, Stainless Steel Furnitures.\u00a0<\/span><\/h1>\n<p><span style=\"font-size: 14pt; font-family: georgia, palatino, serif;\">Stainless Steel Products,<span style=\"color: #ffffff;\">.<\/span> Stool,<span style=\"color: #ffffff;\">.<\/span> Furnitures,<span style=\"color: #ffffff;\">.<\/span> Stainless Steel Furnitures. \u00a0<\/span><span style=\"font-size: 14pt; font-family: georgia, palatino, serif;\">Stainless Steel Products made in Vietnam TINTA Corporation have been exported to many countries in the World. Stainless steel Stool, Furnitures,\u00a0Stainless Steel Products <a href=\"http:\/\/gotome.asia\" target=\"_blank\" rel=\"noopener noreferrer\">made in VietNam<\/a>, inox, Stainless Steel Furniture. Stainless Steel Products, Products made by stainless steel. Furniture made by Stainless Steel ( inox ) 201, 304, 316. Within 20 years in manufacturing and supplying Stainless Steel Products\u2026.Many kinds of Stainless Steel Furniture made in VietNam with CHEAPEST PRICE but in THE BEST QUALITIES. Take look with\u00a0Stainless Steel Products, Stool, <a href=\"http:\/\/tinta.vn\" target=\"_blank\" rel=\"noopener noreferrer\">Furnitures,<\/a> Stainless Steel Furnitures. Stainless Steel Products,<span style=\"color: #ffffff;\">.<\/span> Stool,<span style=\"color: #ffffff;\">.<\/span> Furnitures,<span style=\"color: #ffffff;\">.<\/span> Stainless Steel Furnitures.<\/span><\/p>\n<a href=\"http:\/\/gotome.info\"><\/a> Stainless Steel Products, Stool, Furnitures, Stainless Steel Furnitures.\n<h2 style=\"text-align: center;\"><span style=\"font-size: 14pt; font-family: georgia, palatino, serif;\">Vietnam Products. Stainless Steel Products, Stool, Furnitures, Stainless Steel Furnitures.\u00a0<\/span><\/h2>\n<p><span style=\"font-size: 14pt; font-family: georgia, palatino, serif;\">Stainless Steel Products with lots of kinds like Stool, Furnitures, table, chairs, baseket, racks, box, Stainless Steel Furnitures, <a href=\"http:\/\/gotome.asia\" target=\"_blank\" rel=\"noopener noreferrer\">Stainless Steel Products Made in VietNam.<\/a>\u00a0VIETNAM TINTA CORPORATION is the best suppliers and exporters in VietNam, Many kinds of stainless steel products, furnitures along with contact details &amp; address. Find here Stainless Steel products, Furniture suppliers, manufacturers, wholesalers, traders with <span style=\"color: #ff0000;\"><strong><a style=\"color: #ff0000;\" href=\"https:\/\/www.dankhonggianinox.com\" target=\"_blank\" rel=\"noopener noreferrer\">Stainless Steel products<\/a><\/strong><\/span> and stainless steel Furniture best prices for buying many products.\u00a0Stainless Steel Products,<span style=\"color: #ffffff;\">.<\/span> Stool,<span style=\"color: #ffffff;\">.<\/span> Furnitures,<span style=\"color: #ffffff;\">.<\/span> Stainless Steel Furnitures.<\/span><\/p>\n<p><span style=\"font-size: 14pt; font-family: georgia, palatino, serif;\">Stainless Steel Living Room Furniture. Find the perfect balance between comfort and style with Stainless Steel Furniture for You.\u00a0<span style=\"color: #ffffff; font-size: 8pt;\">Stainless Steel Products,. Stool,. Furnitures,. Stainless Steel Furnitures.<\/span><\/span><\/p>\n<h3><span style=\"font-size: 14pt; font-family: georgia, palatino, serif;\">Made in Vietnam, Stainless Steel Products, Stool, Furnitures, Stainless Steel Furnitures<\/span><\/h3>\n<p><span style=\"font-size: 14pt; font-family: georgia, palatino, serif;\">Vietnam TINTA Corporation Always Try Attempting To Bring To Customers The Most Perfect Products And Service\u00a0 <u>With Right Price, Quality And Time As Promising<\/u>. SEE AT\u00a0\u00a0 <a href=\"http:\/\/gotome.asia\" target=\"_blank\" rel=\"noopener noreferrer\">http:\/\/gotome.asia<\/a>.\u00a0\u00a0<a href=\"https:\/\/dankhonggianinox.com\/\" target=\"_blank\" rel=\"noopener noreferrer\"><span style=\"color: #ff00ff;\"><strong>Stainless Steel Products<\/strong><\/span><\/a>, Stool, Furnitures, Stainless Steel Furnitures, <a href=\"https:\/\/www.inoxtinta.com\/\" target=\"_blank\" rel=\"noopener noreferrer\">Stainless Steel Products<\/a>. Are Stainless Steel Furniture Made In VietNam one of your favourite orders? This collection presents different furniture which you might use in order to enrich your household, or other needs for Stainless Steel Products. Some products are more sophisticated, some quite simple but VIETNAM TINTA CORPORATION can manufacturing and supplying many of them; Coast holders. Basket, boxs, equipments, spoons, meshes, frames, racks, Chairs, stools, tables or even refrigerators \u2013 all of these with stainless steel elements\u2026.etc for\u00a0Stainless Steel Products, Stool, Furnitures, Stainless Steel Furnitures.\u00a0\u00a0<span style=\"color: #ffffff; font-size: 8pt;\">Stainless Steel Products,. Stool,. Furnitures,. Stainless Steel Furnitures.<\/span><\/span><\/p>\n<p><span style=\"font-size: 14pt; font-family: georgia, palatino, serif;\">Check at this website and decide. <a href=\"http:\/\/tinta.vn\">http:\/\/tinta.vn<\/a>\u00a0\u00a0\u00a0 |\u00a0\u00a0 <a href=\"http:\/\/inoxtinta.com\">http:\/\/inoxtinta.com<\/a>\u00a0 |\u00a0\u00a0\u00a0\u00a0 http:\/\/<a href=\"http:\/\/WwW.giankhonggian.vn\">WwW.giankhonggian.vn<\/a><\/span><\/p>\n<p><span style=\"font-size: 14pt; font-family: georgia, palatino, serif;\">Stainless Steel Products, Stool, Furnitures, Stainless Steel Furnitures. All these Stainless Steel Products Made In VietNam, Stainless Steel Furniture Made In VietNam Cheapest Prices?<\/span><\/p>\n<p><span style=\"font-size: 14pt; font-family: georgia, palatino, serif;\">Please Do Not Hesitate sending to VietNam TINTA Corporation any your demands.<\/span><\/p>\n<p><span style=\"font-size: 14pt; font-family: georgia, palatino, serif;\">Office: 68 Nguyen Hue, Ben Nghe Ward, District 1, Ho Chi Minh City, Vietnam Country.<\/span><\/p>\n<p><span style=\"font-size: 14pt; font-family: georgia, palatino, serif;\">Hotline: 0084 987636779;\u00a0 0084 28 66736186 \u00a0| Email: tinta@tinta.vn<\/span><\/p>\n<p><span style=\"font-size: 14pt; font-family: georgia, palatino, serif;\">Factory: Block 3, Road No 10, Song Than 1 Industrial Zone, Di An Town, Binh Duong Province, Vietnam Country.<\/span><\/p>\n<h4><span style=\"font-size: 14pt; font-family: georgia, palatino, serif;\">Stainless Steel Stool and Furniture made in VietNam.\u00a0<\/span><\/h4>\n<p><span style=\"font-size: 14pt; font-family: georgia, palatino, serif;\">Stainless Steel Stool and Furniture made in VietNam. Inox Furniture Products, Stainless Steel Furnitures.\u00a0Furniture Products made in Vietnam. We are manufacturing and supplying many kinds of Inox furniture or Stainless Steel Products with your demands, Stainless steel Furniture and Stainless Steel Industrial Products&#8230;\u00a0\u00a0<span style=\"color: #ffffff; font-size: 8pt;\">Stainless Steel Products,. Stool,. Furnitures,. Stainless Steel Furnitures.<\/span><\/span><\/p>\n<p><span style=\"font-size: 14pt; font-family: georgia, palatino, serif;\">Stainless Steel Furniture Made In VietNam. Please Do not hesitate and send to VietNam TINTA Corporation any your demands\u2026.. Vietnam TINTA Corporation Always Try Attempting To Bring To Customers The Most Perfect Products And Service\u00a0 <u>With Right Price, Quality And Time As Promising.<\/u><\/span><\/p>\n<p><span style=\"font-size: 14pt; font-family: georgia, palatino, serif;\">Furniture made by Stainless Steel ( inox ) 201, 304, 316. Within 20 years in manufacturing and supplying Stainless Steel Products\u2026.Many kinds of Stainless Steel Furniture made in VietNam with CHEAPEST PRICE but in THE BEST QUALITIES.<\/span><\/p>\n<h5><span style=\"font-size: 14pt; font-family: georgia, palatino, serif;\">Stainless Steel Stool, Furniture made in Vietnam, Stainless Steel Products, Stool, Furnitures, Stainless Steel Furnitures.<\/span><\/h5>\n<p><span style=\"font-size: 14pt; font-family: georgia, palatino, serif;\">Stainless Steel Products,<span style=\"color: #ffffff;\">.<\/span> Stool,<span style=\"color: #ffffff;\">.<\/span> Furnitures,<span style=\"color: #ffffff;\">.<\/span> Stainless Steel Furnitures. Buying Stainless Steel Furniture Made in VietNam with many of items made by Stainless Steel as Stainless Steel Furniture manufacturers. <a href=\"https:\/\/cotcoinox.net\" target=\"_blank\" rel=\"noopener noreferrer\">VIETNAM TINTA CORPORATION<\/a> is the best suppliers and exporters in VietNam. Many kinds of stainless steel furnitures along with contact details &amp; address. Find here Stainless Steel Furniture suppliers, manufacturers, wholesalers, traders with Stainless Steel Furniture prices for buying many products.\u00a0\u00a0<span style=\"color: #ffffff; font-size: 8pt;\">Stainless Steel Products,. Stool,. Furnitures,. Stainless Steel Furnitures.<\/span><\/span><\/p>\n<p><span style=\"font-size: 14pt; font-family: georgia, palatino, serif;\">Stainless Steel Living Room Furniture. Find the perfect balance between comfort and style with Stainless Steel Furniture for You.\u00a0\u00a0<span style=\"color: #ffffff; font-size: 8pt;\">Stainless Steel Products,. Stool,. Furnitures,. Stainless Steel Furnitures.<\/span><\/span><\/p>\n<p><span style=\"font-size: 14pt; font-family: georgia, palatino, serif;\">Are Stainless Steel Furniture Made In VietNam one of your favourite orders? This collection presents different furniture which you might use in order to enrich your household, or other needs for Stainless Steel Products. Some products are more sophisticated, some quite simple but VIETNAM TINTA CORPORATION can manufacturing and supplying many of them: coaster holders, inox holders. Basket, boxs, equipments, Chairs, stools, tables or even refrigerators \u2013 all of these with stainless steel elements. Check at this website and decide. <a href=\"http:\/\/tinta.vn\">http:\/\/tinta.vn<\/a>\u00a0\u00a0\u00a0 |\u00a0\u00a0 <a href=\"http:\/\/inoxtinta.com\">http:\/\/inoxtinta.com<\/a><\/span><\/p>\n<h6><span style=\"font-size: 14pt; font-family: georgia, palatino, serif;\">Space Frame. Stainless Steel Products,<span style=\"color: #ffffff;\">.<\/span> Stool,<span style=\"color: #ffffff;\">.<\/span> Furnitures,<span style=\"color: #ffffff;\">.<\/span> Stainless Steel Furnitures.<\/span><\/h6>\n<p><span style=\"font-size: 14pt; font-family: georgia, palatino, serif;\">Space Frame, Stainless Steel Space Frames,<span style=\"color: #ff00ff;\"><strong> <a style=\"color: #ff00ff;\" href=\"https:\/\/dankhonggianinox.com\/\" target=\"_blank\" rel=\"noopener noreferrer\">Stainless Steel Space Frame<\/a><\/strong><\/span> SUS 304, 316,\u00a0Stailess Steel Furniture made in VietNam &#8211; VietNam TINTA Corporation supplying many kinds of Space Frame with Hight Level In VietNam and around the World. Production of all kinds of <a href=\"https:\/\/dankhonggianinox.com\/\" target=\"_blank\" rel=\"noopener noreferrer\">Space frames<\/a>, Stainless steel space frames made in VietNam with Very Hight Qualities.<\/span><\/p>\n Stainless Steel Products, Stool, Furnitures, Stainless Steel Furnitures.\n<p><span style=\"font-size: 14pt; font-family: georgia, palatino, serif;\">Stainless steel space frame, <a href=\"http:\/\/www.tinta.vn\" target=\"_blank\" rel=\"noopener noreferrer\">VietNam TINTA Corporation<\/a> manufacturing stainless steel space frames for Serving the high and big projects in Vietnam and other countries in the world. Designing space frames with full drawings.\u00a0\u00a0 Supplying Space Frame products such as; <a href=\"https:\/\/www.dankhonggianinox.com\" target=\"_blank\" rel=\"noopener noreferrer\">Stainless Steel Space Frame<\/a>, roofs with polycacbonate plate, stainless steel roofs, stainless steel canopy, stainless steel roofs with tempressed glass, roof with glass&#8230;\u00a0Stainless Steel Products, Stool, Furnitures, Stainless Steel Furnitures.<\/span><\/p>\n<p><span style=\"font-size: 14pt; font-family: georgia, palatino, serif;\">Please Do not hesitate and contact us \u2013 <a href=\"https:\/\/www.inoxtinta.com\/\" target=\"_blank\" rel=\"noopener noreferrer\">Furniture made in Vietnam<\/a>\u2026..<\/span><\/p>\n<p><span style=\"font-size: 14pt; font-family: georgia, palatino, serif;\">Head office: 68 Nguyen Hue, Ben Nghe Ward, District 1, Ho Chi Minh City, Vietnam Country.<\/span><\/p>\n<p><span style=\"font-size: 14pt; font-family: georgia, palatino, serif;\">Hotline: 0084 987636779;\u00a0 0084 28 66736186 \u00a0| Email: tinta@tinta.vn\u00a0 |\u00a0 inoxtinta@gmail.com.<\/span><\/p>\n<p><span style=\"font-size: 14pt; font-family: georgia, palatino, serif;\">WwW.giankhonggian.vn\u00a0 |\u00a0 wWw.tinta.vn\u00a0 |\u00a0 WwW.inoxtinta.com.<\/span><\/p>\n<p><span style=\"font-size: 14pt; font-family: georgia, palatino, serif;\">Factory: Block 3, Road No 10, Song Than 1 Industrial Zone, Di An Town, Binh Duong Province, Vietnam Country.<\/span><\/p>\n<h6><span style=\"font-size: 14pt; font-family: georgia, palatino, serif;\">Stainless Steel Products, Stool, Furnitures, Stainless Steel Furnitures.<\/span><\/h6>\n<p><span style=\"font-size: 14pt; font-family: georgia, palatino, serif;\">Made in Vietnam Stainless Steel Products, Stool, Furnitures, Stainless Steel Furnitures. All we can make and manufacture as your order,\u00a0 Stainless Steel Products made in VietNam, inox, Stainless Steel Furniture. Stainless Steel Products made in Vietnam, inox products, Stainless Steel Furnitures. Furniture Products. We are the VietNam company manufacturing and supplying many kinds of Stainless Steel Products, Inox furniture, Stainless Steel Products with your demands, Stainless steel Furniture and Stainless Steel Industrial Products&#8230;<\/span><\/p>\n<h5><span style=\"font-size: 14pt; font-family: georgia, palatino, serif;\">For Stainless Steel Products,<span style=\"color: #ffffff;\">.<\/span> Stool,<span style=\"color: #ffffff;\">.<\/span> Furnitures,<span style=\"color: #ffffff;\">.<\/span> Stainless Steel Furnitures. SEE MORE &gt;&gt;&gt;.<\/span><\/h5>\n<p><span style=\"font-size: 8pt; font-family: georgia, palatino, serif; color: #ffffff;\">Stainless Steel Products,. Stool,. Furnitures,. Stainless Steel Furnitures.<\/span><\/p>","protected":false},"excerpt":{"rendered":"<p>Stainless Steel Products, Stool, Furnitures, Stainless Steel Furnitures.\u00a0 Stainless Steel Products,. Stool,. Furnitures,. Stainless Steel Furnitures. \u00a0Stainless Steel Products made in Vietnam TINTA Corporation have been exported to many countries&#8230;<\/p>\n","protected":false},"author":1,"featured_media":0,"parent":0,"menu_order":0,"comment_status":"closed","ping_status":"open","template":"","meta":{"footnotes":""},"class_list":["post-595","page","type-page","status-publish","hentry"],"yoast_head":"<!-- This site is optimized with the Yoast SEO plugin v24.9 - https:\/\/yoast.com\/wordpress\/plugins\/seo\/ -->\n<title>\u00a0Stainless Steel Products,. Stool,. Furnitures,. Stainless Steel Furnitures.<\/title>\n<meta name=\"description\" content=\"Stainless Steel Products,. Stool,. Furnitures,. Stainless Steel Furnitures. Stainless Steel Stool, Stainless Steel, Stainless Steel Products made in vietnam, Stainless Steel Stool made in vietnam, Stainless Steel Furnitures made in vietnam, Stainless, Steel, Products, made, in, vietnam.\" \/>\n<meta name=\"robots\" content=\"index, follow, max-snippet:-1, max-image-preview:large, max-video-preview:-1\" \/>\n<link rel=\"canonical\" href=\"https:\/\/dankhonggianinox.com\/tieng-viet-stainless-steel-products-stool-furnitures\/\" \/>\n<meta property=\"og:locale\" content=\"vi_VN\" \/>\n<meta property=\"og:type\" content=\"article\" \/>\n<meta property=\"og:title\" content=\"\u00a0Stainless Steel Products,. Stool,. Furnitures,. Stainless Steel Furnitures.\" \/>\n<meta property=\"og:description\" content=\"Stainless Steel Products,. Stool,. Furnitures,. Stainless Steel Furnitures. Stainless Steel Stool, Stainless Steel, Stainless Steel Products made in vietnam, Stainless Steel Stool made in vietnam, Stainless Steel Furnitures made in vietnam, Stainless, Steel, Products, made, in, vietnam.\" \/>\n<meta property=\"og:url\" content=\"https:\/\/dankhonggianinox.com\/tieng-viet-stainless-steel-products-stool-furnitures\/\" \/>\n<meta property=\"og:site_name\" content=\"Gi\u00e0n kh\u00f4ng gian C\u00d4NG TY C\u1ed4 PH\u1ea8N TINTA VI\u1ec6T NAM. Thi c\u00f4ng gi\u00e0n kh\u00f4ng gian inox s\u1eaft th\u00e9p. M\u00e1i k\u00ednh c\u01b0\u1eddng l\u1ef1c.\" \/>\n<meta property=\"article:publisher\" content=\"https:\/\/www.facebook.com\/GianKhongGianInoxTinTa\/\" \/>\n<meta property=\"article:modified_time\" content=\"2019-12-14T07:44:39+00:00\" \/>\n<meta name=\"twitter:card\" content=\"summary_large_image\" \/>\n<meta name=\"twitter:label1\" content=\"\u01af\u1edbc t\u00ednh th\u1eddi gian \u0111\u1ecdc\" \/>\n\t<meta name=\"twitter:data1\" content=\"11 ph\u00fat\" \/>\n<script type=\"application\/ld+json\" class=\"yoast-schema-graph\">{\"@context\":\"https:\/\/schema.org\",\"@graph\":[{\"@type\":\"WebPage\",\"@id\":\"https:\/\/dankhonggianinox.com\/tieng-viet-stainless-steel-products-stool-furnitures\/\",\"url\":\"https:\/\/dankhonggianinox.com\/tieng-viet-stainless-steel-products-stool-furnitures\/\",\"name\":\"\u00a0Stainless Steel Products,. Stool,. Furnitures,. Stainless Steel Furnitures.\",\"isPartOf\":{\"@id\":\"https:\/\/dankhonggianinox.com\/vi\/#website\"},\"datePublished\":\"2018-03-19T02:22:24+00:00\",\"dateModified\":\"2019-12-14T07:44:39+00:00\",\"description\":\"Stainless Steel Products,. Stool,. Furnitures,. Stainless Steel Furnitures. Stainless Steel Stool, Stainless Steel, Stainless Steel Products made in vietnam, Stainless Steel Stool made in vietnam, Stainless Steel Furnitures made in vietnam, Stainless, Steel, Products, made, in, vietnam.\",\"breadcrumb\":{\"@id\":\"https:\/\/dankhonggianinox.com\/tieng-viet-stainless-steel-products-stool-furnitures\/#breadcrumb\"},\"inLanguage\":\"vi\",\"potentialAction\":[{\"@type\":\"ReadAction\",\"target\":[\"https:\/\/dankhonggianinox.com\/tieng-viet-stainless-steel-products-stool-furnitures\/\"]}]},{\"@type\":\"BreadcrumbList\",\"@id\":\"https:\/\/dankhonggianinox.com\/tieng-viet-stainless-steel-products-stool-furnitures\/#breadcrumb\",\"itemListElement\":[{\"@type\":\"ListItem\",\"position\":1,\"name\":\"Home\",\"item\":\"https:\/\/dankhonggianinox.com\/vi\/\"},{\"@type\":\"ListItem\",\"position\":2,\"name\":\"(Ti\u1ebfng Vi\u1ec7t) Stainless Steel Products, Stool, Furnitures, Stainless Steel Furnitures\"}]},{\"@type\":\"WebSite\",\"@id\":\"https:\/\/dankhonggianinox.com\/vi\/#website\",\"url\":\"https:\/\/dankhonggianinox.com\/vi\/\",\"name\":\"Gi\u00e0n kh\u00f4ng gian inox 304. C\u00f4ng Ty C\u1ed5 Ph\u1ea7n TinTa Vi\u1ec7t Nam. Thi c\u00f4ng d\u00e0n khong dan s\u1eaft th\u00e9p\",\"description\":\"Gi\u00e0n kh\u00f4ng gian inox 304. D\u00e0n m\u00e1i \u0111\u00f3n k\u00ednh c\u01b0\u1eddng l\u1ef1c. C\u00f4ng Ty C\u1ed5 Ph\u1ea7n TINTA Vi\u1ec7t Nam. Thi\u1ebft k\u1ebf b\u1ea3n v\u1ebd file cad s\u1ea3n xu\u1ea5t l\u1eafp \u0111\u1eb7t. Thi c\u00f4ng d\u00e0n kh\u00f4ng gian th\u00e9p c\u00e1c lo\u1ea1i. Ph\u1ee5c v\u1ee5 c\u00e1c c\u00f4ng tr\u00ecnh \u0111\u1eb3ng c\u1ea5p cao t\u1ea1i Vi\u1ec7t Nam\",\"potentialAction\":[{\"@type\":\"SearchAction\",\"target\":{\"@type\":\"EntryPoint\",\"urlTemplate\":\"https:\/\/dankhonggianinox.com\/vi\/?s={search_term_string}\"},\"query-input\":{\"@type\":\"PropertyValueSpecification\",\"valueRequired\":true,\"valueName\":\"search_term_string\"}}],\"inLanguage\":\"vi\"}]}<\/script>\n<!-- \/ Yoast SEO plugin. -->","yoast_head_json":{"title":"\u00a0Stainless Steel Products,. Stool,. Furnitures,. Stainless Steel Furnitures.","description":"Stainless Steel Products,. Stool,. Furnitures,. Stainless Steel Furnitures. Stainless Steel Stool, Stainless Steel, Stainless Steel Products made in vietnam, Stainless Steel Stool made in vietnam, Stainless Steel Furnitures made in vietnam, Stainless, Steel, Products, made, in, vietnam.","robots":{"index":"index","follow":"follow","max-snippet":"max-snippet:-1","max-image-preview":"max-image-preview:large","max-video-preview":"max-video-preview:-1"},"canonical":"https:\/\/dankhonggianinox.com\/tieng-viet-stainless-steel-products-stool-furnitures\/","og_locale":"vi_VN","og_type":"article","og_title":"\u00a0Stainless Steel Products,. Stool,. Furnitures,. Stainless Steel Furnitures.","og_description":"Stainless Steel Products,. Stool,. Furnitures,. Stainless Steel Furnitures. Stainless Steel Stool, Stainless Steel, Stainless Steel Products made in vietnam, Stainless Steel Stool made in vietnam, Stainless Steel Furnitures made in vietnam, Stainless, Steel, Products, made, in, vietnam.","og_url":"https:\/\/dankhonggianinox.com\/tieng-viet-stainless-steel-products-stool-furnitures\/","og_site_name":"Gi\u00e0n kh\u00f4ng gian C\u00d4NG TY C\u1ed4 PH\u1ea8N TINTA VI\u1ec6T NAM. Thi c\u00f4ng gi\u00e0n kh\u00f4ng gian inox s\u1eaft th\u00e9p. M\u00e1i k\u00ednh c\u01b0\u1eddng l\u1ef1c.","article_publisher":"https:\/\/www.facebook.com\/GianKhongGianInoxTinTa\/","article_modified_time":"2019-12-14T07:44:39+00:00","twitter_card":"summary_large_image","twitter_misc":{"\u01af\u1edbc t\u00ednh th\u1eddi gian \u0111\u1ecdc":"11 ph\u00fat"},"schema":{"@context":"https:\/\/schema.org","@graph":[{"@type":"WebPage","@id":"https:\/\/dankhonggianinox.com\/tieng-viet-stainless-steel-products-stool-furnitures\/","url":"https:\/\/dankhonggianinox.com\/tieng-viet-stainless-steel-products-stool-furnitures\/","name":"\u00a0Stainless Steel Products,. Stool,. Furnitures,. Stainless Steel Furnitures.","isPartOf":{"@id":"https:\/\/dankhonggianinox.com\/vi\/#website"},"datePublished":"2018-03-19T02:22:24+00:00","dateModified":"2019-12-14T07:44:39+00:00","description":"Stainless Steel Products,. Stool,. Furnitures,. Stainless Steel Furnitures. Stainless Steel Stool, Stainless Steel, Stainless Steel Products made in vietnam, Stainless Steel Stool made in vietnam, Stainless Steel Furnitures made in vietnam, Stainless, Steel, Products, made, in, vietnam.","breadcrumb":{"@id":"https:\/\/dankhonggianinox.com\/tieng-viet-stainless-steel-products-stool-furnitures\/#breadcrumb"},"inLanguage":"vi","potentialAction":[{"@type":"ReadAction","target":["https:\/\/dankhonggianinox.com\/tieng-viet-stainless-steel-products-stool-furnitures\/"]}]},{"@type":"BreadcrumbList","@id":"https:\/\/dankhonggianinox.com\/tieng-viet-stainless-steel-products-stool-furnitures\/#breadcrumb","itemListElement":[{"@type":"ListItem","position":1,"name":"Home","item":"https:\/\/dankhonggianinox.com\/vi\/"},{"@type":"ListItem","position":2,"name":"(Ti\u1ebfng Vi\u1ec7t) Stainless Steel Products, Stool, Furnitures, Stainless Steel Furnitures"}]},{"@type":"WebSite","@id":"https:\/\/dankhonggianinox.com\/vi\/#website","url":"https:\/\/dankhonggianinox.com\/vi\/","name":"Gi\u00e0n kh\u00f4ng gian inox 304. C\u00f4ng Ty C\u1ed5 Ph\u1ea7n TinTa Vi\u1ec7t Nam. Thi c\u00f4ng d\u00e0n khong dan s\u1eaft th\u00e9p","description":"Gi\u00e0n kh\u00f4ng gian inox 304. D\u00e0n m\u00e1i \u0111\u00f3n k\u00ednh c\u01b0\u1eddng l\u1ef1c. C\u00f4ng Ty C\u1ed5 Ph\u1ea7n TINTA Vi\u1ec7t Nam. Thi\u1ebft k\u1ebf b\u1ea3n v\u1ebd file cad s\u1ea3n xu\u1ea5t l\u1eafp \u0111\u1eb7t. Thi c\u00f4ng d\u00e0n kh\u00f4ng gian th\u00e9p c\u00e1c lo\u1ea1i. Ph\u1ee5c v\u1ee5 c\u00e1c c\u00f4ng tr\u00ecnh \u0111\u1eb3ng c\u1ea5p cao t\u1ea1i Vi\u1ec7t Nam","potentialAction":[{"@type":"SearchAction","target":{"@type":"EntryPoint","urlTemplate":"https:\/\/dankhonggianinox.com\/vi\/?s={search_term_string}"},"query-input":{"@type":"PropertyValueSpecification","valueRequired":true,"valueName":"search_term_string"}}],"inLanguage":"vi"}]}},"_links":{"self":[{"href":"https:\/\/dankhonggianinox.com\/vi\/wp-json\/wp\/v2\/pages\/595","targetHints":{"allow":["GET"]}}],"collection":[{"href":"https:\/\/dankhonggianinox.com\/vi\/wp-json\/wp\/v2\/pages"}],"about":[{"href":"https:\/\/dankhonggianinox.com\/vi\/wp-json\/wp\/v2\/types\/page"}],"author":[{"embeddable":true,"href":"https:\/\/dankhonggianinox.com\/vi\/wp-json\/wp\/v2\/users\/1"}],"replies":[{"embeddable":true,"href":"https:\/\/dankhonggianinox.com\/vi\/wp-json\/wp\/v2\/comments?post=595"}],"version-history":[{"count":25,"href":"https:\/\/dankhonggianinox.com\/vi\/wp-json\/wp\/v2\/pages\/595\/revisions"}],"predecessor-version":[{"id":2580,"href":"https:\/\/dankhonggianinox.com\/vi\/wp-json\/wp\/v2\/pages\/595\/revisions\/2580"}],"wp:attachment":[{"href":"https:\/\/dankhonggianinox.com\/vi\/wp-json\/wp\/v2\/media?parent=595"}],"curies":[{"name":"wp","href":"https:\/\/api.w.org\/{rel}","templated":true}]}}