{"id":9,"date":"2018-05-18T11:40:39","date_gmt":"2018-05-18T04:40:39","guid":{"rendered":"http:\/\/localhost\/wordpress\/daninox\/?page_id=9"},"modified":"2019-12-14T14:43:05","modified_gmt":"2019-12-14T07:43:05","slug":"thanh-tich","status":"publish","type":"page","link":"https:\/\/dankhonggianinox.com\/vi\/thanh-tich\/","title":{"rendered":"Th\u00e0nh t\u00edch"},"content":{"rendered":"<p><\/p>\n<h1 style=\"text-align: justify;\"><span style=\"font-family: georgia, palatino, serif; font-size: 14pt;\">Th\u00e0nh t\u00edch. Thi\u1ebft k\u1ebf. Thi c\u00f4ng gi\u00e0n kh\u00f4ng gian inox.\u00a0<\/span><\/h1>\n<p><span style=\"font-family: georgia, palatino, serif; font-size: 14pt;\">Th\u00e0nh t\u00edch. Thi\u1ebft k\u1ebf. Thi c\u00f4ng gi\u00e0n kh\u00f4ng gian inox. Trong nh\u1eefng n\u0103m qua. C\u00f4ng ty C\u1ed5 Ph\u1ea7n Inox TINTA Vi\u1ec7t Nam. Kh\u00f4ng nh\u1eefng thi\u1ebft k\u1ebf thi c\u00f4ng nhi\u1ec1u c\u00f4ng tr\u00ecnh l\u1edbn, t\u1ea7m v\u00f3c qu\u1ed1c gia. Th\u00e0nh t\u00edch. Thi\u1ebft k\u1ebf. Thi c\u00f4ng gi\u00e0n kh\u00f4ng gian inox. C\u00e1c s\u1ea3n ph\u1ea9m gi\u00e0n kh\u00f4ng gian c\u1ee7a <a href=\"http:\/\/www.tinta.vn\" target=\"_blank\" rel=\"noopener noreferrer\">TINTA<\/a> \u0111\u00e3 \u0111\u01b0\u1ee3c <strong><a href=\"https:\/\/dankhonggianinox.com\/\" target=\"_blank\" rel=\"noopener noreferrer\">B\u1ed9 X\u00e2y D\u1ef1ng<\/a><\/strong> t\u1eb7ng th\u01b0\u1edfng nhi\u1ec1u Huy Ch\u01b0\u01a1ng V\u00e0ng Ch\u1ea5t L\u01b0\u1ee3ng S\u1ea3n Ph\u1ea9m trong h\u01a1n 5 n\u0103m li\u1ec1n. <\/span><\/p>\n<p><span style=\"font-family: georgia, palatino, serif; font-size: 14pt;\">B\u00ean c\u1ea1nh nh\u1eefng Huy Ch\u01b0\u01a1ng V\u00e0ng v\u1ec1 Ch\u1ea5t L\u01b0\u1ee3ng S\u1ea3n Ph\u1ea9m.\u00a0Th\u00e0nh t\u00edch. Thi\u1ebft k\u1ebf. Thi c\u00f4ng gi\u00e0n kh\u00f4ng gian inox. S\u1ea3n ph\u1ea9m ti\u00ean phong c\u1ee7a TINTA l\u00e0\u00a0<a href=\"https:\/\/www.dankhonggianinox.com\" target=\"_blank\" rel=\"noopener noreferrer\"><strong>gi\u00e0n kh\u00f4ng gian<\/strong><\/a> trong nhi\u1ec1u n\u0103m \u0111\u00e3 nh\u1eadn \u0111\u01b0\u1ee3c nhi\u1ec1u C\u00fap V\u00e0ng ng\u00e0nh x\u00e2y d\u1ef1ng Vi\u1ec7t Nam.\u00a0<\/span><\/p>\n<h2><span style=\"font-family: georgia, palatino, serif; font-size: 14pt;\">Nh\u1eefng Th\u00e0nh t\u00edch. Thi\u1ebft k\u1ebf. Thi c\u00f4ng gi\u00e0n kh\u00f4ng gian inox. \u0110\u1eb3ng c\u1ea5p c\u00f4ng tr\u00ecnh.\u00a0<\/span><\/h2>\n<p><span style=\"font-family: georgia, palatino, serif; font-size: 14pt;\">Th\u00e0nh t\u00edch. Thi\u1ebft k\u1ebf. Thi c\u00f4ng gi\u00e0n kh\u00f4ng gian inox. V\u1edbi nhi\u1ec1u gi\u1ea3i th\u01b0\u1edfng chuy\u00ean ng\u00e0nh c\u1ee7a B\u1ed9 X\u00e2y D\u1ef1ng. TINTA \u0111\u00e3 v\u00e0 \u0111ang kh\u1eb3ng \u0111\u1ecbnh v\u1ecb th\u1ebf th\u01b0\u01a1ng hi\u1ec7u TINTA v\u1ec1 s\u1ea3n ph\u1ea9m <strong><a href=\"https:\/\/www.dankhonggianinox.com\" target=\"_blank\" rel=\"noopener noreferrer\">gi\u00e0n kh\u00f4ng gian<\/a><\/strong> v\u00e0 nhi\u1ec1u s\u1ea3n ph\u1ea9m inox, c\u01a1 kh\u00ed s\u1eaft th\u00e9p kh\u00e1c. S\u1ea3n ph\u1ea9m c\u1ee7a TINTA \u0111\u00e3 xu\u1ea5t kh\u1ea9u \u0111\u1ebfn nhi\u1ec1u n\u01b0\u1edbc tr\u00ean th\u1ebf gi\u1edbi. Kh\u00e1ch h\u00e0ng t\u1eeb c\u00e1c n\u01b0\u1edbc nh\u01b0 Nh\u1eadt B\u1ea3n, Ph\u00e1p, M\u1ef9, H\u00e0n Qu\u1ed1c v\u00e0 c\u00e1c n\u01b0\u1edbc ch\u00e2u \u00c2u \u0111\u00e3 \u0111\u1eb7t h\u00e0ng c\u1ee7a TINTA trong nhi\u1ec1u n\u0103m qua.<\/span><\/p>\n <span style=\"font-size: 14pt; font-family: georgia, palatino, serif;\">Th\u00e0nh t\u00edch. Thi\u1ebft k\u1ebf. Thi c\u00f4ng gi\u00e0n kh\u00f4ng gian inox.<\/span>\n<h3 style=\"text-align: center;\"><span style=\"font-size: 14pt; font-family: georgia, palatino, serif;\">C\u00e1c Huy Ch\u01b0\u01a1ng v\u1ec1\u00a0Th\u00e0nh t\u00edch. Thi\u1ebft k\u1ebf. Thi c\u00f4ng gi\u00e0n kh\u00f4ng gian inox.\u00a0<\/span><\/h3>\n<p><span style=\"font-family: georgia, palatino, serif; font-size: 14pt;\">Th\u01b0\u01a1ng hi\u1ec7u TINTA v\u1edbi s\u1ea3n ph\u1ea9m d\u00e0n kh\u00f4ng gian v\u00e0 nhi\u1ec1u s\u1ea3n ph\u1ea9m kh\u00e1c \u0111\u00e3 nh\u1eadn \u0111\u01b0\u1ee3c nhi\u1ec1u gi\u1ea3i th\u01b0\u1edfng cao qu\u00fd do c\u00e1c c\u1ea5p trung \u01b0\u01a1ng trao t\u1eb7ng v\u1ec1\u00a0Th\u00e0nh t\u00edch. Thi\u1ebft k\u1ebf. Thi c\u00f4ng gi\u00e0n kh\u00f4ng gian inox. C\u00f9ng v\u1edbi nhi\u1ec1u s\u1ea3n ph\u1ea9m inox kh\u00e1c.<\/span><\/p>\n<ul>\n<li><span style=\"font-family: georgia, palatino, serif; font-size: 14pt;\">B\u1ed9 tr\u01b0\u1edfng B\u1ed9 X\u00e2y D\u1ef1ng t\u1eb7ng C\u00fap V\u00e0ng Ch\u1ea5t L\u01b0\u1ee3ng S\u1ea3n Ph\u1ea9m.<\/span><\/li>\n<li><span style=\"font-family: georgia, palatino, serif; font-size: 14pt;\"> Th\u1ee9 tr\u01b0\u1edfng B\u1ed9 X\u00e2y D\u1ef1ng t\u1eb7ng Huy Ch\u01b0\u01a1ng V\u00e0ng Ch\u1ea5t L\u01b0\u1ee3ng S\u1ea3n Ph\u1ea9m.<\/span><\/li>\n<li><span style=\"font-family: georgia, palatino, serif; font-size: 14pt;\"> Th\u1ee9 tr\u01b0\u1edfng B\u1ed9 V\u0103n H\u00f3a Th\u1ec3 Thao V\u00e0 Du L\u1ecbch t\u1eb7ng Huy Ch\u01b0\u01a1ng V\u00e0ng Ch\u1ea5t L\u01b0\u1ee3ng D\u1ecbch V\u1ee5.<\/span><\/li>\n<li><span style=\"font-family: georgia, palatino, serif; font-size: 14pt;\"> Th\u1ee9 tr\u01b0\u1edfng B\u1ed9 C\u00f4ng Th\u01b0\u01a1ng t\u1eb7ng Huy Ch\u01b0\u01a1ng V\u00e0ng Ch\u1ea5t L\u01b0\u1ee3ng S\u1ea3n Ph\u1ea9m v\u00e0 D\u1ecbch V\u1ee5.<\/span><\/li>\n<li><span style=\"font-family: georgia, palatino, serif; font-size: 14pt;\"> Ng\u01b0\u1eddi ti\u00eau d\u00f9ng b\u00ecnh ch\u1ecdn H\u00e0ng Vi\u1ec7t Nam \u0110\u01b0\u1ee3c Y\u00eau Th\u00edch trong nhi\u1ec1u n\u0103m.\u00a0<\/span><\/li>\n<\/ul>\n<p><span style=\"font-size: 14pt; font-family: georgia, palatino, serif;\">C\u00f9ng v\u1edbi nhi\u1ec1u Th\u00e0nh t\u00edch. Thi\u1ebft k\u1ebf. <a href=\"https:\/\/dankhonggianinox.com\/\" target=\"_blank\" rel=\"noopener noreferrer\">Thi c\u00f4ng gi\u00e0n kh\u00f4ng gian inox<\/a>. Inox TINTA \u0111\u00e3 v\u00e0 \u0111ang l\u00e0 th\u01b0\u01a1ng hi\u1ec7u h\u00e0ng \u0111\u1ea7u v\u1ec1\u00a0Th\u00e0nh t\u00edch. Thi\u1ebft k\u1ebf. Thi c\u00f4ng gi\u00e0n kh\u00f4ng gian inox. T\u1ea1i Vi\u1ec7t Nam.<\/span><\/p>\n<h4><span style=\"font-size: 14pt; font-family: georgia, palatino, serif;\">Nh\u1eefng n\u1ed7 l\u1ef1c v\u1ec1\u00a0Th\u00e0nh t\u00edch. Thi\u1ebft k\u1ebf. Thi c\u00f4ng gi\u00e0n kh\u00f4ng gian inox.\u00a0<\/span><\/h4>\n<p><span style=\"font-size: 14pt; font-family: georgia, palatino, serif;\">H\u01a1n 20 n\u0103m trong ng\u00e0nh c\u01a1 kh\u00ed x\u00e2y d\u1ef1ng v\u00e0 gia c\u00f4ng c\u00e1c s\u1ea3n ph\u1ea9m c\u01a1 kh\u00ed, s\u1ea3n ph\u1ea9m inox.\u00a0Th\u00e0nh t\u00edch. Thi\u1ebft k\u1ebf. Thi c\u00f4ng gi\u00e0n kh\u00f4ng gian inox. Kh\u00f4ng nh\u1eefng v\u1ec1 s\u1ea3n ph\u1ea9m gi\u00e0n kh\u00f4ng gian. TINTA lu\u00f4n ph\u00e1t tri\u1ec3n c\u00e1c s\u1ea3n ph\u1ea9m inox cao c\u1ea5p kh\u00e1c nh\u01b0 <strong><a href=\"https:\/\/cotcoinox.net\" target=\"_blank\" rel=\"noopener noreferrer\">c\u1ed9t c\u1edd inox<\/a>.<\/strong> <a href=\"https:\/\/cotcoinox.net\" target=\"_blank\" rel=\"noopener noreferrer\"><strong>C\u1ed9t c\u1edd inox quay 360 \u0111\u1ed9<\/strong><\/a>. V\u00e0 c\u00f9ng nhi\u1ec1u s\u1ea3n ph\u1ea9m inox kh\u00e1c cung c\u1ea5p r\u1ed9ng r\u1ea3i tr\u00ean to\u00e0n qu\u1ed1c v\u00e0 xu\u1ea5t kh\u1ea9u. V\u1edbi\u00a0Th\u00e0nh t\u00edch. Thi\u1ebft k\u1ebf. Thi c\u00f4ng gi\u00e0n kh\u00f4ng gian inox. TINTA v\u1edbi ph\u01b0\u01a1ng ch\u00e2m.\u00a0<span style=\"color: #ffffff;\">Th\u00e0nh t\u00edch. Thi\u1ebft k\u1ebf. Thi c\u00f4ng gi\u00e0n kh\u00f4ng gian inox.<\/span><\/span><\/p>\n<p><span style=\"font-family: georgia, palatino, serif; font-size: 14pt; color: #ff00ff;\"><strong>C\u00f4ng Ty C\u00f4\u0309 Ph\u00e2\u0300n INOX TINTA Vi\u1ec7t Nam lu\u00f4n c\u1ed1 g\u1eafng n\u1ed7 l\u1ef1c mang \u0111\u1ebfn Qu\u00fd kh\u00e1ch h\u00e0ng nh\u1eefng s\u1ea3n ph\u1ea9m v\u00e0 d\u1ecbch v\u1ee5 ho\u00e0n h\u1ea3o nh\u1ea5t, v\u1edbi gi\u00e1 c\u1ea3 ph\u00f9 h\u1ee3p, ch\u1ea5t l\u01b0\u1ee3ng v\u00e0 th\u1eddi gian \u0111\u00fang nh\u01b0 cam k\u1ebft.<\/strong><\/span><\/p>\n<p style=\"text-align: left;\"><span style=\"font-size: 14pt; font-family: georgia, palatino, serif;\">S\u1ea3n ph\u1ea9m D\u00e0n kh\u00f4ng gian n\u00f3i ri\u00eang v\u00e0 c\u00e1c s\u1ea3n ph\u1ea9m inox n\u00f3i chung. V\u1edbi\u00a0Th\u00e0nh t\u00edch. Thi\u1ebft k\u1ebf. Thi c\u00f4ng gi\u00e0n kh\u00f4ng gian inox<strong>. <\/strong>C\u00e1c s\u1ea3n ph\u1ea9m c\u1ee7a<strong>\u00a0<\/strong>TINTA lu\u00f4n \u0111\u01b0\u1ee3c cam k\u1ebft v\u1ec1 ch\u1ea5t l\u01b0\u1ee3ng. D\u1ecbch v\u1ee5 b\u1ea3o h\u00e0nh chu \u0111\u00e1o. Ch\u1ea5t l\u01b0\u1ee3ng v\u00e0 d\u1ecbch v\u1ee5 t\u1ed1t nh\u01b0ng s\u1ea3n ph\u1ea9m v\u1eabn c\u00f3 gi\u00e1 th\u00e0nh r\u1ebb. Ph\u00f9 h\u1ee3p v\u1edbi ng\u01b0\u1eddi ti\u00eau d\u00f9ng v\u00e0 th\u1ecb tr\u01b0\u1eddng Vi\u1ec7t Nam.<\/span><\/p>\n<p><span style=\"font-size: 14pt; font-family: georgia, palatino, serif;\">D\u00e0n kh\u00f4ng gian.\u00a0Xem th\u00eam t\u1ea1i <a href=\"https:\/\/www.dankhonggianinox.com\" target=\"_blank\" rel=\"noopener noreferrer\">www.giankhonggian.vn<\/a><\/span><\/p>","protected":false},"excerpt":{"rendered":"<p>Th\u00e0nh t\u00edch. Thi\u1ebft k\u1ebf. Thi c\u00f4ng gi\u00e0n kh\u00f4ng gian inox.\u00a0 Th\u00e0nh t\u00edch. Thi\u1ebft k\u1ebf. Thi c\u00f4ng gi\u00e0n kh\u00f4ng gian inox. Trong nh\u1eefng n\u0103m qua. C\u00f4ng ty C\u1ed5 Ph\u1ea7n Inox TINTA&#8230;<\/p>\n","protected":false},"author":1,"featured_media":527,"parent":0,"menu_order":0,"comment_status":"closed","ping_status":"closed","template":"","meta":{"footnotes":""},"class_list":["post-9","page","type-page","status-publish","has-post-thumbnail","hentry"],"yoast_head":"<!-- This site is optimized with the Yoast SEO plugin v24.9 - https:\/\/yoast.com\/wordpress\/plugins\/seo\/ -->\n<title>Th\u00e0nh t\u00edch. Thi\u1ebft k\u1ebf. Thi c\u00f4ng gi\u00e0n kh\u00f4ng gian inox.<\/title>\n<meta name=\"description\" content=\"Th\u00e0nh t\u00edch. Thi\u1ebft k\u1ebf. Thi c\u00f4ng gi\u00e0n kh\u00f4ng gian inox. C\u00f4ng ty C\u1ed5 Ph\u1ea7n Inox TINTA Vi\u1ec7t Nam. Kh\u00f4ng nh\u1eefng thi\u1ebft k\u1ebf thi c\u00f4ng nhi\u1ec1u c\u00f4ng tr\u00ecnh l\u1edbn, v\u1edbi t\u1ea7m v\u00f3c qu\u1ed1c gia. C\u00e1c s\u1ea3n ph\u1ea9m gi\u00e0n kh\u00f4ng gian c\u1ee7a TINTA \u0111\u00e3 \u0111\u01b0\u1ee3c B\u1ed9 X\u00e2y D\u1ef1ng t\u1eb7ng th\u01b0\u1edfng nhi\u1ec1u Huy Ch\u01b0\u01a1ng V\u00e0ng Ch\u1ea5t L\u01b0\u1ee3ng S\u1ea3n Ph\u1ea9m trong h\u01a1n 5 n\u0103m li\u1ec1n.\" \/>\n<meta name=\"robots\" content=\"index, follow, max-snippet:-1, max-image-preview:large, max-video-preview:-1\" \/>\n<link rel=\"canonical\" href=\"https:\/\/dankhonggianinox.com\/vi\/thanh-tich\/\" \/>\n<meta property=\"og:locale\" content=\"vi_VN\" \/>\n<meta property=\"og:type\" content=\"article\" \/>\n<meta property=\"og:title\" content=\"Th\u00e0nh t\u00edch. Thi\u1ebft k\u1ebf. Thi c\u00f4ng gi\u00e0n kh\u00f4ng gian inox.\" \/>\n<meta property=\"og:description\" content=\"Th\u00e0nh t\u00edch. Thi\u1ebft k\u1ebf. Thi c\u00f4ng gi\u00e0n kh\u00f4ng gian inox. C\u00f4ng ty C\u1ed5 Ph\u1ea7n Inox TINTA Vi\u1ec7t Nam. Kh\u00f4ng nh\u1eefng thi\u1ebft k\u1ebf thi c\u00f4ng nhi\u1ec1u c\u00f4ng tr\u00ecnh l\u1edbn, v\u1edbi t\u1ea7m v\u00f3c qu\u1ed1c gia. C\u00e1c s\u1ea3n ph\u1ea9m gi\u00e0n kh\u00f4ng gian c\u1ee7a TINTA \u0111\u00e3 \u0111\u01b0\u1ee3c B\u1ed9 X\u00e2y D\u1ef1ng t\u1eb7ng th\u01b0\u1edfng nhi\u1ec1u Huy Ch\u01b0\u01a1ng V\u00e0ng Ch\u1ea5t L\u01b0\u1ee3ng S\u1ea3n Ph\u1ea9m trong h\u01a1n 5 n\u0103m li\u1ec1n.\" \/>\n<meta property=\"og:url\" content=\"https:\/\/dankhonggianinox.com\/vi\/thanh-tich\/\" \/>\n<meta property=\"og:site_name\" content=\"Gi\u00e0n kh\u00f4ng gian C\u00d4NG TY C\u1ed4 PH\u1ea8N TINTA VI\u1ec6T NAM. Thi c\u00f4ng gi\u00e0n kh\u00f4ng gian inox s\u1eaft th\u00e9p. M\u00e1i k\u00ednh c\u01b0\u1eddng l\u1ef1c.\" \/>\n<meta property=\"article:publisher\" content=\"https:\/\/www.facebook.com\/GianKhongGianInoxTinTa\/\" \/>\n<meta property=\"article:modified_time\" content=\"2019-12-14T07:43:05+00:00\" \/>\n<meta property=\"og:image\" content=\"https:\/\/dankhonggianinox.com\/wp-content\/uploads\/2017\/11\/icon6-1.png\" \/>\n\t<meta property=\"og:image:width\" content=\"67\" \/>\n\t<meta property=\"og:image:height\" content=\"67\" \/>\n\t<meta property=\"og:image:type\" content=\"image\/png\" \/>\n<meta name=\"twitter:card\" content=\"summary_large_image\" \/>\n<meta name=\"twitter:label1\" content=\"\u01af\u1edbc t\u00ednh th\u1eddi gian \u0111\u1ecdc\" \/>\n\t<meta name=\"twitter:data1\" content=\"6 ph\u00fat\" \/>\n<script type=\"application\/ld+json\" class=\"yoast-schema-graph\">{\"@context\":\"https:\/\/schema.org\",\"@graph\":[{\"@type\":\"WebPage\",\"@id\":\"https:\/\/dankhonggianinox.com\/vi\/thanh-tich\/\",\"url\":\"https:\/\/dankhonggianinox.com\/vi\/thanh-tich\/\",\"name\":\"Th\u00e0nh t\u00edch. Thi\u1ebft k\u1ebf. Thi c\u00f4ng gi\u00e0n kh\u00f4ng gian inox.\",\"isPartOf\":{\"@id\":\"https:\/\/dankhonggianinox.com\/vi\/#website\"},\"primaryImageOfPage\":{\"@id\":\"https:\/\/dankhonggianinox.com\/vi\/thanh-tich\/#primaryimage\"},\"image\":{\"@id\":\"https:\/\/dankhonggianinox.com\/vi\/thanh-tich\/#primaryimage\"},\"thumbnailUrl\":\"https:\/\/dankhonggianinox.com\/wp-content\/uploads\/2017\/11\/icon6-1.png\",\"datePublished\":\"2018-05-18T04:40:39+00:00\",\"dateModified\":\"2019-12-14T07:43:05+00:00\",\"description\":\"Th\u00e0nh t\u00edch. Thi\u1ebft k\u1ebf. Thi c\u00f4ng gi\u00e0n kh\u00f4ng gian inox. C\u00f4ng ty C\u1ed5 Ph\u1ea7n Inox TINTA Vi\u1ec7t Nam. Kh\u00f4ng nh\u1eefng thi\u1ebft k\u1ebf thi c\u00f4ng nhi\u1ec1u c\u00f4ng tr\u00ecnh l\u1edbn, v\u1edbi t\u1ea7m v\u00f3c qu\u1ed1c gia. C\u00e1c s\u1ea3n ph\u1ea9m gi\u00e0n kh\u00f4ng gian c\u1ee7a TINTA \u0111\u00e3 \u0111\u01b0\u1ee3c B\u1ed9 X\u00e2y D\u1ef1ng t\u1eb7ng th\u01b0\u1edfng nhi\u1ec1u Huy Ch\u01b0\u01a1ng V\u00e0ng Ch\u1ea5t L\u01b0\u1ee3ng S\u1ea3n Ph\u1ea9m trong h\u01a1n 5 n\u0103m li\u1ec1n.\",\"breadcrumb\":{\"@id\":\"https:\/\/dankhonggianinox.com\/vi\/thanh-tich\/#breadcrumb\"},\"inLanguage\":\"vi\",\"potentialAction\":[{\"@type\":\"ReadAction\",\"target\":[\"https:\/\/dankhonggianinox.com\/vi\/thanh-tich\/\"]}]},{\"@type\":\"ImageObject\",\"inLanguage\":\"vi\",\"@id\":\"https:\/\/dankhonggianinox.com\/vi\/thanh-tich\/#primaryimage\",\"url\":\"https:\/\/dankhonggianinox.com\/wp-content\/uploads\/2017\/11\/icon6-1.png\",\"contentUrl\":\"https:\/\/dankhonggianinox.com\/wp-content\/uploads\/2017\/11\/icon6-1.png\",\"width\":67,\"height\":67},{\"@type\":\"BreadcrumbList\",\"@id\":\"https:\/\/dankhonggianinox.com\/vi\/thanh-tich\/#breadcrumb\",\"itemListElement\":[{\"@type\":\"ListItem\",\"position\":1,\"name\":\"Home\",\"item\":\"https:\/\/dankhonggianinox.com\/vi\/\"},{\"@type\":\"ListItem\",\"position\":2,\"name\":\"Th\u00e0nh t\u00edch\"}]},{\"@type\":\"WebSite\",\"@id\":\"https:\/\/dankhonggianinox.com\/vi\/#website\",\"url\":\"https:\/\/dankhonggianinox.com\/vi\/\",\"name\":\"Gi\u00e0n kh\u00f4ng gian inox 304. C\u00f4ng Ty C\u1ed5 Ph\u1ea7n TinTa Vi\u1ec7t Nam. Thi c\u00f4ng d\u00e0n khong dan s\u1eaft th\u00e9p\",\"description\":\"Gi\u00e0n kh\u00f4ng gian inox 304. D\u00e0n m\u00e1i \u0111\u00f3n k\u00ednh c\u01b0\u1eddng l\u1ef1c. C\u00f4ng Ty C\u1ed5 Ph\u1ea7n TINTA Vi\u1ec7t Nam. Thi\u1ebft k\u1ebf b\u1ea3n v\u1ebd file cad s\u1ea3n xu\u1ea5t l\u1eafp \u0111\u1eb7t. Thi c\u00f4ng d\u00e0n kh\u00f4ng gian th\u00e9p c\u00e1c lo\u1ea1i. Ph\u1ee5c v\u1ee5 c\u00e1c c\u00f4ng tr\u00ecnh \u0111\u1eb3ng c\u1ea5p cao t\u1ea1i Vi\u1ec7t Nam\",\"potentialAction\":[{\"@type\":\"SearchAction\",\"target\":{\"@type\":\"EntryPoint\",\"urlTemplate\":\"https:\/\/dankhonggianinox.com\/vi\/?s={search_term_string}\"},\"query-input\":{\"@type\":\"PropertyValueSpecification\",\"valueRequired\":true,\"valueName\":\"search_term_string\"}}],\"inLanguage\":\"vi\"}]}<\/script>\n<!-- \/ Yoast SEO plugin. -->","yoast_head_json":{"title":"Th\u00e0nh t\u00edch. Thi\u1ebft k\u1ebf. Thi c\u00f4ng gi\u00e0n kh\u00f4ng gian inox.","description":"Th\u00e0nh t\u00edch. Thi\u1ebft k\u1ebf. Thi c\u00f4ng gi\u00e0n kh\u00f4ng gian inox. C\u00f4ng ty C\u1ed5 Ph\u1ea7n Inox TINTA Vi\u1ec7t Nam. Kh\u00f4ng nh\u1eefng thi\u1ebft k\u1ebf thi c\u00f4ng nhi\u1ec1u c\u00f4ng tr\u00ecnh l\u1edbn, v\u1edbi t\u1ea7m v\u00f3c qu\u1ed1c gia. C\u00e1c s\u1ea3n ph\u1ea9m gi\u00e0n kh\u00f4ng gian c\u1ee7a TINTA \u0111\u00e3 \u0111\u01b0\u1ee3c B\u1ed9 X\u00e2y D\u1ef1ng t\u1eb7ng th\u01b0\u1edfng nhi\u1ec1u Huy Ch\u01b0\u01a1ng V\u00e0ng Ch\u1ea5t L\u01b0\u1ee3ng S\u1ea3n Ph\u1ea9m trong h\u01a1n 5 n\u0103m li\u1ec1n.","robots":{"index":"index","follow":"follow","max-snippet":"max-snippet:-1","max-image-preview":"max-image-preview:large","max-video-preview":"max-video-preview:-1"},"canonical":"https:\/\/dankhonggianinox.com\/vi\/thanh-tich\/","og_locale":"vi_VN","og_type":"article","og_title":"Th\u00e0nh t\u00edch. Thi\u1ebft k\u1ebf. Thi c\u00f4ng gi\u00e0n kh\u00f4ng gian inox.","og_description":"Th\u00e0nh t\u00edch. Thi\u1ebft k\u1ebf. Thi c\u00f4ng gi\u00e0n kh\u00f4ng gian inox. C\u00f4ng ty C\u1ed5 Ph\u1ea7n Inox TINTA Vi\u1ec7t Nam. Kh\u00f4ng nh\u1eefng thi\u1ebft k\u1ebf thi c\u00f4ng nhi\u1ec1u c\u00f4ng tr\u00ecnh l\u1edbn, v\u1edbi t\u1ea7m v\u00f3c qu\u1ed1c gia. C\u00e1c s\u1ea3n ph\u1ea9m gi\u00e0n kh\u00f4ng gian c\u1ee7a TINTA \u0111\u00e3 \u0111\u01b0\u1ee3c B\u1ed9 X\u00e2y D\u1ef1ng t\u1eb7ng th\u01b0\u1edfng nhi\u1ec1u Huy Ch\u01b0\u01a1ng V\u00e0ng Ch\u1ea5t L\u01b0\u1ee3ng S\u1ea3n Ph\u1ea9m trong h\u01a1n 5 n\u0103m li\u1ec1n.","og_url":"https:\/\/dankhonggianinox.com\/vi\/thanh-tich\/","og_site_name":"Gi\u00e0n kh\u00f4ng gian C\u00d4NG TY C\u1ed4 PH\u1ea8N TINTA VI\u1ec6T NAM. Thi c\u00f4ng gi\u00e0n kh\u00f4ng gian inox s\u1eaft th\u00e9p. M\u00e1i k\u00ednh c\u01b0\u1eddng l\u1ef1c.","article_publisher":"https:\/\/www.facebook.com\/GianKhongGianInoxTinTa\/","article_modified_time":"2019-12-14T07:43:05+00:00","og_image":[{"width":67,"height":67,"url":"https:\/\/dankhonggianinox.com\/wp-content\/uploads\/2017\/11\/icon6-1.png","type":"image\/png"}],"twitter_card":"summary_large_image","twitter_misc":{"\u01af\u1edbc t\u00ednh th\u1eddi gian \u0111\u1ecdc":"6 ph\u00fat"},"schema":{"@context":"https:\/\/schema.org","@graph":[{"@type":"WebPage","@id":"https:\/\/dankhonggianinox.com\/vi\/thanh-tich\/","url":"https:\/\/dankhonggianinox.com\/vi\/thanh-tich\/","name":"Th\u00e0nh t\u00edch. Thi\u1ebft k\u1ebf. Thi c\u00f4ng gi\u00e0n kh\u00f4ng gian inox.","isPartOf":{"@id":"https:\/\/dankhonggianinox.com\/vi\/#website"},"primaryImageOfPage":{"@id":"https:\/\/dankhonggianinox.com\/vi\/thanh-tich\/#primaryimage"},"image":{"@id":"https:\/\/dankhonggianinox.com\/vi\/thanh-tich\/#primaryimage"},"thumbnailUrl":"https:\/\/dankhonggianinox.com\/wp-content\/uploads\/2017\/11\/icon6-1.png","datePublished":"2018-05-18T04:40:39+00:00","dateModified":"2019-12-14T07:43:05+00:00","description":"Th\u00e0nh t\u00edch. Thi\u1ebft k\u1ebf. Thi c\u00f4ng gi\u00e0n kh\u00f4ng gian inox. C\u00f4ng ty C\u1ed5 Ph\u1ea7n Inox TINTA Vi\u1ec7t Nam. Kh\u00f4ng nh\u1eefng thi\u1ebft k\u1ebf thi c\u00f4ng nhi\u1ec1u c\u00f4ng tr\u00ecnh l\u1edbn, v\u1edbi t\u1ea7m v\u00f3c qu\u1ed1c gia. C\u00e1c s\u1ea3n ph\u1ea9m gi\u00e0n kh\u00f4ng gian c\u1ee7a TINTA \u0111\u00e3 \u0111\u01b0\u1ee3c B\u1ed9 X\u00e2y D\u1ef1ng t\u1eb7ng th\u01b0\u1edfng nhi\u1ec1u Huy Ch\u01b0\u01a1ng V\u00e0ng Ch\u1ea5t L\u01b0\u1ee3ng S\u1ea3n Ph\u1ea9m trong h\u01a1n 5 n\u0103m li\u1ec1n.","breadcrumb":{"@id":"https:\/\/dankhonggianinox.com\/vi\/thanh-tich\/#breadcrumb"},"inLanguage":"vi","potentialAction":[{"@type":"ReadAction","target":["https:\/\/dankhonggianinox.com\/vi\/thanh-tich\/"]}]},{"@type":"ImageObject","inLanguage":"vi","@id":"https:\/\/dankhonggianinox.com\/vi\/thanh-tich\/#primaryimage","url":"https:\/\/dankhonggianinox.com\/wp-content\/uploads\/2017\/11\/icon6-1.png","contentUrl":"https:\/\/dankhonggianinox.com\/wp-content\/uploads\/2017\/11\/icon6-1.png","width":67,"height":67},{"@type":"BreadcrumbList","@id":"https:\/\/dankhonggianinox.com\/vi\/thanh-tich\/#breadcrumb","itemListElement":[{"@type":"ListItem","position":1,"name":"Home","item":"https:\/\/dankhonggianinox.com\/vi\/"},{"@type":"ListItem","position":2,"name":"Th\u00e0nh t\u00edch"}]},{"@type":"WebSite","@id":"https:\/\/dankhonggianinox.com\/vi\/#website","url":"https:\/\/dankhonggianinox.com\/vi\/","name":"Gi\u00e0n kh\u00f4ng gian inox 304. C\u00f4ng Ty C\u1ed5 Ph\u1ea7n TinTa Vi\u1ec7t Nam. Thi c\u00f4ng d\u00e0n khong dan s\u1eaft th\u00e9p","description":"Gi\u00e0n kh\u00f4ng gian inox 304. D\u00e0n m\u00e1i \u0111\u00f3n k\u00ednh c\u01b0\u1eddng l\u1ef1c. C\u00f4ng Ty C\u1ed5 Ph\u1ea7n TINTA Vi\u1ec7t Nam. Thi\u1ebft k\u1ebf b\u1ea3n v\u1ebd file cad s\u1ea3n xu\u1ea5t l\u1eafp \u0111\u1eb7t. Thi c\u00f4ng d\u00e0n kh\u00f4ng gian th\u00e9p c\u00e1c lo\u1ea1i. Ph\u1ee5c v\u1ee5 c\u00e1c c\u00f4ng tr\u00ecnh \u0111\u1eb3ng c\u1ea5p cao t\u1ea1i Vi\u1ec7t Nam","potentialAction":[{"@type":"SearchAction","target":{"@type":"EntryPoint","urlTemplate":"https:\/\/dankhonggianinox.com\/vi\/?s={search_term_string}"},"query-input":{"@type":"PropertyValueSpecification","valueRequired":true,"valueName":"search_term_string"}}],"inLanguage":"vi"}]}},"_links":{"self":[{"href":"https:\/\/dankhonggianinox.com\/vi\/wp-json\/wp\/v2\/pages\/9","targetHints":{"allow":["GET"]}}],"collection":[{"href":"https:\/\/dankhonggianinox.com\/vi\/wp-json\/wp\/v2\/pages"}],"about":[{"href":"https:\/\/dankhonggianinox.com\/vi\/wp-json\/wp\/v2\/types\/page"}],"author":[{"embeddable":true,"href":"https:\/\/dankhonggianinox.com\/vi\/wp-json\/wp\/v2\/users\/1"}],"replies":[{"embeddable":true,"href":"https:\/\/dankhonggianinox.com\/vi\/wp-json\/wp\/v2\/comments?post=9"}],"version-history":[{"count":33,"href":"https:\/\/dankhonggianinox.com\/vi\/wp-json\/wp\/v2\/pages\/9\/revisions"}],"predecessor-version":[{"id":2575,"href":"https:\/\/dankhonggianinox.com\/vi\/wp-json\/wp\/v2\/pages\/9\/revisions\/2575"}],"wp:featuredmedia":[{"embeddable":true,"href":"https:\/\/dankhonggianinox.com\/vi\/wp-json\/wp\/v2\/media\/527"}],"wp:attachment":[{"href":"https:\/\/dankhonggianinox.com\/vi\/wp-json\/wp\/v2\/media?parent=9"}],"curies":[{"name":"wp","href":"https:\/\/api.w.org\/{rel}","templated":true}]}}